{"id":762,"date":"2022-01-18T09:08:52","date_gmt":"2022-01-18T08:08:52","guid":{"rendered":"https:\/\/www.ap-dermaestetik.com\/?post_type=product&#038;p=762"},"modified":"2023-11-23T22:23:31","modified_gmt":"2023-11-23T21:23:31","slug":"recovery-serum-plus","status":"publish","type":"product","link":"https:\/\/www.ap-dermaestetik.com\/?product=recovery-serum-plus","title":{"rendered":"RECOVERY SERUM PLUS"},"content":{"rendered":"<p><strong>LASTNOSTI<br \/>\n<\/strong><\/p>\n<p class=\"p1\">Recovery serum PLUS je kozmeti\u010dna prva pomo\u010d. \u0160\u010diti, obnavlja in prepre\u010duje pojav ob\u010dutljive in razdra\u017eene ko\u017ee. Mo\u010dni antioksidanti in rastlinski kompleksi delujejo protivnetno, protidra\u017eilno, pomirjujo\u010de, protisrbe\u010dici, antiseboroi\u010dno, krepijo stene kapilar in prepre\u010dujejo<br \/>\nprepustnost kapilar. Visoka koncentracija omega esencialnih ma\u0161\u010dobnih kislin u\u010dinkovito stabilzira epidermalno bariero in zni\u017euje TEWL (transepidermalna izguba vlage). Edinstven serum takoj pomiri ob\u010dutljivo, hiperreaktivno ko\u017eo in zmanj\u0161a pordelost ko\u017ee. Redna uporaba<br \/>\nu\u010dinkovito \u0161\u010diti pred UV po\u0161kodbami, fotostaranjem ter vnetno spro\u017eenim staranjem. Spodbuja sintezo kolagena, ohranja zdrav in mladosten videz. U\u010dinkovito pospe\u0161uje obnovo po invazivnih in intenzivnih tretmajih.<\/p>\n<p><strong>UPORABA<br \/>\n<\/strong><\/p>\n<p class=\"p1\">Recovery serum plus nanesite v zadostni koli\u010dini na o\u010di\u0161\u010deno ko\u017eo in pustite, da se popolnoma vpije v ko\u017eo. Priporo\u010dena je vsakodnevna uporaba.<\/p>\n<p><strong>SESTAVINE<br \/>\n<\/strong><\/p>\n<p class=\"p1\">Aqua, Cyclopentasiloxane, Dimethicone, D-alpha Tocopherol, Cetearyl Alcohol, Stearic Acid, Argania Spinosa Kernel Oil, Glycerin, Panthenol, Allantoin, Glyceryl Stearate, Sorbitan Caprylate, Propanediol, Benzoic Acid, Cetearyl Sulfate, Bisabolol, Octyldodecanol, Echium<br \/>\nPlantagineum Seed Oil, Helianthus Annuus (Sunflower) Seed Oil Unsaponifiables, Cardiospermum Halicacabum Flower\/Leaf\/Vine Extract, Zinc Gluconate, Sodium Hyaluronate, Ubiquinone, Palmitoyl Tripeptide-5<\/p>\n","protected":false},"excerpt":{"rendered":"<p>Recovery serum PLUS je kozmeti\u010dna prva pomo\u010d. \u0160\u010diti, obnavlja in prepre\u010duje pojav ob\u010dutljive in razdra\u017eene ko\u017ee. Mo\u010dni antioksidanti in rastlinski kompleksi delujejo protivnetno, protidra\u017eilno, pomirjujo\u010de, protisrbe\u010dici, antiseboroi\u010dno, krepijo stene kapilar in prepre\u010dujejo prepustnost kapilar. Dermatolo\u0161ko testirano.<\/p>\n","protected":false},"featured_media":3384,"comment_status":"open","ping_status":"closed","template":"","meta":{"site-sidebar-layout":"default","site-content-layout":"default","ast-site-content-layout":"default","site-content-style":"default","site-sidebar-style":"default","ast-global-header-display":"","ast-banner-title-visibility":"","ast-main-header-display":"","ast-hfb-above-header-display":"","ast-hfb-below-header-display":"","ast-hfb-mobile-header-display":"","site-post-title":"","ast-breadcrumbs-content":"","ast-featured-img":"","footer-sml-layout":"","theme-transparent-header-meta":"default","adv-header-id-meta":"","stick-header-meta":"","header-above-stick-meta":"","header-main-stick-meta":"","header-below-stick-meta":"","astra-migrate-meta-layouts":"set","ast-page-background-enabled":"default","ast-page-background-meta":{"desktop":{"background-color":"var(--ast-global-color-4)","background-image":"","background-repeat":"repeat","background-position":"center center","background-size":"auto","background-attachment":"scroll","background-type":"","background-media":"","overlay-type":"","overlay-color":"","overlay-opacity":"","overlay-gradient":""},"tablet":{"background-color":"","background-image":"","background-repeat":"repeat","background-position":"center center","background-size":"auto","background-attachment":"scroll","background-type":"","background-media":"","overlay-type":"","overlay-color":"","overlay-opacity":"","overlay-gradient":""},"mobile":{"background-color":"","background-image":"","background-repeat":"repeat","background-position":"center center","background-size":"auto","background-attachment":"scroll","background-type":"","background-media":"","overlay-type":"","overlay-color":"","overlay-opacity":"","overlay-gradient":""}},"ast-content-background-meta":{"desktop":{"background-color":"var(--ast-global-color-5)","background-image":"","background-repeat":"repeat","background-position":"center center","background-size":"auto","background-attachment":"scroll","background-type":"","background-media":"","overlay-type":"","overlay-color":"","overlay-opacity":"","overlay-gradient":""},"tablet":{"background-color":"var(--ast-global-color-5)","background-image":"","background-repeat":"repeat","background-position":"center center","background-size":"auto","background-attachment":"scroll","background-type":"","background-media":"","overlay-type":"","overlay-color":"","overlay-opacity":"","overlay-gradient":""},"mobile":{"background-color":"var(--ast-global-color-5)","background-image":"","background-repeat":"repeat","background-position":"center center","background-size":"auto","background-attachment":"scroll","background-type":"","background-media":"","overlay-type":"","overlay-color":"","overlay-opacity":"","overlay-gradient":""}}},"product_brand":[],"product_cat":[16],"product_tag":[],"class_list":{"0":"post-762","1":"product","2":"type-product","3":"status-publish","4":"has-post-thumbnail","6":"product_cat-uncategorized","7":"desktop-align-left","8":"tablet-align-left","9":"mobile-align-left","11":"first","12":"instock","13":"featured","14":"taxable","15":"shipping-taxable","16":"purchasable","17":"product-type-simple"},"jetpack_sharing_enabled":true,"_links":{"self":[{"href":"https:\/\/www.ap-dermaestetik.com\/index.php?rest_route=\/wp\/v2\/product\/762","targetHints":{"allow":["GET"]}}],"collection":[{"href":"https:\/\/www.ap-dermaestetik.com\/index.php?rest_route=\/wp\/v2\/product"}],"about":[{"href":"https:\/\/www.ap-dermaestetik.com\/index.php?rest_route=\/wp\/v2\/types\/product"}],"replies":[{"embeddable":true,"href":"https:\/\/www.ap-dermaestetik.com\/index.php?rest_route=%2Fwp%2Fv2%2Fcomments&post=762"}],"wp:featuredmedia":[{"embeddable":true,"href":"https:\/\/www.ap-dermaestetik.com\/index.php?rest_route=\/wp\/v2\/media\/3384"}],"wp:attachment":[{"href":"https:\/\/www.ap-dermaestetik.com\/index.php?rest_route=%2Fwp%2Fv2%2Fmedia&parent=762"}],"wp:term":[{"taxonomy":"product_brand","embeddable":true,"href":"https:\/\/www.ap-dermaestetik.com\/index.php?rest_route=%2Fwp%2Fv2%2Fproduct_brand&post=762"},{"taxonomy":"product_cat","embeddable":true,"href":"https:\/\/www.ap-dermaestetik.com\/index.php?rest_route=%2Fwp%2Fv2%2Fproduct_cat&post=762"},{"taxonomy":"product_tag","embeddable":true,"href":"https:\/\/www.ap-dermaestetik.com\/index.php?rest_route=%2Fwp%2Fv2%2Fproduct_tag&post=762"}],"curies":[{"name":"wp","href":"https:\/\/api.w.org\/{rel}","templated":true}]}}