{"id":725,"date":"2022-01-17T09:56:35","date_gmt":"2022-01-17T09:56:35","guid":{"rendered":"https:\/\/www.ap-dermaestetik.com\/?post_type=product&#038;p=725"},"modified":"2022-04-11T19:19:55","modified_gmt":"2022-04-11T19:19:55","slug":"hya-4-capimed","status":"publish","type":"product","link":"https:\/\/www.ap-dermaestetik.com\/?product=hya-4-capimed","title":{"rendered":"HYA 4 CAPIMED"},"content":{"rendered":"<p><strong>LASTNOSTI<br \/>\n<\/strong><\/p>\n<p class=\"p1\">HYA 4 CAPIMED je visoko u\u010dinkovit hialuronski gel za krepitev krhkih kapilar. Vsebuje 5 aktivnih sestavin, ki v kombinaciji s \u0161tiriveri\u017eno hialuronsko formulo u\u010dinkovito tar\u010dno delujejo na problemati\u010dni predel v dermisu in hkrati na vzroke za pordelost ko\u017ee.<br \/>\nHYA 4 CAPIMED se uporablja za zmanj\u0161evanje videza raz\u0161irjenih kapilar, krepitev krhkih sten kapilar in zmanj\u0161evanje rde\u010dice.<\/p>\n<p><strong>UPORABA<br \/>\n<\/strong><\/p>\n<p class=\"p1\">HYA 4 CAPIMED nanesite dvakrat dnevno (zjutraj in zve\u010der) na \u010disto in suho ko\u017eo. \u010ceprav gel vsebuje sestavine, ki vplivajo na zmanj\u0161anje radikalov, priporo\u010damo, da ko\u017eo po nanosu gela za\u0161\u010ditite s primerno kremo LIA C 6\u00ae, saj je taka ko\u017ea zelo ob\u010dutljiva, radikali, ki nastajajo zaradi UVA \u017earkov, pa jo \u0161e dodatno obremenjujejo.<br \/>\nZa vidne rezultate uporabljajte najmanj 8 tednov.<\/p>\n<p><strong>SESTAVINE<br \/>\n<\/strong><\/p>\n<p class=\"p1\">AQUA, GLYCERIN, SODIUM HYALURONATE, PENTYLENE GLYCOL, PROPANEDIOL, TROXERUTIN, 4-T-BUTYLCYCLOHEXANOL, 1,2-HEXANEDIOL, TAMBOURISSA TRICHOPHYLLA LEAF EXTRACT, CENTELLA ASIATICA LEAF EXTRACT, CAPRYLHYDROXAMIC ACID, XANTHAN GUM<\/p>\n","protected":false},"excerpt":{"rendered":"<p class=\"p1\">HYA 4 CAPIMED je visoko u\u010dinkovit hialuronski gel, ki se uporablja za zmanj\u0161evanje videza raz\u0161irjenih kapilar, krepitev krhkih sten kapilar in zmanj\u0161evanje rde\u010dice.<\/p>\n","protected":false},"featured_media":729,"comment_status":"closed","ping_status":"closed","template":"","meta":{"site-sidebar-layout":"default","site-content-layout":"default","ast-site-content-layout":"default","site-content-style":"default","site-sidebar-style":"default","ast-global-header-display":"","ast-banner-title-visibility":"","ast-main-header-display":"","ast-hfb-above-header-display":"","ast-hfb-below-header-display":"","ast-hfb-mobile-header-display":"","site-post-title":"","ast-breadcrumbs-content":"","ast-featured-img":"","footer-sml-layout":"","theme-transparent-header-meta":"default","adv-header-id-meta":"","stick-header-meta":"","header-above-stick-meta":"","header-main-stick-meta":"","header-below-stick-meta":"","astra-migrate-meta-layouts":"default","ast-page-background-enabled":"default","ast-page-background-meta":{"desktop":{"background-color":"var(--ast-global-color-4)","background-image":"","background-repeat":"repeat","background-position":"center center","background-size":"auto","background-attachment":"scroll","background-type":"","background-media":"","overlay-type":"","overlay-color":"","overlay-opacity":"","overlay-gradient":""},"tablet":{"background-color":"","background-image":"","background-repeat":"repeat","background-position":"center center","background-size":"auto","background-attachment":"scroll","background-type":"","background-media":"","overlay-type":"","overlay-color":"","overlay-opacity":"","overlay-gradient":""},"mobile":{"background-color":"","background-image":"","background-repeat":"repeat","background-position":"center center","background-size":"auto","background-attachment":"scroll","background-type":"","background-media":"","overlay-type":"","overlay-color":"","overlay-opacity":"","overlay-gradient":""}},"ast-content-background-meta":{"desktop":{"background-color":"var(--ast-global-color-5)","background-image":"","background-repeat":"repeat","background-position":"center center","background-size":"auto","background-attachment":"scroll","background-type":"","background-media":"","overlay-type":"","overlay-color":"","overlay-opacity":"","overlay-gradient":""},"tablet":{"background-color":"var(--ast-global-color-5)","background-image":"","background-repeat":"repeat","background-position":"center center","background-size":"auto","background-attachment":"scroll","background-type":"","background-media":"","overlay-type":"","overlay-color":"","overlay-opacity":"","overlay-gradient":""},"mobile":{"background-color":"var(--ast-global-color-5)","background-image":"","background-repeat":"repeat","background-position":"center center","background-size":"auto","background-attachment":"scroll","background-type":"","background-media":"","overlay-type":"","overlay-color":"","overlay-opacity":"","overlay-gradient":""}}},"product_brand":[],"product_cat":[16],"product_tag":[],"class_list":{"0":"post-725","1":"product","2":"type-product","3":"status-publish","4":"has-post-thumbnail","6":"product_cat-uncategorized","7":"pa_pakiranje-15ml","8":"pa_pakiranje-30ml","9":"desktop-align-left","10":"tablet-align-left","11":"mobile-align-left","13":"first","14":"instock","15":"taxable","16":"shipping-taxable","17":"purchasable","18":"product-type-variable"},"jetpack_sharing_enabled":true,"_links":{"self":[{"href":"https:\/\/www.ap-dermaestetik.com\/index.php?rest_route=\/wp\/v2\/product\/725","targetHints":{"allow":["GET"]}}],"collection":[{"href":"https:\/\/www.ap-dermaestetik.com\/index.php?rest_route=\/wp\/v2\/product"}],"about":[{"href":"https:\/\/www.ap-dermaestetik.com\/index.php?rest_route=\/wp\/v2\/types\/product"}],"replies":[{"embeddable":true,"href":"https:\/\/www.ap-dermaestetik.com\/index.php?rest_route=%2Fwp%2Fv2%2Fcomments&post=725"}],"wp:featuredmedia":[{"embeddable":true,"href":"https:\/\/www.ap-dermaestetik.com\/index.php?rest_route=\/wp\/v2\/media\/729"}],"wp:attachment":[{"href":"https:\/\/www.ap-dermaestetik.com\/index.php?rest_route=%2Fwp%2Fv2%2Fmedia&parent=725"}],"wp:term":[{"taxonomy":"product_brand","embeddable":true,"href":"https:\/\/www.ap-dermaestetik.com\/index.php?rest_route=%2Fwp%2Fv2%2Fproduct_brand&post=725"},{"taxonomy":"product_cat","embeddable":true,"href":"https:\/\/www.ap-dermaestetik.com\/index.php?rest_route=%2Fwp%2Fv2%2Fproduct_cat&post=725"},{"taxonomy":"product_tag","embeddable":true,"href":"https:\/\/www.ap-dermaestetik.com\/index.php?rest_route=%2Fwp%2Fv2%2Fproduct_tag&post=725"}],"curies":[{"name":"wp","href":"https:\/\/api.w.org\/{rel}","templated":true}]}}