{"id":716,"date":"2022-01-17T09:17:41","date_gmt":"2022-01-17T09:17:41","guid":{"rendered":"https:\/\/www.ap-dermaestetik.com\/?post_type=product&#038;p=716"},"modified":"2022-09-25T23:12:54","modified_gmt":"2022-09-25T21:12:54","slug":"hya-4-hyaderm-n","status":"publish","type":"product","link":"https:\/\/www.ap-dermaestetik.com\/?product=hya-4-hyaderm-n","title":{"rendered":"HYA 4 HYADERM N"},"content":{"rendered":"<p><strong>LASTNOSTI<br \/>\n<\/strong><\/p>\n<p class=\"p1\">HYA 4 HYADERM N je izjemno u\u010dinkovit pomirjevalni gel. Namenjen je bla\u017eenju reakcije po manj\u0161ih (bole\u010dih) po\u0161kodbah ko\u017ee (odrgnine, piki insektov, opekline), vnetjih oziroma dra\u017eenjih (rde\u010dica, peko\u010da bole\u010dina, srbe\u010dica) ter zmanj\u0161evanju simptomov kroni\u010dnega vnetja ko\u017ee (atopijski dermatitis, nevrodermatitis). HYADERM N u\u010dinkovito laj\u0161a ob\u010dutek dra\u017eenja ob najbolj neprijetnih ko\u017enih reakcijah, obenem pa (v kombinaciji s pomirjevalno kremo LIA C 6\u00ae SOOTHING CREAM) pospe\u0161uje obnovo ko\u017ee. Osnovno \u0161tirihialuronsko formulo dopolnjuje 8 skrbno izbranih aktivnih u\u010dinkovin, ki vsaka po svoje pripomorejo k pomiritvi in obnovi razdra\u017eene oziroma kroni\u010dno suhe in srbe\u010de ko\u017ee.<\/p>\n<p><strong>UPORABA<br \/>\n<\/strong><\/p>\n<p class=\"p1\">Ve\u010dkrat dnevno (po potrebi) nanesite na prizadeti del ko\u017ee. Ko se kremni gel vpije, nanesite \u0161e pomirjevalno kremo LIA C 6\u00ae SOOTHING CREAM.<br \/>\nZlasti pri kroni\u010dno suhi in srbe\u010di ko\u017ei je HYA 4 HYADERM N nujno treba kombinirati s pomirjevalno kremo LIA C 6\u00ae SOOTHING CREAM, da kar najhitreje in naju\u010dinkoviteje popravimo po\u0161kodovano lipidno bariero ko\u017ee.<\/p>\n<p><strong>SESTAVINE<br \/>\n<\/strong><\/p>\n<p class=\"p1\">AQUA, PENTYLENE GLYCOL, BUTYLENE GLYCOL, SODIUM HYALURONATE, 4-T-BUTYLCYCLOHEXANOL, 1,2-HEXANEDIOL, PROPANEDIOL, ACRYLATES\/VINYL ISODECANOATE CROSSPOLYMER, MADECASSOSIDE, DIPROPYLENE GLYCOL, BOSWELLIA SERRATA GUM, TROXERUTIN, STEARYL GLYCYRRHETINATE, HYDROXYPHENYL PROPAMIDOBENZOIC ACID, CAPRYLHYDROXAMIC ACID, SODIUM CARBOXYMETHYL BETAGLUCAN, DEXTRAN, PALMITOYL TRIPEPTIDE-8, ASCORBYL PALMITATE<\/p>\n","protected":false},"excerpt":{"rendered":"<p class=\"p1\">HYA 4 HYADERM N je izjemno u\u010dinkovit pomirjevalni gel. Namenjen je bla\u017eenju reakcije po manj\u0161ih (bole\u010dih) po\u0161kodbah ko\u017ee (odrgnine, piki insektov, opekline), vnetjih oziroma dra\u017eenjih (rde\u010dica, peko\u010da bole\u010dina, srbe\u010dica) ter zmanj\u0161evanju simptomov kroni\u010dnega vnetja ko\u017ee (atopijski dermatitis, nevrodermatitis).<\/p>\n","protected":false},"featured_media":720,"comment_status":"closed","ping_status":"closed","template":"","meta":{"site-sidebar-layout":"default","site-content-layout":"default","ast-site-content-layout":"default","site-content-style":"default","site-sidebar-style":"default","ast-global-header-display":"","ast-banner-title-visibility":"","ast-main-header-display":"","ast-hfb-above-header-display":"","ast-hfb-below-header-display":"","ast-hfb-mobile-header-display":"","site-post-title":"","ast-breadcrumbs-content":"","ast-featured-img":"","footer-sml-layout":"","theme-transparent-header-meta":"default","adv-header-id-meta":"","stick-header-meta":"","header-above-stick-meta":"","header-main-stick-meta":"","header-below-stick-meta":"","astra-migrate-meta-layouts":"default","ast-page-background-enabled":"default","ast-page-background-meta":{"desktop":{"background-color":"var(--ast-global-color-4)","background-image":"","background-repeat":"repeat","background-position":"center center","background-size":"auto","background-attachment":"scroll","background-type":"","background-media":"","overlay-type":"","overlay-color":"","overlay-opacity":"","overlay-gradient":""},"tablet":{"background-color":"","background-image":"","background-repeat":"repeat","background-position":"center center","background-size":"auto","background-attachment":"scroll","background-type":"","background-media":"","overlay-type":"","overlay-color":"","overlay-opacity":"","overlay-gradient":""},"mobile":{"background-color":"","background-image":"","background-repeat":"repeat","background-position":"center center","background-size":"auto","background-attachment":"scroll","background-type":"","background-media":"","overlay-type":"","overlay-color":"","overlay-opacity":"","overlay-gradient":""}},"ast-content-background-meta":{"desktop":{"background-color":"var(--ast-global-color-5)","background-image":"","background-repeat":"repeat","background-position":"center center","background-size":"auto","background-attachment":"scroll","background-type":"","background-media":"","overlay-type":"","overlay-color":"","overlay-opacity":"","overlay-gradient":""},"tablet":{"background-color":"var(--ast-global-color-5)","background-image":"","background-repeat":"repeat","background-position":"center center","background-size":"auto","background-attachment":"scroll","background-type":"","background-media":"","overlay-type":"","overlay-color":"","overlay-opacity":"","overlay-gradient":""},"mobile":{"background-color":"var(--ast-global-color-5)","background-image":"","background-repeat":"repeat","background-position":"center center","background-size":"auto","background-attachment":"scroll","background-type":"","background-media":"","overlay-type":"","overlay-color":"","overlay-opacity":"","overlay-gradient":""}}},"product_brand":[],"product_cat":[16],"product_tag":[],"class_list":{"0":"post-716","1":"product","2":"type-product","3":"status-publish","4":"has-post-thumbnail","6":"product_cat-uncategorized","7":"pa_pakiranje-15ml","8":"pa_pakiranje-30ml","9":"desktop-align-left","10":"tablet-align-left","11":"mobile-align-left","13":"first","14":"instock","15":"featured","16":"taxable","17":"shipping-taxable","18":"purchasable","19":"product-type-variable"},"jetpack_sharing_enabled":true,"_links":{"self":[{"href":"https:\/\/www.ap-dermaestetik.com\/index.php?rest_route=\/wp\/v2\/product\/716","targetHints":{"allow":["GET"]}}],"collection":[{"href":"https:\/\/www.ap-dermaestetik.com\/index.php?rest_route=\/wp\/v2\/product"}],"about":[{"href":"https:\/\/www.ap-dermaestetik.com\/index.php?rest_route=\/wp\/v2\/types\/product"}],"replies":[{"embeddable":true,"href":"https:\/\/www.ap-dermaestetik.com\/index.php?rest_route=%2Fwp%2Fv2%2Fcomments&post=716"}],"wp:featuredmedia":[{"embeddable":true,"href":"https:\/\/www.ap-dermaestetik.com\/index.php?rest_route=\/wp\/v2\/media\/720"}],"wp:attachment":[{"href":"https:\/\/www.ap-dermaestetik.com\/index.php?rest_route=%2Fwp%2Fv2%2Fmedia&parent=716"}],"wp:term":[{"taxonomy":"product_brand","embeddable":true,"href":"https:\/\/www.ap-dermaestetik.com\/index.php?rest_route=%2Fwp%2Fv2%2Fproduct_brand&post=716"},{"taxonomy":"product_cat","embeddable":true,"href":"https:\/\/www.ap-dermaestetik.com\/index.php?rest_route=%2Fwp%2Fv2%2Fproduct_cat&post=716"},{"taxonomy":"product_tag","embeddable":true,"href":"https:\/\/www.ap-dermaestetik.com\/index.php?rest_route=%2Fwp%2Fv2%2Fproduct_tag&post=716"}],"curies":[{"name":"wp","href":"https:\/\/api.w.org\/{rel}","templated":true}]}}