{"id":596,"date":"2021-10-21T08:38:34","date_gmt":"2021-10-21T08:38:34","guid":{"rendered":"https:\/\/www.ap-dermaestetik.com\/?post_type=product&#038;p=596"},"modified":"2022-04-11T19:13:39","modified_gmt":"2022-04-11T19:13:39","slug":"hya-4-body-modeling-gel-100ml","status":"publish","type":"product","link":"https:\/\/www.ap-dermaestetik.com\/?product=hya-4-body-modeling-gel-100ml","title":{"rendered":"HYA 4 BODY MODELING GEL 100ml"},"content":{"rendered":"<p><strong>LASTNOSTI<br \/>\n<\/strong><\/p>\n<p>HYA 4 BODY MODELING GEL je hialuronski gel proti celulitu, ki vsebuje kar dvanajst aktivnih sestavin, ki na ve\u010d ravneh hkrati obravnavajo problem celulita.<\/p>\n<p><strong>UPORABA<br \/>\n<\/strong><\/p>\n<p>HYA 4 BODY MODELING GEL proti celulitu mo\u010dno masirajte in vtirajte v ko\u017eo vsaj enkrat dnevno.<br \/>\nGel zmeraj nana\u0161ajte na \u010disto in suho ko\u017eo.<br \/>\nV boju proti celulitu je ob uporabi gela HYA 4 BODY MODELING GEL vsekakor priporo\u010dljiva tudi redna telesna vadba, masa\u017ea in ustrezna prehrana.<span class=\"Apple-converted-space\">\u00a0<\/span><\/p>\n<p><strong>SESTAVINE<br \/>\n<\/strong><\/p>\n<p>AQUA, GLYCERIN, CAFFEINE, NIACINAMIDE, ARGININE, BUTYLENE GLYCOL, PROPYLENE GLYCOL, SODIUM HYALURONATE, CITRIC ACID, GLAUCINE, 1,2-HEXANEDIOL, LECITHIN, BUPLEURUM FALCATUM ROOT EXTRACT, RUSCUS ACULEATUS ROOT EXTRACT, SODIUM ACRYLATE\/SODIUM ACRYLOYLDIMETHYL TAURATE COPOLYMER, TEA-HYDROIODIDE, CARNITINE, CAPRYLHYDROXAMIC ACID, HEDERA HELIX EXTRACT, CAPRYLYL GLYCOL, ESCIN, XANTHAN GUM, CHONDRUS CRISPUS EXTRACT, TRIPEPTIDE-1, COENZYME A<\/p>\n","protected":false},"excerpt":{"rendered":"<p><strong>Anticelulitni gel za oblikovanje telesa<\/strong><\/p>\n<p>HYA 4 BODY MODELING GEL je hialuronski gel proti celulitu, ki vsebuje kar dvanajst aktivnih sestavin, ki na ve\u010d ravneh hkrati obravnavajo problem celulita.<\/p>\n","protected":false},"featured_media":597,"comment_status":"closed","ping_status":"closed","template":"","meta":{"site-sidebar-layout":"default","site-content-layout":"default","ast-site-content-layout":"default","site-content-style":"default","site-sidebar-style":"default","ast-global-header-display":"","ast-banner-title-visibility":"","ast-main-header-display":"","ast-hfb-above-header-display":"","ast-hfb-below-header-display":"","ast-hfb-mobile-header-display":"","site-post-title":"","ast-breadcrumbs-content":"","ast-featured-img":"","footer-sml-layout":"","theme-transparent-header-meta":"default","adv-header-id-meta":"","stick-header-meta":"","header-above-stick-meta":"","header-main-stick-meta":"","header-below-stick-meta":"","astra-migrate-meta-layouts":"default","ast-page-background-enabled":"default","ast-page-background-meta":{"desktop":{"background-color":"var(--ast-global-color-4)","background-image":"","background-repeat":"repeat","background-position":"center center","background-size":"auto","background-attachment":"scroll","background-type":"","background-media":"","overlay-type":"","overlay-color":"","overlay-opacity":"","overlay-gradient":""},"tablet":{"background-color":"","background-image":"","background-repeat":"repeat","background-position":"center center","background-size":"auto","background-attachment":"scroll","background-type":"","background-media":"","overlay-type":"","overlay-color":"","overlay-opacity":"","overlay-gradient":""},"mobile":{"background-color":"","background-image":"","background-repeat":"repeat","background-position":"center center","background-size":"auto","background-attachment":"scroll","background-type":"","background-media":"","overlay-type":"","overlay-color":"","overlay-opacity":"","overlay-gradient":""}},"ast-content-background-meta":{"desktop":{"background-color":"var(--ast-global-color-5)","background-image":"","background-repeat":"repeat","background-position":"center center","background-size":"auto","background-attachment":"scroll","background-type":"","background-media":"","overlay-type":"","overlay-color":"","overlay-opacity":"","overlay-gradient":""},"tablet":{"background-color":"var(--ast-global-color-5)","background-image":"","background-repeat":"repeat","background-position":"center center","background-size":"auto","background-attachment":"scroll","background-type":"","background-media":"","overlay-type":"","overlay-color":"","overlay-opacity":"","overlay-gradient":""},"mobile":{"background-color":"var(--ast-global-color-5)","background-image":"","background-repeat":"repeat","background-position":"center center","background-size":"auto","background-attachment":"scroll","background-type":"","background-media":"","overlay-type":"","overlay-color":"","overlay-opacity":"","overlay-gradient":""}}},"product_brand":[],"product_cat":[16],"product_tag":[],"class_list":{"0":"post-596","1":"product","2":"type-product","3":"status-publish","4":"has-post-thumbnail","6":"product_cat-uncategorized","7":"desktop-align-left","8":"tablet-align-left","9":"mobile-align-left","11":"first","12":"instock","13":"taxable","14":"shipping-taxable","15":"purchasable","16":"product-type-simple"},"jetpack_sharing_enabled":true,"_links":{"self":[{"href":"https:\/\/www.ap-dermaestetik.com\/index.php?rest_route=\/wp\/v2\/product\/596","targetHints":{"allow":["GET"]}}],"collection":[{"href":"https:\/\/www.ap-dermaestetik.com\/index.php?rest_route=\/wp\/v2\/product"}],"about":[{"href":"https:\/\/www.ap-dermaestetik.com\/index.php?rest_route=\/wp\/v2\/types\/product"}],"replies":[{"embeddable":true,"href":"https:\/\/www.ap-dermaestetik.com\/index.php?rest_route=%2Fwp%2Fv2%2Fcomments&post=596"}],"wp:featuredmedia":[{"embeddable":true,"href":"https:\/\/www.ap-dermaestetik.com\/index.php?rest_route=\/wp\/v2\/media\/597"}],"wp:attachment":[{"href":"https:\/\/www.ap-dermaestetik.com\/index.php?rest_route=%2Fwp%2Fv2%2Fmedia&parent=596"}],"wp:term":[{"taxonomy":"product_brand","embeddable":true,"href":"https:\/\/www.ap-dermaestetik.com\/index.php?rest_route=%2Fwp%2Fv2%2Fproduct_brand&post=596"},{"taxonomy":"product_cat","embeddable":true,"href":"https:\/\/www.ap-dermaestetik.com\/index.php?rest_route=%2Fwp%2Fv2%2Fproduct_cat&post=596"},{"taxonomy":"product_tag","embeddable":true,"href":"https:\/\/www.ap-dermaestetik.com\/index.php?rest_route=%2Fwp%2Fv2%2Fproduct_tag&post=596"}],"curies":[{"name":"wp","href":"https:\/\/api.w.org\/{rel}","templated":true}]}}