{"id":517,"date":"2021-10-19T10:52:18","date_gmt":"2021-10-19T10:52:18","guid":{"rendered":"https:\/\/www.ap-dermaestetik.com\/?post_type=product&#038;p=517"},"modified":"2022-04-06T10:48:06","modified_gmt":"2022-04-06T10:48:06","slug":"hya-4-aknex","status":"publish","type":"product","link":"https:\/\/www.ap-dermaestetik.com\/?product=hya-4-aknex","title":{"rendered":"HYA 4 AKNEX"},"content":{"rendered":"<p><strong>LASTNOSTI<br \/>\n<\/strong><\/p>\n<p>HYA 4 AKNEX je ve\u010dstranski gel za mastno ko\u017eo, nagnjeno k vnetju. 8 aktivnih sestavin hkrati deluje na vse vzroke in simptome mastne in k vnetjem nagnjene ko\u017ee ter hkrati zmanj\u0161uje ob\u010dutek dra\u017eenja.<br \/>\nOleanolna kislina izbolj\u0161a hormonsko ravnovesje ko\u017ee, NDGA uravnava epidermalno keratinizacijo, visok odmerek vitamina B3 (niacinamid), provitamin B5 (pantenol) in madecassoside delujejo sebostati\u010dno in protivnetno, medtem ko proteoliti\u010dni encim papain u\u010dinkovito odstranjuje odmrle celice poro\u017eenele plasti epidermisa. S tem se zmanj\u0161a zastajanje sebuma v foliklih, onemogo\u010di se razmno\u017eevanje bakterij P. acnes in prepre\u010di vnetni proces. Tako se hkrati u\u010dinkovito spopademo s \u0161tirimi glavnimi vzroki za nastanek aken.<span class=\"Apple-converted-space\">\u00a0<\/span><\/p>\n<p><strong>UPORABA<br \/>\n<\/strong><\/p>\n<p>Na \u010disto in suho ko\u017eo vsaj dvakrat dnevno nanesite gel. Ko se gel vpije, lahko nanesete tudi izbrano kremo LIA C 6\u00ae. Nanesete ga lahko na manj\u0161o ali ve\u010djo povr\u0161ino ko\u017ee.<br \/>\nUporaba kakr\u0161nih koli drugih, dodatnih kozmeti\u010dnih izdelkov ni priporo\u010dljiva.<\/p>\n<p><strong>SESTAVINE<br \/>\n<\/strong><\/p>\n<p>AQUA, BUTYLENE GLYCOL, NIACINAMIDE, PANTHENOL, SODIUM HYALURONATE, CAPRYLYL GLYCOL, MADECASSOSIDE, 1,2-HEXANEDIOL, PEG-60 ALMOND GLYCERIDES, GLYCERIN, PENTYLENE GLYCOL, HYDROXYPHENYL PROPAMIDOBENZOIC ACID, CARBOMER\/PAPAIN CROSSPOLYMER, 1,2-HEXANEDIOL, TROPOLONE, CARBOMER, NORDIHYDROGUAIARETIC ACID, OLEANOLIC ACID, ALGIN, BIOFLAVONOIDS, PROPANEDIOL<\/p>\n","protected":false},"excerpt":{"rendered":"<p><strong>Gel za nego mastne in k vnetju nagnjene ko\u017ee<\/strong><\/p>\n<p>HYA 4 AKNEX je ve\u010dstranski gel za mastno ko\u017eo, nagnjeno k vnetju. 8 aktivnih sestavin hkrati deluje na vse vzroke in simptome mastne in k vnetjem nagnjene ko\u017ee ter hkrati zmanj\u0161uje ob\u010dutek dra\u017eenja.<\/p>\n","protected":false},"featured_media":521,"comment_status":"closed","ping_status":"closed","template":"","meta":{"site-sidebar-layout":"default","site-content-layout":"default","ast-site-content-layout":"default","site-content-style":"default","site-sidebar-style":"default","ast-global-header-display":"","ast-banner-title-visibility":"","ast-main-header-display":"","ast-hfb-above-header-display":"","ast-hfb-below-header-display":"","ast-hfb-mobile-header-display":"","site-post-title":"","ast-breadcrumbs-content":"","ast-featured-img":"","footer-sml-layout":"","theme-transparent-header-meta":"default","adv-header-id-meta":"","stick-header-meta":"","header-above-stick-meta":"","header-main-stick-meta":"","header-below-stick-meta":"","astra-migrate-meta-layouts":"default","ast-page-background-enabled":"default","ast-page-background-meta":{"desktop":{"background-color":"var(--ast-global-color-4)","background-image":"","background-repeat":"repeat","background-position":"center center","background-size":"auto","background-attachment":"scroll","background-type":"","background-media":"","overlay-type":"","overlay-color":"","overlay-opacity":"","overlay-gradient":""},"tablet":{"background-color":"","background-image":"","background-repeat":"repeat","background-position":"center center","background-size":"auto","background-attachment":"scroll","background-type":"","background-media":"","overlay-type":"","overlay-color":"","overlay-opacity":"","overlay-gradient":""},"mobile":{"background-color":"","background-image":"","background-repeat":"repeat","background-position":"center center","background-size":"auto","background-attachment":"scroll","background-type":"","background-media":"","overlay-type":"","overlay-color":"","overlay-opacity":"","overlay-gradient":""}},"ast-content-background-meta":{"desktop":{"background-color":"var(--ast-global-color-5)","background-image":"","background-repeat":"repeat","background-position":"center center","background-size":"auto","background-attachment":"scroll","background-type":"","background-media":"","overlay-type":"","overlay-color":"","overlay-opacity":"","overlay-gradient":""},"tablet":{"background-color":"var(--ast-global-color-5)","background-image":"","background-repeat":"repeat","background-position":"center center","background-size":"auto","background-attachment":"scroll","background-type":"","background-media":"","overlay-type":"","overlay-color":"","overlay-opacity":"","overlay-gradient":""},"mobile":{"background-color":"var(--ast-global-color-5)","background-image":"","background-repeat":"repeat","background-position":"center center","background-size":"auto","background-attachment":"scroll","background-type":"","background-media":"","overlay-type":"","overlay-color":"","overlay-opacity":"","overlay-gradient":""}}},"product_brand":[],"product_cat":[16],"product_tag":[],"class_list":{"0":"post-517","1":"product","2":"type-product","3":"status-publish","4":"has-post-thumbnail","6":"product_cat-uncategorized","7":"pa_pakiranje-15ml","8":"pa_pakiranje-30ml","9":"desktop-align-left","10":"tablet-align-left","11":"mobile-align-left","13":"first","14":"instock","15":"taxable","16":"shipping-taxable","17":"purchasable","18":"product-type-variable"},"jetpack_sharing_enabled":true,"_links":{"self":[{"href":"https:\/\/www.ap-dermaestetik.com\/index.php?rest_route=\/wp\/v2\/product\/517","targetHints":{"allow":["GET"]}}],"collection":[{"href":"https:\/\/www.ap-dermaestetik.com\/index.php?rest_route=\/wp\/v2\/product"}],"about":[{"href":"https:\/\/www.ap-dermaestetik.com\/index.php?rest_route=\/wp\/v2\/types\/product"}],"replies":[{"embeddable":true,"href":"https:\/\/www.ap-dermaestetik.com\/index.php?rest_route=%2Fwp%2Fv2%2Fcomments&post=517"}],"wp:featuredmedia":[{"embeddable":true,"href":"https:\/\/www.ap-dermaestetik.com\/index.php?rest_route=\/wp\/v2\/media\/521"}],"wp:attachment":[{"href":"https:\/\/www.ap-dermaestetik.com\/index.php?rest_route=%2Fwp%2Fv2%2Fmedia&parent=517"}],"wp:term":[{"taxonomy":"product_brand","embeddable":true,"href":"https:\/\/www.ap-dermaestetik.com\/index.php?rest_route=%2Fwp%2Fv2%2Fproduct_brand&post=517"},{"taxonomy":"product_cat","embeddable":true,"href":"https:\/\/www.ap-dermaestetik.com\/index.php?rest_route=%2Fwp%2Fv2%2Fproduct_cat&post=517"},{"taxonomy":"product_tag","embeddable":true,"href":"https:\/\/www.ap-dermaestetik.com\/index.php?rest_route=%2Fwp%2Fv2%2Fproduct_tag&post=517"}],"curies":[{"name":"wp","href":"https:\/\/api.w.org\/{rel}","templated":true}]}}