{"id":479,"date":"2021-10-16T09:25:59","date_gmt":"2021-10-16T09:25:59","guid":{"rendered":"https:\/\/www.ap-dermaestetik.com\/?post_type=product&#038;p=479"},"modified":"2022-08-30T08:25:44","modified_gmt":"2022-08-30T08:25:44","slug":"coconut-peeling","status":"publish","type":"product","link":"https:\/\/www.ap-dermaestetik.com\/?product=coconut-peeling","title":{"rendered":"COCONUT PEELING 250ml"},"content":{"rendered":"<p><strong>LASTNOSTI<br \/>\n<\/strong>Kokosov kremni piling je bogat z LMS in z delci kokosove lupine. Deluje abrazivno, a zelo ne\u017eno odstrani odmrle celice, ne da bi po\u0161kodoval ko\u017eno bariero. Primeren je za vse tipe ko\u017ee in odli\u010dno deluje na vseh predelih telesa. Mehanski piling, ki pri\u010dara mehko ko\u017eo, obenem pa jo tudi neguje.<br \/>\nKokosov piling, ki ima ko\u017ei nevtralen pH, ne vsebuje di\u0161av ima ECO certifikat.<\/p>\n<p><strong>UPORABA<br \/>\n<\/strong>Kokosov piling nanesite na ko\u017eo in ne\u017eno vtrite. Nato odstranite s toplo kompreso ali brisa\u010dko.<\/p>\n<p><strong>SESTAVINE<br \/>\n<\/strong>AQUA, BUTYROSPERMUM PARKII BUTTER, PROPYLHEPTYL CAPRYLATE, GLYCERIN, COCOS NUCIFERA SHELL POWDER, PENTYLENE GLYCOL, PROPANEDIOL, 1,2-HEXANEDIOL, HYDROXYETHYLCELLULOSE, ACRYLATES\/VINYL ISODECANOATE CROSSPOLYMER, SODIUM ACRYLATE\/SODIUM ACRYLOYLDIMETHYL TAURATE COPOLYMER, CAPRYLHYDROXAMIC ACID, SQUALANE, CERAMIDE NP<\/p>\n","protected":false},"excerpt":{"rendered":"<p><strong>Kokosov piling<\/strong><\/p>\n<p>Kokosov kremni piling je bogat z LMS in z delci kokosove lupine. Primeren je za vse tipe ko\u017ee in odli\u010dno deluje na vseh predelih telesa. Mehanski piling, ki pri\u010dara mehko ko\u017eo, obenem pa jo tudi neguje.<\/p>\n","protected":false},"featured_media":480,"comment_status":"closed","ping_status":"closed","template":"","meta":{"site-sidebar-layout":"default","site-content-layout":"default","ast-site-content-layout":"default","site-content-style":"default","site-sidebar-style":"default","ast-global-header-display":"","ast-banner-title-visibility":"","ast-main-header-display":"","ast-hfb-above-header-display":"","ast-hfb-below-header-display":"","ast-hfb-mobile-header-display":"","site-post-title":"","ast-breadcrumbs-content":"","ast-featured-img":"","footer-sml-layout":"","theme-transparent-header-meta":"default","adv-header-id-meta":"","stick-header-meta":"","header-above-stick-meta":"","header-main-stick-meta":"","header-below-stick-meta":"","astra-migrate-meta-layouts":"default","ast-page-background-enabled":"default","ast-page-background-meta":{"desktop":{"background-color":"var(--ast-global-color-4)","background-image":"","background-repeat":"repeat","background-position":"center center","background-size":"auto","background-attachment":"scroll","background-type":"","background-media":"","overlay-type":"","overlay-color":"","overlay-opacity":"","overlay-gradient":""},"tablet":{"background-color":"","background-image":"","background-repeat":"repeat","background-position":"center center","background-size":"auto","background-attachment":"scroll","background-type":"","background-media":"","overlay-type":"","overlay-color":"","overlay-opacity":"","overlay-gradient":""},"mobile":{"background-color":"","background-image":"","background-repeat":"repeat","background-position":"center center","background-size":"auto","background-attachment":"scroll","background-type":"","background-media":"","overlay-type":"","overlay-color":"","overlay-opacity":"","overlay-gradient":""}},"ast-content-background-meta":{"desktop":{"background-color":"var(--ast-global-color-5)","background-image":"","background-repeat":"repeat","background-position":"center center","background-size":"auto","background-attachment":"scroll","background-type":"","background-media":"","overlay-type":"","overlay-color":"","overlay-opacity":"","overlay-gradient":""},"tablet":{"background-color":"var(--ast-global-color-5)","background-image":"","background-repeat":"repeat","background-position":"center center","background-size":"auto","background-attachment":"scroll","background-type":"","background-media":"","overlay-type":"","overlay-color":"","overlay-opacity":"","overlay-gradient":""},"mobile":{"background-color":"var(--ast-global-color-5)","background-image":"","background-repeat":"repeat","background-position":"center center","background-size":"auto","background-attachment":"scroll","background-type":"","background-media":"","overlay-type":"","overlay-color":"","overlay-opacity":"","overlay-gradient":""}}},"product_brand":[],"product_cat":[65],"product_tag":[],"class_list":{"0":"post-479","1":"product","2":"type-product","3":"status-publish","4":"has-post-thumbnail","6":"product_cat-pilingi","7":"desktop-align-left","8":"tablet-align-left","9":"mobile-align-left","11":"first","12":"instock","13":"taxable","14":"shipping-taxable","15":"purchasable","16":"product-type-simple"},"jetpack_sharing_enabled":true,"_links":{"self":[{"href":"https:\/\/www.ap-dermaestetik.com\/index.php?rest_route=\/wp\/v2\/product\/479","targetHints":{"allow":["GET"]}}],"collection":[{"href":"https:\/\/www.ap-dermaestetik.com\/index.php?rest_route=\/wp\/v2\/product"}],"about":[{"href":"https:\/\/www.ap-dermaestetik.com\/index.php?rest_route=\/wp\/v2\/types\/product"}],"replies":[{"embeddable":true,"href":"https:\/\/www.ap-dermaestetik.com\/index.php?rest_route=%2Fwp%2Fv2%2Fcomments&post=479"}],"wp:featuredmedia":[{"embeddable":true,"href":"https:\/\/www.ap-dermaestetik.com\/index.php?rest_route=\/wp\/v2\/media\/480"}],"wp:attachment":[{"href":"https:\/\/www.ap-dermaestetik.com\/index.php?rest_route=%2Fwp%2Fv2%2Fmedia&parent=479"}],"wp:term":[{"taxonomy":"product_brand","embeddable":true,"href":"https:\/\/www.ap-dermaestetik.com\/index.php?rest_route=%2Fwp%2Fv2%2Fproduct_brand&post=479"},{"taxonomy":"product_cat","embeddable":true,"href":"https:\/\/www.ap-dermaestetik.com\/index.php?rest_route=%2Fwp%2Fv2%2Fproduct_cat&post=479"},{"taxonomy":"product_tag","embeddable":true,"href":"https:\/\/www.ap-dermaestetik.com\/index.php?rest_route=%2Fwp%2Fv2%2Fproduct_tag&post=479"}],"curies":[{"name":"wp","href":"https:\/\/api.w.org\/{rel}","templated":true}]}}