{"id":421,"date":"2021-10-15T07:48:21","date_gmt":"2021-10-15T07:48:21","guid":{"rendered":"https:\/\/www.ap-dermaestetik.com\/?post_type=product&#038;p=421"},"modified":"2022-04-06T10:49:22","modified_gmt":"2022-04-06T10:49:22","slug":"clear-face","status":"publish","type":"product","link":"https:\/\/www.ap-dermaestetik.com\/?product=clear-face","title":{"rendered":"CLEAR FACE 10ml"},"content":{"rendered":"<p><strong>LASTNOSTI<br \/>\n<\/strong><span lang=\"SL\">Nizko molekularni \u00bbroll-on\u00ab serum CLEAR FACE intenzivno in u\u010dinkovito re\u0161uje te\u017eave mastne ko\u017ee, nagnjene k vnetju. Me\u0161anica 11 aktivnih u\u010dinkovin v kratkoveri\u017eni hialuronski kislini na ve\u010d ravneh hkrati prispeva k izbolj\u0161anju ko\u017ee.<br \/>\nNiacinamid ima protivnetni u\u010dinek, v biohialuron vgrajena oleanolna kislina in 3 bioflavonoidi poskrbijo za ugodnej\u0161e hormonsko ravnovesje v okolici lasnih me\u0161i\u010dkov, vitamin B3 in NDGA zmanj\u0161ujeta proizvodnje sebuma. Poseben encim deluje proti hipekeratozi (prekomerno poro\u017eenevanje vrhnjice), vse to pa dopolnjujejo \u0161e blagodejni u\u010dinki madecassosida, ki deluje protivnetno ter derivat mentola, ki ko\u017eo hladi in osve\u017ei. Serum vsebuje tudi lovilce prostih radikalov, ki ko\u017eo \u0161\u010ditijo pred \u0161kodljivimi vplivi okolja. Izjemno koncentrirana formula za premagovanje tegob mastne, aknaste in k vnetju nagnjene ko\u017ee.<\/span><\/p>\n<p><strong>UPORABA<br \/>\n<\/strong><span lang=\"SL\">Serum ve\u010dkrat dnevno nanesite na problemati\u010dne predele ko\u017ee. Izdelek vedno nana\u0161ajte na \u010dist in suh obraz. Ko se vpije, lahko nanesete tudi priporo\u010deno kremo LIA C 6\u00ae.<br \/>\nIzdelek lahko nanesete le na manj\u0161o povr\u0161ino (to\u010dkovno) ali pa zajamete ve\u010dje povr\u0161ine ko\u017ee<\/span><\/p>\n<p><strong>SESTAVINE<br \/>\n<\/strong><span lang=\"SL\">AQUA, NIACINAMIDE, ALCOHOL, PENTYLENE GLYCOL, PROPANEDIOL, SODIUM HYALURONATE, MADECASSOSIDE, TROXERUTIN, CARBOMER\/PAPAIN CROSSPOLYMER, BIOFLAVONOIDS, NORDIHYDROGUAIARETIC ACID, OLEANOLIC ACID, ALGIN, MENTHONE GLYCERIN ACETAL, BUTYLENE GLYCOL, PROPANEDIOL, PEG-60 ALMOND GLYCERIDES, 1,2-HEXANEDIOL, GLYCERIN, CAPRYLYL GLYCOL, CAPRYLHYDROXAMIC ACID, CAPRYLYL GLYCOL, CARBOMER<\/span><\/p>\n<p>&nbsp;<\/p>\n","protected":false},"excerpt":{"rendered":"<p><strong>Serum za nego mastne in k vnetju nagnjene ko\u017ee<\/strong><\/p>\n<p><span lang=\"SL\">Nizko molekularni \u00bbroll-on\u00ab serum CLEAR FACE intenzivno in u\u010dinkovito re\u0161uje te\u017eave mastne ko\u017ee, nagnjene k vnetju. Me\u0161anica 11 aktivnih u\u010dinkovin v kratkoveri\u017eni hialuronski kislini na ve\u010d ravneh hkrati prispeva k izbolj\u0161anju ko\u017ee.<\/span><\/p>\n<p>&nbsp;<\/p>\n<p><strong>\u00a0<\/strong><\/p>\n<p><strong>\u00a0<\/strong><\/p>\n","protected":false},"featured_media":422,"comment_status":"closed","ping_status":"closed","template":"","meta":{"site-sidebar-layout":"default","site-content-layout":"default","ast-site-content-layout":"default","site-content-style":"default","site-sidebar-style":"default","ast-global-header-display":"","ast-banner-title-visibility":"","ast-main-header-display":"","ast-hfb-above-header-display":"","ast-hfb-below-header-display":"","ast-hfb-mobile-header-display":"","site-post-title":"","ast-breadcrumbs-content":"","ast-featured-img":"","footer-sml-layout":"","theme-transparent-header-meta":"default","adv-header-id-meta":"","stick-header-meta":"","header-above-stick-meta":"","header-main-stick-meta":"","header-below-stick-meta":"","astra-migrate-meta-layouts":"default","ast-page-background-enabled":"default","ast-page-background-meta":{"desktop":{"background-color":"var(--ast-global-color-4)","background-image":"","background-repeat":"repeat","background-position":"center center","background-size":"auto","background-attachment":"scroll","background-type":"","background-media":"","overlay-type":"","overlay-color":"","overlay-opacity":"","overlay-gradient":""},"tablet":{"background-color":"","background-image":"","background-repeat":"repeat","background-position":"center center","background-size":"auto","background-attachment":"scroll","background-type":"","background-media":"","overlay-type":"","overlay-color":"","overlay-opacity":"","overlay-gradient":""},"mobile":{"background-color":"","background-image":"","background-repeat":"repeat","background-position":"center center","background-size":"auto","background-attachment":"scroll","background-type":"","background-media":"","overlay-type":"","overlay-color":"","overlay-opacity":"","overlay-gradient":""}},"ast-content-background-meta":{"desktop":{"background-color":"var(--ast-global-color-5)","background-image":"","background-repeat":"repeat","background-position":"center center","background-size":"auto","background-attachment":"scroll","background-type":"","background-media":"","overlay-type":"","overlay-color":"","overlay-opacity":"","overlay-gradient":""},"tablet":{"background-color":"var(--ast-global-color-5)","background-image":"","background-repeat":"repeat","background-position":"center center","background-size":"auto","background-attachment":"scroll","background-type":"","background-media":"","overlay-type":"","overlay-color":"","overlay-opacity":"","overlay-gradient":""},"mobile":{"background-color":"var(--ast-global-color-5)","background-image":"","background-repeat":"repeat","background-position":"center center","background-size":"auto","background-attachment":"scroll","background-type":"","background-media":"","overlay-type":"","overlay-color":"","overlay-opacity":"","overlay-gradient":""}}},"product_brand":[],"product_cat":[16],"product_tag":[],"class_list":{"0":"post-421","1":"product","2":"type-product","3":"status-publish","4":"has-post-thumbnail","6":"product_cat-uncategorized","7":"desktop-align-left","8":"tablet-align-left","9":"mobile-align-left","11":"first","12":"instock","13":"taxable","14":"shipping-taxable","15":"purchasable","16":"product-type-simple"},"jetpack_sharing_enabled":true,"_links":{"self":[{"href":"https:\/\/www.ap-dermaestetik.com\/index.php?rest_route=\/wp\/v2\/product\/421","targetHints":{"allow":["GET"]}}],"collection":[{"href":"https:\/\/www.ap-dermaestetik.com\/index.php?rest_route=\/wp\/v2\/product"}],"about":[{"href":"https:\/\/www.ap-dermaestetik.com\/index.php?rest_route=\/wp\/v2\/types\/product"}],"replies":[{"embeddable":true,"href":"https:\/\/www.ap-dermaestetik.com\/index.php?rest_route=%2Fwp%2Fv2%2Fcomments&post=421"}],"wp:featuredmedia":[{"embeddable":true,"href":"https:\/\/www.ap-dermaestetik.com\/index.php?rest_route=\/wp\/v2\/media\/422"}],"wp:attachment":[{"href":"https:\/\/www.ap-dermaestetik.com\/index.php?rest_route=%2Fwp%2Fv2%2Fmedia&parent=421"}],"wp:term":[{"taxonomy":"product_brand","embeddable":true,"href":"https:\/\/www.ap-dermaestetik.com\/index.php?rest_route=%2Fwp%2Fv2%2Fproduct_brand&post=421"},{"taxonomy":"product_cat","embeddable":true,"href":"https:\/\/www.ap-dermaestetik.com\/index.php?rest_route=%2Fwp%2Fv2%2Fproduct_cat&post=421"},{"taxonomy":"product_tag","embeddable":true,"href":"https:\/\/www.ap-dermaestetik.com\/index.php?rest_route=%2Fwp%2Fv2%2Fproduct_tag&post=421"}],"curies":[{"name":"wp","href":"https:\/\/api.w.org\/{rel}","templated":true}]}}