{"id":418,"date":"2021-10-15T07:42:55","date_gmt":"2021-10-15T07:42:55","guid":{"rendered":"https:\/\/www.ap-dermaestetik.com\/?post_type=product&#038;p=418"},"modified":"2022-08-30T09:02:20","modified_gmt":"2022-08-30T09:02:20","slug":"aufbau-maske","status":"publish","type":"product","link":"https:\/\/www.ap-dermaestetik.com\/?product=aufbau-maske","title":{"rendered":"AUFBAU MASKE"},"content":{"rendered":"<p><strong>LASTNOSTI<br \/>\n<\/strong><span lang=\"SL\">AUFBAU MASKE je bogata kremna maska na osnovi LMS, ki u\u010dinkovito deluje na suho ko\u017eo in izbolj\u0161a njeno lipidno strukturo. Ker ne vsebuje di\u0161av in konzervansov, je primerna tudi za zelo ob\u010dutljivo ko\u017eo. Maska ima ko\u017ei nevtralen pH.<br \/>\nPrimerna je za uporabo po celem telesu.<\/span><\/p>\n<p><strong>UPORABA<br \/>\n<\/strong><span lang=\"SL\">Masko nanesite na \u010dist in suh obraz in pustite delovati najmanj 15 minut. Sperite z vodo in posu\u0161ite.<br \/>\nZa intenzivnej\u0161e vla\u017eenje lahko obogateno kremno masko za vla\u017eenje ko\u017ee AUFBAU MASKE pustite na ko\u017ei vso no\u010d in zjutraj sperete z vodo.<br \/>\nZa optimalno nego in ve\u010dji u\u010dinek nanesite po nanosu maske (na o\u010di\u0161\u010den in suh obraz) izbrani hialuronski gel HYA 4ali enega od serumov ter izbrano kremo LIA C 6\u00ae. <\/span><\/p>\n<p><strong>SESTAVINE<br \/>\n<\/strong><span style=\"font-size: 16px;\">AQUA, BUTYROSPERMUM PARKII BUTTER, PROPYLHEPTYL CAPRYLATE, GLYCERIN, PENTYLENE GLYCOL, PROPANEDIOL, 1,2-HEXANEDIOL, HYDROXYETHYLCELLULOSE, ACRYLATES\/VINYL ISODECANOATE CROSSPOLYMER, SODIUM ACRYLATE\/SODIUM ACRYLOYLDIMETHYL TAURATE COPOLYMER, CAPRYLHYDROXAMIC ACID, SQUALANE, CERAMIDE NP, CAPRYLIC\/CAPRIC TRIGLYCERIDE, HYDROGENATED PHOSPHATIDYLCHOLINE<\/span><\/p>\n","protected":false},"excerpt":{"rendered":"<p><strong>Obogatena kremna maska za vla\u017eenje ko\u017ee<\/strong><\/p>\n<div><span lang=\"SL\">AUFBAU MASKE je bogata kremna maska na osnovi, ki u\u010dinkovito deluje na suho ko\u017eo in izbolj\u0161a njeno lipidno strukturo. <\/span><\/div>\n","protected":false},"featured_media":249,"comment_status":"closed","ping_status":"closed","template":"","meta":{"site-sidebar-layout":"default","site-content-layout":"default","ast-site-content-layout":"default","site-content-style":"default","site-sidebar-style":"default","ast-global-header-display":"","ast-banner-title-visibility":"","ast-main-header-display":"","ast-hfb-above-header-display":"","ast-hfb-below-header-display":"","ast-hfb-mobile-header-display":"","site-post-title":"","ast-breadcrumbs-content":"","ast-featured-img":"","footer-sml-layout":"","theme-transparent-header-meta":"default","adv-header-id-meta":"","stick-header-meta":"","header-above-stick-meta":"","header-main-stick-meta":"","header-below-stick-meta":"","astra-migrate-meta-layouts":"default","ast-page-background-enabled":"default","ast-page-background-meta":{"desktop":{"background-color":"var(--ast-global-color-4)","background-image":"","background-repeat":"repeat","background-position":"center center","background-size":"auto","background-attachment":"scroll","background-type":"","background-media":"","overlay-type":"","overlay-color":"","overlay-opacity":"","overlay-gradient":""},"tablet":{"background-color":"","background-image":"","background-repeat":"repeat","background-position":"center center","background-size":"auto","background-attachment":"scroll","background-type":"","background-media":"","overlay-type":"","overlay-color":"","overlay-opacity":"","overlay-gradient":""},"mobile":{"background-color":"","background-image":"","background-repeat":"repeat","background-position":"center center","background-size":"auto","background-attachment":"scroll","background-type":"","background-media":"","overlay-type":"","overlay-color":"","overlay-opacity":"","overlay-gradient":""}},"ast-content-background-meta":{"desktop":{"background-color":"var(--ast-global-color-5)","background-image":"","background-repeat":"repeat","background-position":"center center","background-size":"auto","background-attachment":"scroll","background-type":"","background-media":"","overlay-type":"","overlay-color":"","overlay-opacity":"","overlay-gradient":""},"tablet":{"background-color":"var(--ast-global-color-5)","background-image":"","background-repeat":"repeat","background-position":"center center","background-size":"auto","background-attachment":"scroll","background-type":"","background-media":"","overlay-type":"","overlay-color":"","overlay-opacity":"","overlay-gradient":""},"mobile":{"background-color":"var(--ast-global-color-5)","background-image":"","background-repeat":"repeat","background-position":"center center","background-size":"auto","background-attachment":"scroll","background-type":"","background-media":"","overlay-type":"","overlay-color":"","overlay-opacity":"","overlay-gradient":""}}},"product_brand":[],"product_cat":[67],"product_tag":[],"class_list":{"0":"post-418","1":"product","2":"type-product","3":"status-publish","4":"has-post-thumbnail","6":"product_cat-maske","7":"pa_pakiranje-30ml","8":"pa_pakiranje-250ml","9":"desktop-align-left","10":"tablet-align-left","11":"mobile-align-left","13":"first","14":"instock","15":"taxable","16":"shipping-taxable","17":"purchasable","18":"product-type-variable"},"jetpack_sharing_enabled":true,"_links":{"self":[{"href":"https:\/\/www.ap-dermaestetik.com\/index.php?rest_route=\/wp\/v2\/product\/418","targetHints":{"allow":["GET"]}}],"collection":[{"href":"https:\/\/www.ap-dermaestetik.com\/index.php?rest_route=\/wp\/v2\/product"}],"about":[{"href":"https:\/\/www.ap-dermaestetik.com\/index.php?rest_route=\/wp\/v2\/types\/product"}],"replies":[{"embeddable":true,"href":"https:\/\/www.ap-dermaestetik.com\/index.php?rest_route=%2Fwp%2Fv2%2Fcomments&post=418"}],"wp:featuredmedia":[{"embeddable":true,"href":"https:\/\/www.ap-dermaestetik.com\/index.php?rest_route=\/wp\/v2\/media\/249"}],"wp:attachment":[{"href":"https:\/\/www.ap-dermaestetik.com\/index.php?rest_route=%2Fwp%2Fv2%2Fmedia&parent=418"}],"wp:term":[{"taxonomy":"product_brand","embeddable":true,"href":"https:\/\/www.ap-dermaestetik.com\/index.php?rest_route=%2Fwp%2Fv2%2Fproduct_brand&post=418"},{"taxonomy":"product_cat","embeddable":true,"href":"https:\/\/www.ap-dermaestetik.com\/index.php?rest_route=%2Fwp%2Fv2%2Fproduct_cat&post=418"},{"taxonomy":"product_tag","embeddable":true,"href":"https:\/\/www.ap-dermaestetik.com\/index.php?rest_route=%2Fwp%2Fv2%2Fproduct_tag&post=418"}],"curies":[{"name":"wp","href":"https:\/\/api.w.org\/{rel}","templated":true}]}}