{"id":324,"date":"2021-10-13T10:42:53","date_gmt":"2021-10-13T10:42:53","guid":{"rendered":"https:\/\/www.ap-dermaestetik.com\/?post_type=product&#038;p=324"},"modified":"2022-04-06T10:44:15","modified_gmt":"2022-04-06T10:44:15","slug":"hya4-revicell","status":"publish","type":"product","link":"https:\/\/www.ap-dermaestetik.com\/?product=hya4-revicell","title":{"rendered":"HYA 4 REVICELL"},"content":{"rendered":"<p><strong>LASTNOSTI<\/strong><br \/>\nHYA 4 REVICELL na ko\u017eo deluje pomlajevalno in ji vra\u010da vitalnost. Namenjen je zlasti zreli ko\u017ei nad 50. letom starosti. Priporo\u010damo izmeni\u010dno uporabo (zjutraj in zve\u010der) gelov HYA 4 DEEP LIFT Q10 in HYA 4 REVICELL, saj se njuna mehanizma delovanja dopolnjujeta.<br \/>\nPosebnost gela HYA 4 REVICELL je, da deluje na nakopi\u010den celi\u010dni balast in ga pomaga odstraniti, zato odli\u010dno nadgrajuje nego z drugimi geli in kremami Dr. E. Voss, saj zaradi odstranitve odmrlih celic u\u010dinkovine delujejo \u0161e intenzivneje.<br \/>\nHYA 4 REVICELL izbolj\u0161a vidne znake izgube elasti\u010dnosti ko\u017ee, predvsem ohlapnost in pove\u0161enost.<\/p>\n<p><strong>UPORABA<br \/>\n<\/strong>Zjutraj in zve\u010der nanesite tanko plast gela na \u010disto in suho ko\u017eo. Po\u010dakajte, da se gel vpije, nato nanesite \u0161e ustrezno LIA C 6\u00ae kremo.<br \/>\nHYA 4 REVICELL je primeren za vse tipe ko\u017ee.<br \/>\n*V kolikor uporabljate HYA 4 REVICELL v kombinaciji s HYA 4 DEEP LIFT Q10 nanesite enega zjutraj in drugega zve\u010der.<\/p>\n<p><strong>SESTAVINE<br \/>\n<\/strong><span style=\"font-size: 16px;\">AQUA, GLYCERIN, SODIUM HYALURONATE, PENTYLENE GLYCOL, PROPANEDIOL, 1,2-HEXANEDIOL, BUTYLENE GLYCOL, TROXERUTIN, MADECASSOSIDE, CAPRYLHYDROXAMIC ACID, BIOSACCHARIDE GUM-1, DEXTRAN, SODIUM LEVULINATE, CARBOMER, SODIUM ANISATE, PALMITOYL OLIGOPEPTIDE, PALMITOYL TETRAPEPTIDE-7, TRIFLUOROACETYL TRIPEPTIDE-2, GLYCERYL CAPRYLATE<\/span><\/p>\n<p>&nbsp;<\/p>\n","protected":false},"excerpt":{"rendered":"<p><strong>Gel za glajenje gub in odve\u010dne ko\u017ee<\/strong><\/p>\n<p>HYA 4 REVICELL na ko\u017eo deluje pomlajevalno in ji vra\u010da<br \/>\nvitalnost. Namenjen je zlasti zreli ko\u017ei nad 50. letom starosti.<br \/>\nHYA 4 REVICELL izbolj\u0161a vidne znake izgube elasti\u010dnosti<br \/>\nko\u017ee, predvsem ohlapnost in pove\u0161enost.<\/p>\n","protected":false},"featured_media":695,"comment_status":"closed","ping_status":"closed","template":"","meta":{"site-sidebar-layout":"default","site-content-layout":"default","ast-site-content-layout":"default","site-content-style":"default","site-sidebar-style":"default","ast-global-header-display":"","ast-banner-title-visibility":"","ast-main-header-display":"","ast-hfb-above-header-display":"","ast-hfb-below-header-display":"","ast-hfb-mobile-header-display":"","site-post-title":"","ast-breadcrumbs-content":"","ast-featured-img":"","footer-sml-layout":"","theme-transparent-header-meta":"default","adv-header-id-meta":"","stick-header-meta":"","header-above-stick-meta":"","header-main-stick-meta":"","header-below-stick-meta":"","astra-migrate-meta-layouts":"default","ast-page-background-enabled":"default","ast-page-background-meta":{"desktop":{"background-color":"var(--ast-global-color-4)","background-image":"","background-repeat":"repeat","background-position":"center center","background-size":"auto","background-attachment":"scroll","background-type":"","background-media":"","overlay-type":"","overlay-color":"","overlay-opacity":"","overlay-gradient":""},"tablet":{"background-color":"","background-image":"","background-repeat":"repeat","background-position":"center center","background-size":"auto","background-attachment":"scroll","background-type":"","background-media":"","overlay-type":"","overlay-color":"","overlay-opacity":"","overlay-gradient":""},"mobile":{"background-color":"","background-image":"","background-repeat":"repeat","background-position":"center center","background-size":"auto","background-attachment":"scroll","background-type":"","background-media":"","overlay-type":"","overlay-color":"","overlay-opacity":"","overlay-gradient":""}},"ast-content-background-meta":{"desktop":{"background-color":"var(--ast-global-color-5)","background-image":"","background-repeat":"repeat","background-position":"center center","background-size":"auto","background-attachment":"scroll","background-type":"","background-media":"","overlay-type":"","overlay-color":"","overlay-opacity":"","overlay-gradient":""},"tablet":{"background-color":"var(--ast-global-color-5)","background-image":"","background-repeat":"repeat","background-position":"center center","background-size":"auto","background-attachment":"scroll","background-type":"","background-media":"","overlay-type":"","overlay-color":"","overlay-opacity":"","overlay-gradient":""},"mobile":{"background-color":"var(--ast-global-color-5)","background-image":"","background-repeat":"repeat","background-position":"center center","background-size":"auto","background-attachment":"scroll","background-type":"","background-media":"","overlay-type":"","overlay-color":"","overlay-opacity":"","overlay-gradient":""}}},"product_brand":[],"product_cat":[16],"product_tag":[],"class_list":{"0":"post-324","1":"product","2":"type-product","3":"status-publish","4":"has-post-thumbnail","6":"product_cat-uncategorized","7":"pa_pakiranje-15ml","8":"pa_pakiranje-30ml","9":"desktop-align-left","10":"tablet-align-left","11":"mobile-align-left","13":"first","14":"instock","15":"taxable","16":"shipping-taxable","17":"purchasable","18":"product-type-variable"},"jetpack_sharing_enabled":true,"_links":{"self":[{"href":"https:\/\/www.ap-dermaestetik.com\/index.php?rest_route=\/wp\/v2\/product\/324","targetHints":{"allow":["GET"]}}],"collection":[{"href":"https:\/\/www.ap-dermaestetik.com\/index.php?rest_route=\/wp\/v2\/product"}],"about":[{"href":"https:\/\/www.ap-dermaestetik.com\/index.php?rest_route=\/wp\/v2\/types\/product"}],"replies":[{"embeddable":true,"href":"https:\/\/www.ap-dermaestetik.com\/index.php?rest_route=%2Fwp%2Fv2%2Fcomments&post=324"}],"wp:featuredmedia":[{"embeddable":true,"href":"https:\/\/www.ap-dermaestetik.com\/index.php?rest_route=\/wp\/v2\/media\/695"}],"wp:attachment":[{"href":"https:\/\/www.ap-dermaestetik.com\/index.php?rest_route=%2Fwp%2Fv2%2Fmedia&parent=324"}],"wp:term":[{"taxonomy":"product_brand","embeddable":true,"href":"https:\/\/www.ap-dermaestetik.com\/index.php?rest_route=%2Fwp%2Fv2%2Fproduct_brand&post=324"},{"taxonomy":"product_cat","embeddable":true,"href":"https:\/\/www.ap-dermaestetik.com\/index.php?rest_route=%2Fwp%2Fv2%2Fproduct_cat&post=324"},{"taxonomy":"product_tag","embeddable":true,"href":"https:\/\/www.ap-dermaestetik.com\/index.php?rest_route=%2Fwp%2Fv2%2Fproduct_tag&post=324"}],"curies":[{"name":"wp","href":"https:\/\/api.w.org\/{rel}","templated":true}]}}