{"id":2876,"date":"2022-07-08T08:09:21","date_gmt":"2022-07-08T08:09:21","guid":{"rendered":"https:\/\/www.ap-dermaestetik.com\/?post_type=product&#038;p=2876"},"modified":"2023-02-21T17:31:10","modified_gmt":"2023-02-21T16:31:10","slug":"lms-night-cream-retin-x","status":"publish","type":"product","link":"https:\/\/www.ap-dermaestetik.com\/?product=lms-night-cream-retin-x","title":{"rendered":"LMS NIGHT CREAM RETIN X"},"content":{"rendered":"<p><strong>LASTNOSTI<br \/>\n<\/strong><\/p>\n<p class=\"p1\">V izdelku Retin X Booster AB3 je kozmeti\u010dno aktivna u\u010dinkovina Retin X dopolnjena z vitaminom B3 . Ta rumenkast serum je lahek gel na hialuronski osnovi, ki uravnava odve\u010dni sebum ter vidno in hitro zmanj\u0161a ne\u010disto\u010de, gube in zmanj\u0161uje videz \u0161irokih por. Vitamin B3 krepi za\u0161\u010ditno lipidno bariero ko\u017ee, deluje proti po\u0161kodbam ko\u017ee zaradi UV- \u017earkov in deluje proti nastanku pigmentnih made\u017eev. Z njegovo uporabo postane ko\u017ea \u017eametna in dobro nahranjena.<\/p>\n<p><strong>UPORABA<br \/>\n<\/strong><\/p>\n<p class=\"p1\">Gel nanesite zve\u010der na \u010disto in suho ko\u017eo in po\u010dakajte, da se vpije. Nato po potrebi nanesite \u0161e ustrezen gel, serum ali eno od no\u010dnih krem LIA C 6\u00ae.<\/p>\n<p><strong>SESTAVINE<br \/>\n<\/strong><\/p>\n<p class=\"p1\">RETIN X BOOSTER AB3 AQUA, GLYCERIN, NICOTINAMIDE, CAPRYLIC\/CAPRIC TRIGLYCERIDE, PHOSPHATIDYLCHOLINE, PENTYLENE GLYCOL, BIS-ETHYLHEXYL HYDROXYDIMETHOXY BENZYLMALONATE, PROPANEDIOL, 1,2-HEXANEDIOL, HYALURONIC ACID, HYDROXYPINACOLONE RETINOATE, CELLULOSE GUM, CHONDRUS CRISPUS POWDER (CARRAGEENAN), CERATONIA SILIQUA GUM, CAPRYLHYDROXAMIC ACID, GLUCOSE<\/p>\n","protected":false},"excerpt":{"rendered":"<p>LMS NIGHT CREAM RETIN X z edinstvenim in stabilnim derivatom retinojske kisline. Ko\u017eo pomladi, posvetli in jo \u0161\u010diti pred ne\u010disto\u010dami.<\/p>\n","protected":false},"featured_media":3444,"comment_status":"open","ping_status":"closed","template":"","meta":{"site-sidebar-layout":"default","site-content-layout":"default","ast-site-content-layout":"default","site-content-style":"default","site-sidebar-style":"default","ast-global-header-display":"","ast-banner-title-visibility":"","ast-main-header-display":"","ast-hfb-above-header-display":"","ast-hfb-below-header-display":"","ast-hfb-mobile-header-display":"","site-post-title":"","ast-breadcrumbs-content":"","ast-featured-img":"","footer-sml-layout":"","theme-transparent-header-meta":"default","adv-header-id-meta":"","stick-header-meta":"","header-above-stick-meta":"","header-main-stick-meta":"","header-below-stick-meta":"","astra-migrate-meta-layouts":"default","ast-page-background-enabled":"default","ast-page-background-meta":{"desktop":{"background-color":"var(--ast-global-color-4)","background-image":"","background-repeat":"repeat","background-position":"center center","background-size":"auto","background-attachment":"scroll","background-type":"","background-media":"","overlay-type":"","overlay-color":"","overlay-opacity":"","overlay-gradient":""},"tablet":{"background-color":"","background-image":"","background-repeat":"repeat","background-position":"center center","background-size":"auto","background-attachment":"scroll","background-type":"","background-media":"","overlay-type":"","overlay-color":"","overlay-opacity":"","overlay-gradient":""},"mobile":{"background-color":"","background-image":"","background-repeat":"repeat","background-position":"center center","background-size":"auto","background-attachment":"scroll","background-type":"","background-media":"","overlay-type":"","overlay-color":"","overlay-opacity":"","overlay-gradient":""}},"ast-content-background-meta":{"desktop":{"background-color":"var(--ast-global-color-5)","background-image":"","background-repeat":"repeat","background-position":"center center","background-size":"auto","background-attachment":"scroll","background-type":"","background-media":"","overlay-type":"","overlay-color":"","overlay-opacity":"","overlay-gradient":""},"tablet":{"background-color":"var(--ast-global-color-5)","background-image":"","background-repeat":"repeat","background-position":"center center","background-size":"auto","background-attachment":"scroll","background-type":"","background-media":"","overlay-type":"","overlay-color":"","overlay-opacity":"","overlay-gradient":""},"mobile":{"background-color":"var(--ast-global-color-5)","background-image":"","background-repeat":"repeat","background-position":"center center","background-size":"auto","background-attachment":"scroll","background-type":"","background-media":"","overlay-type":"","overlay-color":"","overlay-opacity":"","overlay-gradient":""}}},"product_brand":[],"product_cat":[16],"product_tag":[],"class_list":{"0":"post-2876","1":"product","2":"type-product","3":"status-publish","4":"has-post-thumbnail","6":"product_cat-uncategorized","7":"pa_pakiranje-15ml","8":"pa_pakiranje-50ml","9":"desktop-align-left","10":"tablet-align-left","11":"mobile-align-left","13":"first","14":"instock","15":"featured","16":"taxable","17":"shipping-taxable","18":"purchasable","19":"product-type-variable","20":"has-default-attributes"},"jetpack_sharing_enabled":true,"_links":{"self":[{"href":"https:\/\/www.ap-dermaestetik.com\/index.php?rest_route=\/wp\/v2\/product\/2876","targetHints":{"allow":["GET"]}}],"collection":[{"href":"https:\/\/www.ap-dermaestetik.com\/index.php?rest_route=\/wp\/v2\/product"}],"about":[{"href":"https:\/\/www.ap-dermaestetik.com\/index.php?rest_route=\/wp\/v2\/types\/product"}],"replies":[{"embeddable":true,"href":"https:\/\/www.ap-dermaestetik.com\/index.php?rest_route=%2Fwp%2Fv2%2Fcomments&post=2876"}],"wp:featuredmedia":[{"embeddable":true,"href":"https:\/\/www.ap-dermaestetik.com\/index.php?rest_route=\/wp\/v2\/media\/3444"}],"wp:attachment":[{"href":"https:\/\/www.ap-dermaestetik.com\/index.php?rest_route=%2Fwp%2Fv2%2Fmedia&parent=2876"}],"wp:term":[{"taxonomy":"product_brand","embeddable":true,"href":"https:\/\/www.ap-dermaestetik.com\/index.php?rest_route=%2Fwp%2Fv2%2Fproduct_brand&post=2876"},{"taxonomy":"product_cat","embeddable":true,"href":"https:\/\/www.ap-dermaestetik.com\/index.php?rest_route=%2Fwp%2Fv2%2Fproduct_cat&post=2876"},{"taxonomy":"product_tag","embeddable":true,"href":"https:\/\/www.ap-dermaestetik.com\/index.php?rest_route=%2Fwp%2Fv2%2Fproduct_tag&post=2876"}],"curies":[{"name":"wp","href":"https:\/\/api.w.org\/{rel}","templated":true}]}}