{"id":2153,"date":"2022-03-24T11:50:05","date_gmt":"2022-03-24T11:50:05","guid":{"rendered":"https:\/\/www.ap-dermaestetik.com\/?post_type=product&#038;p=2153"},"modified":"2022-03-24T11:50:06","modified_gmt":"2022-03-24T11:50:06","slug":"anti-age-dual-lift-pack","status":"publish","type":"product","link":"https:\/\/www.ap-dermaestetik.com\/?product=anti-age-dual-lift-pack","title":{"rendered":"ANTI AGE DUAL LIFT\u00ae PACK"},"content":{"rendered":"<div id=\"tab-0-2465\" class=\"tab-pane fade active in\">\n<div class=\"product-description\"><strong>LASTNOSTI:<\/strong><\/div>\n<div class=\"product-description\">\n<p>HYA 4 DEEP LIFT Q10 je zelo mo\u010dan hialuronski gel, saj vsebuje kar enajst aktivnih u\u010dinkovin razli\u010dnih razredov (od tega 5 kolagenskih aktivatorjev), ki v kombinaciji s \u0161tiriveri\u017enim sistemom hialuronskih kislin prodrejo globlje v ko\u017eo in na ve\u010d na\u010dinov zasledujejo isti cilj \u2013 glajenje gub in sve\u017e videz ko\u017ee.<br \/>\nHYA 4 DEEP LIFT Q10 je primeren za vse tipe ko\u017ee.<\/p>\n<p>Krema LIA C 6\u00ae FLUIDCREAM je zelo podobna dnevni kremi LIA C 6\u00ae, vendar je zaradi ni\u017ejih koncentracij LMS in lipidov bistveno la\u017eja in tako primernej\u0161a za manj suho \u2013 me\u0161ano in mastno ko\u017eo. Zaradi ni\u017eje viskoznosti je idealna tudi za dekolte.<br \/>\nPoleg trojne LIA za\u0161\u010dite (skoraj 100-odstotna<span class=\"Apple-converted-space\">\u00a0\u00a0<\/span>UVA za\u0161\u010dita, 84-odstotna<span class=\"Apple-converted-space\">\u00a0\u00a0<\/span>UVB za\u0161\u010dita ter HDBM \u2013 pametni lovilec prostih radikalov) vsebuje tudi aktivne sestavine za glajenje gub in sicer visoko u\u010dinkovite signalne peptide, ki delujejo kot spodbujevalci kolagena in elastina (Matrixyl\u00ae in Idealift)<\/p>\n<p><strong style=\"font-size: 16px; font-family: -apple-system, BlinkMacSystemFont, 'Segoe UI', Roboto, Oxygen-Sans, Ubuntu, Cantarell, 'Helvetica Neue', sans-serif;\">UPORABA:<\/strong><\/p>\n<\/div>\n<\/div>\n<div class=\"tab-pane fade active in\">\n<div>Gel HYA 4 DEEP LIFT Q10 nanesite na \u010disto in suho ko\u017eo, ne\u017eno vtrite in po\u010dakajte minuto, da se vpije. Nato nanesite LIA C 6\u00ae FLUID CREAM, da zagotovite dolgoro\u010dnej\u0161i uspeh delovanja gela ter za\u0161\u010ditite povrhnjico. Pri suhi ko\u017ei uporabite nekoliko manj gela in ve\u010d kreme, pri me\u0161ani in mastni ko\u017ei pa obratno.<\/div>\n<div><\/div>\n<div>\n<div><strong>SESTAVINE:<\/strong><\/div>\n<div>\n<p>&nbsp;<\/p>\n<div id=\"wrapper\">\n<section>\n<div class=\"container\">\n<div class=\"section-content\">\n<div class=\"row\">\n<div class=\"product\">\n<div class=\"col-md-7\">\n<div class=\"product-summary\">\n<p><strong>HYA 4 Deep Lift Q10:\u00a0<\/strong>AQUA, GLYCERIN, BUTYLEN GLYCOL, SODIUM HYALURONATE, PENTYLENEGLYCOL, PROPANEDIOL, L-PROLIN, MADECASSOSIDE, CALCIUM KETOGLUCONAT, 1,2-HEXANEDIOL, LEONTOPODIUM ALPINUM CALLUS CULTURE, UBIQUINONE, CAPRYLHYDROXAMIC ACID, SODIUM CARBOXYMETHYL BETAGLUCAN, BIOSACCHARIDE GUM- 1, CAPRYLYL GLYCOL, CAPRYLIC\/CAPRIC TRIGLYCERIDES, LECITHIN, ACETYL DIPEPTIDE-1 CETYL ESTER, SODIUM LEVULINATE, CARBOMER, DIPEPTIDE DIAMINOBUTYROYL BENZYLAMIDE DIACETATE, XANTHAN GUM, SODIUM ANISATE, ACETYLH EXAPE PTI DE, PALMITOYL TRI PEPTIDE-1, PALMITOYL TETRAPEPTIDE-7, GLYCERYL CAPRYLATE<\/p>\n<p><strong>LIA C6 Fluidna krema:\u00a0<\/strong>AQUA, GLYCERIN, OCTOCRYLENE, C 12-15 ALKYL BENZOATE, PROPYL- HEPTYL CAPRYLATE, LIMNANTHES ALBA SEED OIL, BUTYLENE GLYCOL, BUTYL METHOXYDIBENZOYLMETHANE, DIETHYLAMINO HYDROXYBENZOYL HEXYL BENZOATE, PROPANEDIOL, PENTYLENEGLYCOL BIS-ETHYLHEXYL HYDROXYDI- METHOXY BENZYLMALONATE, TOCOPHERYLACETATE, PARF\u00dcM, CAPRYLIC\/ CAPRIC TRIGLYCERIDE, HYDROGENATED PHOSPHATIDYLCHOLINE, 2-HE-XANEDIOL, BUTYROSPERMUM PARKII BUTTER, HYDROXYETHYLCELLULOSE, ACRYLATES\/VINYL ISODECANOATE CROSSPOLYMER, XANTHAN GUM, SODIUM ACRYLATE \/ SODIUM ACRYLOYLDI METHYL TAU RATE COPOLYMER, SQUALANE, CAPRYLHYDROXAMIC ACID, ACETYL DIPEPTIDE-1 CETYL ESTER, LINALOOL, LIMONENE, CARBOMER, CITRONELLOL, CERAMIDE NP, GERANIOL, PALMITOYL TRIPEPTIDE-1, PALMITOYL TETRAPEPTIDE-7<\/p>\n<\/div>\n<\/div>\n<\/div>\n<\/div>\n<\/div>\n<\/div>\n<\/section>\n<\/div>\n<footer id=\"footer\" class=\"footer divider parallax layer-overlay overlay-dark-9\" data-parallax-ratio=\"0.7\">\n<div class=\"container pt-70 pb-40\">\n<div class=\"row border-bottom-black\">\n<div class=\"col-xs-12 col-sm-6 col-md-3\"><\/div>\n<\/div>\n<\/div>\n<\/footer>\n<p><strong style=\"font-size: 16px; font-family: -apple-system, BlinkMacSystemFont, 'Segoe UI', Roboto, Oxygen-Sans, Ubuntu, Cantarell, 'Helvetica Neue', sans-serif;\">Pakiranje: <\/strong><span style=\"font-size: 16px; font-family: -apple-system, BlinkMacSystemFont, 'Segoe UI', Roboto, Oxygen-Sans, Ubuntu, Cantarell, 'Helvetica Neue', sans-serif;\">2x 30 ml<\/span><\/p>\n<\/div>\n<\/div>\n<\/div>\n","protected":false},"excerpt":{"rendered":"<p>ANTI AGE DUAL LIFT\u00ae KOMPLET vsebuje HYA 4 DEEP LIFT Q10 in kremo LIA C 6\u00ae FLUIDCREAM.<\/p>\n","protected":false},"featured_media":2154,"comment_status":"open","ping_status":"closed","template":"","meta":{"site-sidebar-layout":"default","site-content-layout":"default","ast-site-content-layout":"default","site-content-style":"default","site-sidebar-style":"default","ast-global-header-display":"","ast-banner-title-visibility":"","ast-main-header-display":"","ast-hfb-above-header-display":"","ast-hfb-below-header-display":"","ast-hfb-mobile-header-display":"","site-post-title":"","ast-breadcrumbs-content":"","ast-featured-img":"","footer-sml-layout":"","theme-transparent-header-meta":"default","adv-header-id-meta":"","stick-header-meta":"","header-above-stick-meta":"","header-main-stick-meta":"","header-below-stick-meta":"","astra-migrate-meta-layouts":"default","ast-page-background-enabled":"default","ast-page-background-meta":{"desktop":{"background-color":"var(--ast-global-color-4)","background-image":"","background-repeat":"repeat","background-position":"center center","background-size":"auto","background-attachment":"scroll","background-type":"","background-media":"","overlay-type":"","overlay-color":"","overlay-opacity":"","overlay-gradient":""},"tablet":{"background-color":"","background-image":"","background-repeat":"repeat","background-position":"center center","background-size":"auto","background-attachment":"scroll","background-type":"","background-media":"","overlay-type":"","overlay-color":"","overlay-opacity":"","overlay-gradient":""},"mobile":{"background-color":"","background-image":"","background-repeat":"repeat","background-position":"center center","background-size":"auto","background-attachment":"scroll","background-type":"","background-media":"","overlay-type":"","overlay-color":"","overlay-opacity":"","overlay-gradient":""}},"ast-content-background-meta":{"desktop":{"background-color":"var(--ast-global-color-5)","background-image":"","background-repeat":"repeat","background-position":"center center","background-size":"auto","background-attachment":"scroll","background-type":"","background-media":"","overlay-type":"","overlay-color":"","overlay-opacity":"","overlay-gradient":""},"tablet":{"background-color":"var(--ast-global-color-5)","background-image":"","background-repeat":"repeat","background-position":"center center","background-size":"auto","background-attachment":"scroll","background-type":"","background-media":"","overlay-type":"","overlay-color":"","overlay-opacity":"","overlay-gradient":""},"mobile":{"background-color":"var(--ast-global-color-5)","background-image":"","background-repeat":"repeat","background-position":"center center","background-size":"auto","background-attachment":"scroll","background-type":"","background-media":"","overlay-type":"","overlay-color":"","overlay-opacity":"","overlay-gradient":""}}},"product_brand":[],"product_cat":[16],"product_tag":[],"class_list":{"0":"post-2153","1":"product","2":"type-product","3":"status-publish","4":"has-post-thumbnail","6":"product_cat-uncategorized","7":"desktop-align-left","8":"tablet-align-left","9":"mobile-align-left","11":"first","12":"instock","13":"taxable","14":"shipping-taxable","15":"purchasable","16":"product-type-simple"},"jetpack_sharing_enabled":true,"_links":{"self":[{"href":"https:\/\/www.ap-dermaestetik.com\/index.php?rest_route=\/wp\/v2\/product\/2153","targetHints":{"allow":["GET"]}}],"collection":[{"href":"https:\/\/www.ap-dermaestetik.com\/index.php?rest_route=\/wp\/v2\/product"}],"about":[{"href":"https:\/\/www.ap-dermaestetik.com\/index.php?rest_route=\/wp\/v2\/types\/product"}],"replies":[{"embeddable":true,"href":"https:\/\/www.ap-dermaestetik.com\/index.php?rest_route=%2Fwp%2Fv2%2Fcomments&post=2153"}],"wp:featuredmedia":[{"embeddable":true,"href":"https:\/\/www.ap-dermaestetik.com\/index.php?rest_route=\/wp\/v2\/media\/2154"}],"wp:attachment":[{"href":"https:\/\/www.ap-dermaestetik.com\/index.php?rest_route=%2Fwp%2Fv2%2Fmedia&parent=2153"}],"wp:term":[{"taxonomy":"product_brand","embeddable":true,"href":"https:\/\/www.ap-dermaestetik.com\/index.php?rest_route=%2Fwp%2Fv2%2Fproduct_brand&post=2153"},{"taxonomy":"product_cat","embeddable":true,"href":"https:\/\/www.ap-dermaestetik.com\/index.php?rest_route=%2Fwp%2Fv2%2Fproduct_cat&post=2153"},{"taxonomy":"product_tag","embeddable":true,"href":"https:\/\/www.ap-dermaestetik.com\/index.php?rest_route=%2Fwp%2Fv2%2Fproduct_tag&post=2153"}],"curies":[{"name":"wp","href":"https:\/\/api.w.org\/{rel}","templated":true}]}}