{"id":2151,"date":"2022-03-24T11:46:42","date_gmt":"2022-03-24T11:46:42","guid":{"rendered":"https:\/\/www.ap-dermaestetik.com\/?post_type=product&#038;p=2151"},"modified":"2022-03-24T11:46:42","modified_gmt":"2022-03-24T11:46:42","slug":"whitening-dual-lift-pack","status":"publish","type":"product","link":"https:\/\/www.ap-dermaestetik.com\/?product=whitening-dual-lift-pack","title":{"rendered":"WHITENING DUAL LIFT\u00ae PACK"},"content":{"rendered":"<div id=\"tab-0-2465\" class=\"tab-pane fade active in\">\n<div class=\"product-description\"><strong>LASTNOSTI:<\/strong><\/div>\n<div class=\"product-description\">\n<p>HYA 4 WHITE PLUS vsebuje 7 aktivnih sestavin, od tega pet aktivnih sestavin, ki vsaka po svoje prekinjajo nastajanje melanina v petih razli\u010dnih stopnjah procesa, od branja zapisa DNA do kon\u010dnega u\u010dinka, ko melanin vznikne na zgornji plasti epidermisa in opazimo pigmentni made\u017e. \u0160tiri od petih sestavin vplivajo tudi na posvetlitev in enakomeren ten ko\u017ee.<span class=\"Apple-converted-space\">\u00a0\u00a0<\/span>HYA 4 WHITE PLUS obenem zagotavlja tudi za\u0161\u010dito pred prostimi radikali in UVA svetlobo. Zaradi ve\u010dstranskega pristopa gre za edinstven proizvod v svetovnem merilu.<br \/>\nGel za posvetlitev ko\u017ee HYA 4 WHITE PLUS je primeren za vse tipe ko\u017ee.<\/p>\n<p>LIA C 6\u00ae SENSI CARE SPF 30 je posebna krema za za\u0161\u010dito pred soncem. U\u010dinkovito za\u0161\u010diti \u0161e tako ob\u010dutljivo ko\u017eo pred neugodnimi posledicami izpostavljanja son\u010dnim \u017earkom, kot so opekline in fotostaranje ko\u017ee. Primerna je tudi za otroke. Hitro se vpije in ne masti ko\u017ee.<br \/>\nFaktor 30 pomeni, da se naravni \u010das za\u0161\u010dite ko\u017ee pred u\u010dinki son\u010dnih \u017earkov podalj\u0161a za 30-krat, pod pogojem, da izdelek v zadostni koli\u010dini in enakomerno nanesemo ter da po umivanju in brisanju ko\u017ee nanos ponovimo. Kljub temu se raje izogibajte intenzivnemu izpostavljanju soncu v opoldanskem \u010dasu, majhnih otrok in dojen\u010dkov pa nikoli ne izpostavljajte neposredni mo\u010dni son\u010dni svetlobi.<br \/>\nKrema LIA C 6\u00ae SENSI CARE LSF 30 vsebuje tudi LIA za\u0161\u010dito (poleg visoke UVB za\u0161\u010dite vsebuje tudi skoraj 100% UVA za\u0161\u010dito ter HDBM \u2013 &#8220;pametni&#8221; lovilec prostih radikalov).<\/p>\n<\/div>\n<div><strong style=\"font-size: 16px; font-family: -apple-system, BlinkMacSystemFont, 'Segoe UI', Roboto, Oxygen-Sans, Ubuntu, Cantarell, 'Helvetica Neue', sans-serif;\">UPORABA:<\/strong><\/div>\n<\/div>\n<div class=\"tab-pane fade active in\">\n<div>Gel HYA 4 WHITE PLUS nanesite dvakrat dnevno na suho in \u010disto ko\u017eo. Ko se vpije, nanesite \u0161e kremo LIA C 6\u00ae SENSI CARE LSF 30. Kremo LIA C 6\u00ae SENSI CARE LSF 30 enakomerno in izdatno nanesite na ko\u017eo pribli\u017eno 30 minut pred izpostavljanjem soncu. \u010ceprav je krema vodoodporna, priporo\u010damo, da se po kopanju v morju ali bazenu vnovi\u010d nama\u017eete.<br \/>\nNanos kreme LIA C 6\u00ae je klju\u010den za prepre\u010devanje nastajanja novih pigmentacij!<br \/>\nZa vidne rezultate uporabljajte vsaj 8 tednov.<\/div>\n<div><\/div>\n<div>\n<div><strong>SESTAVINE:<\/strong><\/div>\n<div>\n<p>&nbsp;<\/p>\n<p><strong>HYA White Plus:<\/strong>AQUA,\u00a0NIACINAMIDE, TRANEXAMIC ACID, C12-15 ALKYL BENZOATE, PENTYLENE GLYCOL, PROPANEDIOL, BUTYL METHOXYDIBENZOYLMETHANE, PHOSPHATIDYLCHOLINE, HYDROXYPHENOXY PROPIONIC ACID, TROXERUTIN, PHENYLETHYL RESORCINOL,\u00a0SODIUM HYALURONATE, ACRYLATES\/VINYL ISODECANOATE CROSSPOLYMER, 1,2-HEXANEDIOL, LANSIUM DOMESTICUM LEAF EXTRACT, CAPRYLHYDROXAMIC ACID, MALTODEXTRIN<\/p>\n<p><strong>LIA C6 SPF 30:\u00a0<\/strong>AQUA, C 12-15 ALKYL BENZOATE, GLYCERIN, CAPRYLIC\/CAPRIC TRIGLYCERIDE, BUTYL METHOXYDIBENZOYLMETHANE, BIS-ETHYLHEXYLOXYPHENOL METHOXYPHENYL TRIAZINE, DIETHYLAMINO HYDROXYBENZOYL HEXYL BENZOATE, DIETHYLHEXYL BUTA-MIDO TRIAZONE, ETHYLHEXYL TRIAZONE, HYDROGENATED PHOSPHATIDYLCHOLINE, PENTYLENE GLYCOL, PROPANEDIOL, BIS-ETHYLHEXYL HYDROXYDIMETHOXY BENZYLMALONATE, 1,2-HEXANEDIOL, BUTYROSPERMUM PARKII BUTTER, HYDROXYPROPYL STARCH PHOSPHATE, ACRYLATES\/VINYL ISODECANOATE CROSSPOLYMER, SQUALANE, XANTHAN GUM, CAPRYLHYDROXAMIC ACID, CERAMIDE NP<\/p>\n<\/div>\n<\/div>\n<div><strong>Pakiranje: <\/strong>2x 30 ml<\/div>\n<\/div>\n","protected":false},"excerpt":{"rendered":"<p>WHITENING DUAL LIFT\u00ae KOMPLET vsebuje HYA 4 WHITE PLUS in LIA C 6\u00ae SENSI CARE SPF 30.<\/p>\n","protected":false},"featured_media":2152,"comment_status":"open","ping_status":"closed","template":"","meta":{"site-sidebar-layout":"default","site-content-layout":"default","ast-site-content-layout":"default","site-content-style":"default","site-sidebar-style":"default","ast-global-header-display":"","ast-banner-title-visibility":"","ast-main-header-display":"","ast-hfb-above-header-display":"","ast-hfb-below-header-display":"","ast-hfb-mobile-header-display":"","site-post-title":"","ast-breadcrumbs-content":"","ast-featured-img":"","footer-sml-layout":"","theme-transparent-header-meta":"default","adv-header-id-meta":"","stick-header-meta":"","header-above-stick-meta":"","header-main-stick-meta":"","header-below-stick-meta":"","astra-migrate-meta-layouts":"default","ast-page-background-enabled":"default","ast-page-background-meta":{"desktop":{"background-color":"var(--ast-global-color-4)","background-image":"","background-repeat":"repeat","background-position":"center center","background-size":"auto","background-attachment":"scroll","background-type":"","background-media":"","overlay-type":"","overlay-color":"","overlay-opacity":"","overlay-gradient":""},"tablet":{"background-color":"","background-image":"","background-repeat":"repeat","background-position":"center center","background-size":"auto","background-attachment":"scroll","background-type":"","background-media":"","overlay-type":"","overlay-color":"","overlay-opacity":"","overlay-gradient":""},"mobile":{"background-color":"","background-image":"","background-repeat":"repeat","background-position":"center center","background-size":"auto","background-attachment":"scroll","background-type":"","background-media":"","overlay-type":"","overlay-color":"","overlay-opacity":"","overlay-gradient":""}},"ast-content-background-meta":{"desktop":{"background-color":"var(--ast-global-color-5)","background-image":"","background-repeat":"repeat","background-position":"center center","background-size":"auto","background-attachment":"scroll","background-type":"","background-media":"","overlay-type":"","overlay-color":"","overlay-opacity":"","overlay-gradient":""},"tablet":{"background-color":"var(--ast-global-color-5)","background-image":"","background-repeat":"repeat","background-position":"center center","background-size":"auto","background-attachment":"scroll","background-type":"","background-media":"","overlay-type":"","overlay-color":"","overlay-opacity":"","overlay-gradient":""},"mobile":{"background-color":"var(--ast-global-color-5)","background-image":"","background-repeat":"repeat","background-position":"center center","background-size":"auto","background-attachment":"scroll","background-type":"","background-media":"","overlay-type":"","overlay-color":"","overlay-opacity":"","overlay-gradient":""}}},"product_brand":[],"product_cat":[16],"product_tag":[],"class_list":{"0":"post-2151","1":"product","2":"type-product","3":"status-publish","4":"has-post-thumbnail","6":"product_cat-uncategorized","7":"desktop-align-left","8":"tablet-align-left","9":"mobile-align-left","11":"first","12":"instock","13":"taxable","14":"shipping-taxable","15":"purchasable","16":"product-type-simple"},"jetpack_sharing_enabled":true,"_links":{"self":[{"href":"https:\/\/www.ap-dermaestetik.com\/index.php?rest_route=\/wp\/v2\/product\/2151","targetHints":{"allow":["GET"]}}],"collection":[{"href":"https:\/\/www.ap-dermaestetik.com\/index.php?rest_route=\/wp\/v2\/product"}],"about":[{"href":"https:\/\/www.ap-dermaestetik.com\/index.php?rest_route=\/wp\/v2\/types\/product"}],"replies":[{"embeddable":true,"href":"https:\/\/www.ap-dermaestetik.com\/index.php?rest_route=%2Fwp%2Fv2%2Fcomments&post=2151"}],"wp:featuredmedia":[{"embeddable":true,"href":"https:\/\/www.ap-dermaestetik.com\/index.php?rest_route=\/wp\/v2\/media\/2152"}],"wp:attachment":[{"href":"https:\/\/www.ap-dermaestetik.com\/index.php?rest_route=%2Fwp%2Fv2%2Fmedia&parent=2151"}],"wp:term":[{"taxonomy":"product_brand","embeddable":true,"href":"https:\/\/www.ap-dermaestetik.com\/index.php?rest_route=%2Fwp%2Fv2%2Fproduct_brand&post=2151"},{"taxonomy":"product_cat","embeddable":true,"href":"https:\/\/www.ap-dermaestetik.com\/index.php?rest_route=%2Fwp%2Fv2%2Fproduct_cat&post=2151"},{"taxonomy":"product_tag","embeddable":true,"href":"https:\/\/www.ap-dermaestetik.com\/index.php?rest_route=%2Fwp%2Fv2%2Fproduct_tag&post=2151"}],"curies":[{"name":"wp","href":"https:\/\/api.w.org\/{rel}","templated":true}]}}