{"id":2146,"date":"2022-03-24T11:25:29","date_gmt":"2022-03-24T11:25:29","guid":{"rendered":"https:\/\/www.ap-dermaestetik.com\/?post_type=product&#038;p=2146"},"modified":"2022-03-24T11:25:29","modified_gmt":"2022-03-24T11:25:29","slug":"lia-c-6-day-cream-24k-gold","status":"publish","type":"product","link":"https:\/\/www.ap-dermaestetik.com\/?product=lia-c-6-day-cream-24k-gold","title":{"rendered":"LIA C 6\u00ae DAY CREAM 24K GOLD"},"content":{"rendered":"<div class=\"product-description\">\n<div id=\"tab-0-2465\" class=\"tab-pane fade active in\">\n<div class=\"product-description\"><strong>LASTNOSTI:<\/strong><\/div>\n<div class=\"product-description\">LIA C 6\u00ae DAY CREAM 24K GOLD je dnevna krema za normalno do zmerno suho ko\u017eo, ob\u010dutljivo na parfume, saj ne vsebuje parfumskega olja.<br \/>\nKrema optimalno za\u0161\u010diti ko\u017eo pred zunanjimi vplivi in ji nudi vse, kar potrebuje za skrbno negovan mladosten videz. Poleg trojne za\u0161\u010dite LIA (skoraj 100-odstotna UVA za\u0161\u010dita, 84-odstotna UVB za\u0161\u010dita ter HBDM \u2013 pametni lovilec prostih radikalov) vsebuje tudi aktivne sestavine za glajenje gub in sicer visoko u\u010dinkovite signalne peptide, ki delujejo kot spodbujevalci kolagena in elastina (Matrixyl\u00ae in Idealift).<br \/>\nKrema LIA C 6\u00ae DAY CREAM 24K GOLD nudi tudi za\u0161\u010dito pred radikali, ki nastanejo zaradi IR sevanja in poskrbi za sijo\u010do ko\u017eo.<\/div>\n<div><\/div>\n<\/div>\n<div class=\"tab-pane fade active in\">\n<div>\n<div><strong>UPORABA:<\/strong><\/div>\n<\/div>\n<div>Kremo LIA C 6\u00ae DAY 24K GOLD nanesite na \u010dist in suh obraz (tudi na vrat in dekolte). Za optimalno nego in ve\u010dji u\u010dinek nanesite pred nanosom kreme izbrani hialuronski gel HYA 4\u00a0 ali enega od serumov.<br \/>\nKrema je primerna za normalno ter suho ko\u017eo.<\/div>\n<div><\/div>\n<div>\n<div><strong>SESTAVINE:<\/strong><\/div>\n<div>AQUA, GLYCERIN, BUTYROSPERMUM PARKII BUTTER, BUTYLENE GLYCOL, OCTOCRYLENE, BUTYL METHOXYDIBENZOYLMETHANE, CAPRYLIC\/CAPRIC TRIGLYCERIDE, HYDROGENATED PHOSPHATIDYLCHOLINE, PENTYLENE GLYCOL, PROPYLHEPTYL CAPRYLATE, LIMNANTHES ALBA SEED OIL, DIETHYLAMINO HYDROXYBENZOYL HEXYL BENZOATE, PROPANEDIOL, C12-15 ALKYL BENZOATE, BIS-ETHYLHEXYL HYDROXYDIMETHOXY BENZYLMALONATE, TOCOPHERYL ACETATE, 1,2-HEXANEDIOL, SQUALANE, SODIUM ACRYLATE\/SODIUM ACRYLOYLDIMETHYL TAURATE COPOLYMER, ACRYLATES\/VINYL ISODECANOATE CROSSPOLYMER, HYDROXYETHYLCELLULOSE, CAPRYLHYDROXAMIC ACID, ACETYL DIPEPTIDE-1 CETYL ESTER, CARBOMER, CERAMIDE NP, PALMITOYL TRIPEPTIDE-1, PALMITOYL TETRAPEPTIDE-7, GOLD (CI 77480)<\/div>\n<\/div>\n<\/div>\n<\/div>\n","protected":false},"excerpt":{"rendered":"<p>LIA C 6\u00ae DAY CREAM 24K GOLD je dnevna krema z zlatom, za normalno do zmerno suho ko\u017eo, ob\u010dutljivo na parfume, saj ne vsebuje parfumskega olja.<\/p>\n","protected":false},"featured_media":2147,"comment_status":"open","ping_status":"closed","template":"","meta":{"site-sidebar-layout":"default","site-content-layout":"default","ast-site-content-layout":"default","site-content-style":"default","site-sidebar-style":"default","ast-global-header-display":"","ast-banner-title-visibility":"","ast-main-header-display":"","ast-hfb-above-header-display":"","ast-hfb-below-header-display":"","ast-hfb-mobile-header-display":"","site-post-title":"","ast-breadcrumbs-content":"","ast-featured-img":"","footer-sml-layout":"","theme-transparent-header-meta":"default","adv-header-id-meta":"","stick-header-meta":"","header-above-stick-meta":"","header-main-stick-meta":"","header-below-stick-meta":"","astra-migrate-meta-layouts":"default","ast-page-background-enabled":"default","ast-page-background-meta":{"desktop":{"background-color":"var(--ast-global-color-4)","background-image":"","background-repeat":"repeat","background-position":"center center","background-size":"auto","background-attachment":"scroll","background-type":"","background-media":"","overlay-type":"","overlay-color":"","overlay-opacity":"","overlay-gradient":""},"tablet":{"background-color":"","background-image":"","background-repeat":"repeat","background-position":"center center","background-size":"auto","background-attachment":"scroll","background-type":"","background-media":"","overlay-type":"","overlay-color":"","overlay-opacity":"","overlay-gradient":""},"mobile":{"background-color":"","background-image":"","background-repeat":"repeat","background-position":"center center","background-size":"auto","background-attachment":"scroll","background-type":"","background-media":"","overlay-type":"","overlay-color":"","overlay-opacity":"","overlay-gradient":""}},"ast-content-background-meta":{"desktop":{"background-color":"var(--ast-global-color-5)","background-image":"","background-repeat":"repeat","background-position":"center center","background-size":"auto","background-attachment":"scroll","background-type":"","background-media":"","overlay-type":"","overlay-color":"","overlay-opacity":"","overlay-gradient":""},"tablet":{"background-color":"var(--ast-global-color-5)","background-image":"","background-repeat":"repeat","background-position":"center center","background-size":"auto","background-attachment":"scroll","background-type":"","background-media":"","overlay-type":"","overlay-color":"","overlay-opacity":"","overlay-gradient":""},"mobile":{"background-color":"var(--ast-global-color-5)","background-image":"","background-repeat":"repeat","background-position":"center center","background-size":"auto","background-attachment":"scroll","background-type":"","background-media":"","overlay-type":"","overlay-color":"","overlay-opacity":"","overlay-gradient":""}}},"product_brand":[],"product_cat":[16],"product_tag":[],"class_list":{"0":"post-2146","1":"product","2":"type-product","3":"status-publish","4":"has-post-thumbnail","6":"product_cat-uncategorized","7":"desktop-align-left","8":"tablet-align-left","9":"mobile-align-left","11":"first","12":"instock","13":"taxable","14":"shipping-taxable","15":"purchasable","16":"product-type-simple"},"jetpack_sharing_enabled":true,"_links":{"self":[{"href":"https:\/\/www.ap-dermaestetik.com\/index.php?rest_route=\/wp\/v2\/product\/2146","targetHints":{"allow":["GET"]}}],"collection":[{"href":"https:\/\/www.ap-dermaestetik.com\/index.php?rest_route=\/wp\/v2\/product"}],"about":[{"href":"https:\/\/www.ap-dermaestetik.com\/index.php?rest_route=\/wp\/v2\/types\/product"}],"replies":[{"embeddable":true,"href":"https:\/\/www.ap-dermaestetik.com\/index.php?rest_route=%2Fwp%2Fv2%2Fcomments&post=2146"}],"wp:featuredmedia":[{"embeddable":true,"href":"https:\/\/www.ap-dermaestetik.com\/index.php?rest_route=\/wp\/v2\/media\/2147"}],"wp:attachment":[{"href":"https:\/\/www.ap-dermaestetik.com\/index.php?rest_route=%2Fwp%2Fv2%2Fmedia&parent=2146"}],"wp:term":[{"taxonomy":"product_brand","embeddable":true,"href":"https:\/\/www.ap-dermaestetik.com\/index.php?rest_route=%2Fwp%2Fv2%2Fproduct_brand&post=2146"},{"taxonomy":"product_cat","embeddable":true,"href":"https:\/\/www.ap-dermaestetik.com\/index.php?rest_route=%2Fwp%2Fv2%2Fproduct_cat&post=2146"},{"taxonomy":"product_tag","embeddable":true,"href":"https:\/\/www.ap-dermaestetik.com\/index.php?rest_route=%2Fwp%2Fv2%2Fproduct_tag&post=2146"}],"curies":[{"name":"wp","href":"https:\/\/api.w.org\/{rel}","templated":true}]}}