{"id":1571,"date":"2022-02-24T10:59:04","date_gmt":"2022-02-24T10:59:04","guid":{"rendered":"https:\/\/www.ap-dermaestetik.com\/?post_type=product&#038;p=1571"},"modified":"2022-10-24T13:48:25","modified_gmt":"2022-10-24T11:48:25","slug":"moisture-glow-hydragel-eye-mask","status":"publish","type":"product","link":"https:\/\/www.ap-dermaestetik.com\/?product=moisture-glow-hydragel-eye-mask","title":{"rendered":"MOISTURE GLOW HYDRAGEL EYE MASK"},"content":{"rendered":"<p><strong>LASTNOSTI<br \/>\n<\/strong><\/p>\n<p class=\"p1\">Utrujenost, staranje ko\u017ee, prehrana in stres se pogosto odra\u017eajo na va\u0161em o\u010desnem predelu. Da bi mu povrnili sijo\u010d videz, smo razvili hidrogelno masko za o\u010di, ki zagotavlja intenzivno vlago in s pomo\u010djo peptidnega kompleksa prepre\u010duje staranje ko\u017ee. Hialuronska kislina ima \u2018lifting\u2018 u\u010dinek, poseben efekt pa dose\u017eemo z naravnimi zlato obarvanimi pigmenti, ki dajo va\u0161im o\u010dem sijo\u010d videz. Primerna za vse tipe ko\u017ee.<\/p>\n<p><strong>UPORABA<br \/>\n<\/strong><\/p>\n<p class=\"p1\">s prilo\u017eeno lopatko vzemite posamezno o\u010desno masko iz embala\u017ee. Masko polo\u017eite na o\u010di\u0161\u010deno ko\u017eo pod o\u010dmi. \u0160ir\u0161a stran o\u010desne maske naj bo obrnjena navzven. Najbolje je, da se ule\u017eete, saj lahko maska sicer na za\u010detku zdrsne navzdol. Sprostite se za 15\u201325 minut. Masko nato odstranite. Zatem priporo\u010damo \u0161e nanos primerne kreme LIA C 6\u00ae.<\/p>\n<p><strong>SESTAVINE<br \/>\n<\/strong><\/p>\n<p class=\"p1\">AQUA, GLYCERIN, CERATONIA SILIQUA GUM, SODIUM CARRAGEENAN, HYDROXYACETOPHENONE, 1,2-HEXANEDIOL, POTASSIUM CITRATE, MICA, CITRIC ACID, BUTYLENE GLYCOL, ISOPENTYLDIOL, SODIUM POLYACRYLATE STARCH, ARGININE\/LYSINE POLYPEPTIDE, CYSTEINE, SERINE, SODIUM HYALURONATE<\/p>\n","protected":false},"excerpt":{"rendered":"<p>Vla\u017eilna in sijo\u010da maska za o\u010di<\/p>\n","protected":false},"featured_media":3545,"comment_status":"open","ping_status":"closed","template":"","meta":{"site-sidebar-layout":"default","site-content-layout":"default","ast-site-content-layout":"default","site-content-style":"default","site-sidebar-style":"default","ast-global-header-display":"","ast-banner-title-visibility":"","ast-main-header-display":"","ast-hfb-above-header-display":"","ast-hfb-below-header-display":"","ast-hfb-mobile-header-display":"","site-post-title":"","ast-breadcrumbs-content":"","ast-featured-img":"","footer-sml-layout":"","theme-transparent-header-meta":"default","adv-header-id-meta":"","stick-header-meta":"","header-above-stick-meta":"","header-main-stick-meta":"","header-below-stick-meta":"","astra-migrate-meta-layouts":"default","ast-page-background-enabled":"default","ast-page-background-meta":{"desktop":{"background-color":"var(--ast-global-color-4)","background-image":"","background-repeat":"repeat","background-position":"center center","background-size":"auto","background-attachment":"scroll","background-type":"","background-media":"","overlay-type":"","overlay-color":"","overlay-opacity":"","overlay-gradient":""},"tablet":{"background-color":"","background-image":"","background-repeat":"repeat","background-position":"center center","background-size":"auto","background-attachment":"scroll","background-type":"","background-media":"","overlay-type":"","overlay-color":"","overlay-opacity":"","overlay-gradient":""},"mobile":{"background-color":"","background-image":"","background-repeat":"repeat","background-position":"center center","background-size":"auto","background-attachment":"scroll","background-type":"","background-media":"","overlay-type":"","overlay-color":"","overlay-opacity":"","overlay-gradient":""}},"ast-content-background-meta":{"desktop":{"background-color":"var(--ast-global-color-5)","background-image":"","background-repeat":"repeat","background-position":"center center","background-size":"auto","background-attachment":"scroll","background-type":"","background-media":"","overlay-type":"","overlay-color":"","overlay-opacity":"","overlay-gradient":""},"tablet":{"background-color":"var(--ast-global-color-5)","background-image":"","background-repeat":"repeat","background-position":"center center","background-size":"auto","background-attachment":"scroll","background-type":"","background-media":"","overlay-type":"","overlay-color":"","overlay-opacity":"","overlay-gradient":""},"mobile":{"background-color":"var(--ast-global-color-5)","background-image":"","background-repeat":"repeat","background-position":"center center","background-size":"auto","background-attachment":"scroll","background-type":"","background-media":"","overlay-type":"","overlay-color":"","overlay-opacity":"","overlay-gradient":""}}},"product_brand":[],"product_cat":[67],"product_tag":[],"class_list":{"0":"post-1571","1":"product","2":"type-product","3":"status-publish","4":"has-post-thumbnail","6":"product_cat-maske","7":"desktop-align-left","8":"tablet-align-left","9":"mobile-align-left","11":"first","12":"instock","13":"taxable","14":"shipping-taxable","15":"purchasable","16":"product-type-simple"},"jetpack_sharing_enabled":true,"_links":{"self":[{"href":"https:\/\/www.ap-dermaestetik.com\/index.php?rest_route=\/wp\/v2\/product\/1571","targetHints":{"allow":["GET"]}}],"collection":[{"href":"https:\/\/www.ap-dermaestetik.com\/index.php?rest_route=\/wp\/v2\/product"}],"about":[{"href":"https:\/\/www.ap-dermaestetik.com\/index.php?rest_route=\/wp\/v2\/types\/product"}],"replies":[{"embeddable":true,"href":"https:\/\/www.ap-dermaestetik.com\/index.php?rest_route=%2Fwp%2Fv2%2Fcomments&post=1571"}],"wp:featuredmedia":[{"embeddable":true,"href":"https:\/\/www.ap-dermaestetik.com\/index.php?rest_route=\/wp\/v2\/media\/3545"}],"wp:attachment":[{"href":"https:\/\/www.ap-dermaestetik.com\/index.php?rest_route=%2Fwp%2Fv2%2Fmedia&parent=1571"}],"wp:term":[{"taxonomy":"product_brand","embeddable":true,"href":"https:\/\/www.ap-dermaestetik.com\/index.php?rest_route=%2Fwp%2Fv2%2Fproduct_brand&post=1571"},{"taxonomy":"product_cat","embeddable":true,"href":"https:\/\/www.ap-dermaestetik.com\/index.php?rest_route=%2Fwp%2Fv2%2Fproduct_cat&post=1571"},{"taxonomy":"product_tag","embeddable":true,"href":"https:\/\/www.ap-dermaestetik.com\/index.php?rest_route=%2Fwp%2Fv2%2Fproduct_tag&post=1571"}],"curies":[{"name":"wp","href":"https:\/\/api.w.org\/{rel}","templated":true}]}}