{"id":1567,"date":"2022-02-24T10:48:39","date_gmt":"2022-02-24T10:48:39","guid":{"rendered":"https:\/\/www.ap-dermaestetik.com\/?post_type=product&#038;p=1567"},"modified":"2023-11-23T22:21:24","modified_gmt":"2023-11-23T21:21:24","slug":"pg-balance-solution","status":"publish","type":"product","link":"https:\/\/www.ap-dermaestetik.com\/?product=pg-balance-solution","title":{"rendered":"PH BALANCE SOLUTION"},"content":{"rendered":"<p><strong>LASTNOSTI<br \/>\n<\/strong><\/p>\n<p>Osnova izdelka je\u00a0fiziolo\u0161ka\u00a0raztopina, ki deluje antisepti\u010dno in izotoni\u010dno.\u00a0 Antisepti\u010dno delovanje zagotavlja \u010disto povr\u0161ino ko\u017ee. Izotoni\u010dne lastnosti\u00a0fiziolo\u0161ke raztopine ohranjajo v celicah ravnovesje teko\u010din, delujejo vla\u017eilno ter prepre\u010dujejo nadaljno izgubo vlage. Visoke koncentracije pomirjujo\u010dih u\u010dinkovin d-pantenola in alantoina zmanj\u0161ujejo rde\u010dico in delujejo na ko\u017eo blagodejno. Zagotavljanje ravnovesja teko\u010din v celicah ko\u017ee je \u0161e posebaj pomembno pri povr\u0161insko po\u0161kodovani ko\u017ei, saj vpliva na procese obnove. Izdelek je \u0161e posebno priporo\u010dljiv za\u00a0 rozaceo in seboroi\u010dni dermatitis ter \u200bvse tipe ko\u017e po klasi\u010dni razdelitvi. pH izdelka: 4.7<\/p>\n<p>&nbsp;<\/p>\n<p><strong>UPORABA<br \/>\n<\/strong><\/p>\n<p class=\"p1\">Nanesite majhno koli\u010dino izdelka, pome\u0161anega z mla\u010dno vodo, na povr\u0161ino ko\u017ee celega obraza. Po\u010dakajte eno minuto ter nato z vatiranimi blazinicami in\u00a0 kro\u017enimi gibi obraz ne\u017eno obri\u0161ite. Ko je ko\u017ea o\u010di\u0161\u010dena, jo sperite z mla\u010dno vodo. Za \u010di\u0161\u010denje obmo\u010dja okoli o\u010di, o\u010di zaprite. \u010ce izdelek vstopi v o\u010di, sperite o\u010di s teko\u010do vodo. Priporo\u010dena je vsakodnevna uporaba.<\/p>\n<p><strong>SESTAVINE<br \/>\n<\/strong><\/p>\n<p class=\"p1\">Aqua, Glycolipids, Glycerin, Betaine, Polyglyceryl-6 Caprylate, Polyglyceryl-4 Caprate, Lysolecithin, Sclerotium Gum, Xanthan Gum, Pullulan, Sorbitan Caprylate, Propanediol, Benzoic Acid, Saccharide Isomerate, Citric Acid, Sodium Citrate, Allantoin, Zinc Gluconate.<\/p>\n","protected":false},"excerpt":{"rendered":"<p>Pomirja in zmanj\u0161uje rde\u010dico<\/p>\n<p><strong>Dermatologically Tested<\/strong><\/p>\n<p>5% D-Panthenol &amp; Fiziolo\u0161ka raztopina<\/p>\n","protected":false},"featured_media":1568,"comment_status":"open","ping_status":"closed","template":"","meta":{"site-sidebar-layout":"default","site-content-layout":"default","ast-site-content-layout":"default","site-content-style":"default","site-sidebar-style":"default","ast-global-header-display":"","ast-banner-title-visibility":"","ast-main-header-display":"","ast-hfb-above-header-display":"","ast-hfb-below-header-display":"","ast-hfb-mobile-header-display":"","site-post-title":"","ast-breadcrumbs-content":"","ast-featured-img":"","footer-sml-layout":"","theme-transparent-header-meta":"default","adv-header-id-meta":"","stick-header-meta":"","header-above-stick-meta":"","header-main-stick-meta":"","header-below-stick-meta":"","astra-migrate-meta-layouts":"set","ast-page-background-enabled":"default","ast-page-background-meta":{"desktop":{"background-color":"var(--ast-global-color-4)","background-image":"","background-repeat":"repeat","background-position":"center center","background-size":"auto","background-attachment":"scroll","background-type":"","background-media":"","overlay-type":"","overlay-color":"","overlay-opacity":"","overlay-gradient":""},"tablet":{"background-color":"","background-image":"","background-repeat":"repeat","background-position":"center center","background-size":"auto","background-attachment":"scroll","background-type":"","background-media":"","overlay-type":"","overlay-color":"","overlay-opacity":"","overlay-gradient":""},"mobile":{"background-color":"","background-image":"","background-repeat":"repeat","background-position":"center center","background-size":"auto","background-attachment":"scroll","background-type":"","background-media":"","overlay-type":"","overlay-color":"","overlay-opacity":"","overlay-gradient":""}},"ast-content-background-meta":{"desktop":{"background-color":"var(--ast-global-color-5)","background-image":"","background-repeat":"repeat","background-position":"center center","background-size":"auto","background-attachment":"scroll","background-type":"","background-media":"","overlay-type":"","overlay-color":"","overlay-opacity":"","overlay-gradient":""},"tablet":{"background-color":"var(--ast-global-color-5)","background-image":"","background-repeat":"repeat","background-position":"center center","background-size":"auto","background-attachment":"scroll","background-type":"","background-media":"","overlay-type":"","overlay-color":"","overlay-opacity":"","overlay-gradient":""},"mobile":{"background-color":"var(--ast-global-color-5)","background-image":"","background-repeat":"repeat","background-position":"center center","background-size":"auto","background-attachment":"scroll","background-type":"","background-media":"","overlay-type":"","overlay-color":"","overlay-opacity":"","overlay-gradient":""}}},"product_brand":[],"product_cat":[64],"product_tag":[],"class_list":{"0":"post-1567","1":"product","2":"type-product","3":"status-publish","4":"has-post-thumbnail","6":"product_cat-toniki","7":"desktop-align-left","8":"tablet-align-left","9":"mobile-align-left","11":"first","12":"instock","13":"featured","14":"taxable","15":"shipping-taxable","16":"purchasable","17":"product-type-simple"},"jetpack_sharing_enabled":true,"_links":{"self":[{"href":"https:\/\/www.ap-dermaestetik.com\/index.php?rest_route=\/wp\/v2\/product\/1567","targetHints":{"allow":["GET"]}}],"collection":[{"href":"https:\/\/www.ap-dermaestetik.com\/index.php?rest_route=\/wp\/v2\/product"}],"about":[{"href":"https:\/\/www.ap-dermaestetik.com\/index.php?rest_route=\/wp\/v2\/types\/product"}],"replies":[{"embeddable":true,"href":"https:\/\/www.ap-dermaestetik.com\/index.php?rest_route=%2Fwp%2Fv2%2Fcomments&post=1567"}],"wp:featuredmedia":[{"embeddable":true,"href":"https:\/\/www.ap-dermaestetik.com\/index.php?rest_route=\/wp\/v2\/media\/1568"}],"wp:attachment":[{"href":"https:\/\/www.ap-dermaestetik.com\/index.php?rest_route=%2Fwp%2Fv2%2Fmedia&parent=1567"}],"wp:term":[{"taxonomy":"product_brand","embeddable":true,"href":"https:\/\/www.ap-dermaestetik.com\/index.php?rest_route=%2Fwp%2Fv2%2Fproduct_brand&post=1567"},{"taxonomy":"product_cat","embeddable":true,"href":"https:\/\/www.ap-dermaestetik.com\/index.php?rest_route=%2Fwp%2Fv2%2Fproduct_cat&post=1567"},{"taxonomy":"product_tag","embeddable":true,"href":"https:\/\/www.ap-dermaestetik.com\/index.php?rest_route=%2Fwp%2Fv2%2Fproduct_tag&post=1567"}],"curies":[{"name":"wp","href":"https:\/\/api.w.org\/{rel}","templated":true}]}}