{"id":1562,"date":"2022-02-24T09:44:51","date_gmt":"2022-02-24T08:44:51","guid":{"rendered":"https:\/\/www.ap-dermaestetik.com\/?post_type=product&#038;p=1562"},"modified":"2023-11-23T22:22:17","modified_gmt":"2023-11-23T21:22:17","slug":"barrier-safe-cleanser","status":"publish","type":"product","link":"https:\/\/www.ap-dermaestetik.com\/?product=barrier-safe-cleanser","title":{"rendered":"BARRIER SAFE CLEANSER"},"content":{"rendered":"<p><strong>LASTNOSTI<br \/>\n<\/strong><\/p>\n<p><strong>Barrier safe Cleanser<\/strong> je ne\u017een a u\u010dinkovit negovalen in vla\u017eilen \u010distilec za splo\u0161no \u010di\u0161\u010denje obraza, odstranjevanje li\u010dil ter maskare. Kremasta formula zlahka in temeljito o\u010disti nakopi\u010dene odmrle celice ter ne\u010disto\u010de iz ko\u017ee. Povrhnjico osve\u017ei in navla\u017ei ter hkrati ne po\u0161koduje ob\u010dutljivo strukturo bariere ko\u017ee. Glavna u\u010dinkovina \u010distila so bio-penilci glikolipidi, z odli\u010dnimi \u010distilnimi lastnostmi, kateri v primerjavi z drugimi penilci ne vplivajo na bariero ko\u017ee. Glikolipidi so izjemno blagi do ko\u017ee in sluznice. Minimalen vpliv glikolipidov na bariero ko\u017ee, dokazujejo Zein IN-VITRO testi, pri katerih so dokazali, da glikolipidi ne povzro\u010dajo razgradnjo proteinov ko\u017ee. Poleg tega, glikolipidi temeljijo na 100% obnovljivih naravnih sestavinah, so 100% biolo\u0161ko razgradljivi ter prispevajo k zmanj\u0161anju odpadkov v naravnih vodah in morskih ekosistemih.<\/p>\n<p>Formulacija je obogatena z amino kislinami in humektanti, ki ko\u017eo vla\u017eijo. Amino kislina betain je popolnoma naravna vla\u017eilna u\u010dinkovina. Deluje kot osmoprotektant. Osmoprotektanti \u00a0\u00a0uravnavajo osmotsko razliko med teko\u010dino zunaj celi\u010dnega matriksa in notranjim celi\u010dnim fluidom. Betain zagotavlja ravnovesje teko\u010din in vla\u017ei ko\u017eo \u017ee v fazi \u010di\u0161\u010denja.\u00a0 Alantoin in cink \u0161\u010ditita povrhnjico pred prostimi radikali, delujeta pomirjujo\u010de in zmanj\u0161ujeta hipereaktivnost ko\u017ee. Izdelek je primeren za vse tipe ko\u017ee po klasi\u010dni razdelitvi, ob\u010dutljivo ko\u017eo ter ko\u017eo po intenzivnih tretmajih.<\/p>\n<p><strong>UPORABA<br \/>\n<\/strong><\/p>\n<p class=\"p1\">Nanesite majhno koli\u010dino izdelka, pome\u0161anega z mla\u010dno vodo, na povr\u0161ino ko\u017ee celega obraza. Po\u010dakajte eno minuto ter nato z vatiranimi blazinicami in\u00a0 kro\u017enimi gibi obraz ne\u017eno obri\u0161ite. Ko je ko\u017ea o\u010di\u0161\u010dena, jo sperite z mla\u010dno vodo. Za \u010di\u0161\u010denje obmo\u010dja okoli o\u010di, o\u010di zaprite. \u010ce izdelek vstopi v o\u010di, sperite o\u010di s teko\u010do vodo. Priporo\u010dena je vsakodnevna uporaba.<\/p>\n<p><strong>SESTAVINE<br \/>\n<\/strong><\/p>\n<p class=\"p1\">Aqua, Glycolipids, Glycerin, Betaine, Polyglyceryl-6 Caprylate, Polyglyceryl-4 Caprate, Lysolecithin, Sclerotium Gum, Xanthan Gum, Pullulan, Sorbitan Caprylate, Propanediol, Benzoic Acid, Saccharide Isomerate, Citric Acid, Sodium Citrate, Allantoin, Zinc Gluconate.<\/p>\n","protected":false},"excerpt":{"rendered":"<p>Barrier safe Cleanser je ne\u017een a u\u010dinkovit negovalen in vla\u017eilen \u010distilec za splo\u0161no \u010di\u0161\u010denje obraza, odstranjevanje li\u010dil ter maskare. Vla\u017ei in deluje proti rde\u010dici Dermatolo\u0161ko testirano Amino kisline &amp; Cink<\/p>\n","protected":false},"featured_media":1563,"comment_status":"open","ping_status":"closed","template":"","meta":{"site-sidebar-layout":"default","site-content-layout":"default","ast-site-content-layout":"default","site-content-style":"default","site-sidebar-style":"default","ast-global-header-display":"","ast-banner-title-visibility":"","ast-main-header-display":"","ast-hfb-above-header-display":"","ast-hfb-below-header-display":"","ast-hfb-mobile-header-display":"","site-post-title":"","ast-breadcrumbs-content":"","ast-featured-img":"","footer-sml-layout":"","theme-transparent-header-meta":"default","adv-header-id-meta":"","stick-header-meta":"","header-above-stick-meta":"","header-main-stick-meta":"","header-below-stick-meta":"","astra-migrate-meta-layouts":"set","ast-page-background-enabled":"default","ast-page-background-meta":{"desktop":{"background-color":"var(--ast-global-color-4)","background-image":"","background-repeat":"repeat","background-position":"center center","background-size":"auto","background-attachment":"scroll","background-type":"","background-media":"","overlay-type":"","overlay-color":"","overlay-opacity":"","overlay-gradient":""},"tablet":{"background-color":"","background-image":"","background-repeat":"repeat","background-position":"center center","background-size":"auto","background-attachment":"scroll","background-type":"","background-media":"","overlay-type":"","overlay-color":"","overlay-opacity":"","overlay-gradient":""},"mobile":{"background-color":"","background-image":"","background-repeat":"repeat","background-position":"center center","background-size":"auto","background-attachment":"scroll","background-type":"","background-media":"","overlay-type":"","overlay-color":"","overlay-opacity":"","overlay-gradient":""}},"ast-content-background-meta":{"desktop":{"background-color":"var(--ast-global-color-5)","background-image":"","background-repeat":"repeat","background-position":"center center","background-size":"auto","background-attachment":"scroll","background-type":"","background-media":"","overlay-type":"","overlay-color":"","overlay-opacity":"","overlay-gradient":""},"tablet":{"background-color":"var(--ast-global-color-5)","background-image":"","background-repeat":"repeat","background-position":"center center","background-size":"auto","background-attachment":"scroll","background-type":"","background-media":"","overlay-type":"","overlay-color":"","overlay-opacity":"","overlay-gradient":""},"mobile":{"background-color":"var(--ast-global-color-5)","background-image":"","background-repeat":"repeat","background-position":"center center","background-size":"auto","background-attachment":"scroll","background-type":"","background-media":"","overlay-type":"","overlay-color":"","overlay-opacity":"","overlay-gradient":""}}},"product_brand":[],"product_cat":[66],"product_tag":[],"class_list":{"0":"post-1562","1":"product","2":"type-product","3":"status-publish","4":"has-post-thumbnail","6":"product_cat-cistilna-sredstva","7":"desktop-align-left","8":"tablet-align-left","9":"mobile-align-left","11":"first","12":"instock","13":"taxable","14":"shipping-taxable","15":"purchasable","16":"product-type-simple"},"jetpack_sharing_enabled":true,"_links":{"self":[{"href":"https:\/\/www.ap-dermaestetik.com\/index.php?rest_route=\/wp\/v2\/product\/1562","targetHints":{"allow":["GET"]}}],"collection":[{"href":"https:\/\/www.ap-dermaestetik.com\/index.php?rest_route=\/wp\/v2\/product"}],"about":[{"href":"https:\/\/www.ap-dermaestetik.com\/index.php?rest_route=\/wp\/v2\/types\/product"}],"replies":[{"embeddable":true,"href":"https:\/\/www.ap-dermaestetik.com\/index.php?rest_route=%2Fwp%2Fv2%2Fcomments&post=1562"}],"wp:featuredmedia":[{"embeddable":true,"href":"https:\/\/www.ap-dermaestetik.com\/index.php?rest_route=\/wp\/v2\/media\/1563"}],"wp:attachment":[{"href":"https:\/\/www.ap-dermaestetik.com\/index.php?rest_route=%2Fwp%2Fv2%2Fmedia&parent=1562"}],"wp:term":[{"taxonomy":"product_brand","embeddable":true,"href":"https:\/\/www.ap-dermaestetik.com\/index.php?rest_route=%2Fwp%2Fv2%2Fproduct_brand&post=1562"},{"taxonomy":"product_cat","embeddable":true,"href":"https:\/\/www.ap-dermaestetik.com\/index.php?rest_route=%2Fwp%2Fv2%2Fproduct_cat&post=1562"},{"taxonomy":"product_tag","embeddable":true,"href":"https:\/\/www.ap-dermaestetik.com\/index.php?rest_route=%2Fwp%2Fv2%2Fproduct_tag&post=1562"}],"curies":[{"name":"wp","href":"https:\/\/api.w.org\/{rel}","templated":true}]}}