{"id":1474,"date":"2022-02-22T07:22:04","date_gmt":"2022-02-22T07:22:04","guid":{"rendered":"https:\/\/www.ap-dermaestetik.com\/?post_type=product&#038;p=1474"},"modified":"2022-10-26T23:15:43","modified_gmt":"2022-10-26T21:15:43","slug":"lia-c-6-sensi-care-spf-30","status":"publish","type":"product","link":"https:\/\/www.ap-dermaestetik.com\/?product=lia-c-6-sensi-care-spf-30","title":{"rendered":"LIA C 6\u00ae SENSI CARE SPF 30"},"content":{"rendered":"<p><strong>LASTNOSTI<br \/>\n<\/strong><\/p>\n<p class=\"p1\">LIA C 6\u00ae SENSI CARE SPF 30 je posebna krema za za\u0161\u010dito pred soncem. U\u010dinkovito za\u0161\u010diti \u0161e tako ob\u010dutljivo ko\u017eo pred neugodnimi posledicami izpostavljanja son\u010dnim \u017earkom, kot so opekline in fotostaranje ko\u017ee. Primerna je tudi za otroke. Hitro se vpije in ne masti ko\u017ee.<br \/>\nZa\u0161\u010ditni faktor 30 pomeni, da se naravni \u010das za\u0161\u010dite ko\u017ee pred u\u010dinki UVB son\u010dnih \u017earkov podalj\u0161a za 30-krat, pod pogojem, da izdelek v zadostni koli\u010dini in enakomerno nanesemo ter da po umivanju in \/ ali brisanju ko\u017ee nanos ponovimo. Kljub temu se raje izogibajte intenzivnemu izpostavljanju soncu v opoldanskem \u010dasu, majhnih otrok in dojen\u010dkov pa nikoli ne izpostavljajte neposredni mo\u010dni son\u010dni svetlobi.<br \/>\nKrema LIA C 6\u00ae SENSI CARE LSF 30 poleg visoke UVB za\u0161\u010dite (ve\u010d kot 96,6-odstotna) vsebuje tudi skoraj 100-odstotno za\u0161\u010dito pred staranjem ko\u017ee zaradi vpliva svetlobe.<\/p>\n<ul class=\"ul1\">\n<li class=\"li1\">Skoraj 100-odstotna za\u0161\u010dita pred staranjem ko\u017ee zaradi vpliva svetlobe (visoka UVA za\u0161\u010dita s pomo\u010djo treh razli\u010dnih UVA filtrov vpetih v LMS kremno osnovo ter HDBM \u2013 &#8220;pametnega&#8221; lovilca prostih radikalov).<\/li>\n<li class=\"li1\">Kremna osnova brez emulgatorjev \u0161\u010diti in obnavlja naravno lipidno bariero poro\u017eenele plasti ko\u017ee.<\/li>\n<li class=\"li1\">Zahvaljujo\u010d LMS kremni osnovi, ki ne vsebuje emulgatorjev, filtri ostanejo v poro\u017eeneli plasti povrhnjice in ne prodirajo globje v ko\u017eo.<\/li>\n<li class=\"li1\">Z uporabo vseh na\u0161ih krem za LIA za\u0161\u010dito, se bo ko\u017ea starala le \u0161e s polovi\u010dno hitrostjo.<\/li>\n<li class=\"li1\">Brez konzervansov (primerna tudi za tiste, ki so nanje ob\u010dutljivi).<\/li>\n<\/ul>\n<p class=\"p1\">LIA C 6\u00ae SENSI CARE SPF 30 je primerna za vse tipe ko\u017ee.<\/p>\n<p><strong>UPORABA<br \/>\n<\/strong><\/p>\n<p class=\"p1\">Kremo LIA C 6\u00ae SENSI CARE SPF 30 enakomerno in izdatno nanesite na ko\u017eo pribli\u017eno 30 minut pred izpostavljanjem soncu. \u010ceprav je krema vodoodporna, priporo\u010damo, da se po kopanju v morju ali bazenu vnovi\u010d nama\u017eete.<\/p>\n<p><strong>SESTAVINE<br \/>\n<\/strong><\/p>\n<p class=\"p1\">AQUA, C12-15 ALKYL BENZOATE, BIS-ETHYLHEXYLOXYPHENOL METHOXYPHENYL TRIAZINE, GLYCERIN, CAPRYLIC\/CAPRIC TRIGLYCERIDE, DIETHYLAMINO HYDROXYBENZOYL HEXYL BENZOATE, ETHYLHEXYL TRIAZONE, BUTYL METHOXYDIBENZOYLMETHANE, DIETHYLHEXYL BUTAMIDO TRIAZONE, CAPRYLIC\/CAPRIC TRIGLYCERIDE, HYDROGENATED PHOSPHATIDYLCHOLINE, 1,2-HEXANEDIOL, PROPANEDIOL, BIS-ETHYLHEXYL HYDROXYDIMETHOXY BENZYLMALONATE, PENTYLENE GLYCOL, BUTYROSPERMUM PARKII BUTTER, SQUALANE, XANTHAN GUM, CAPRYLHYDROXAMIC ACID, ACRYLATES\/VINYL ISODECANOATE CROSSPOLYMER, SODIUM ACRYLATE\/SODIUM ACRYLOYLDIMETHYL TAURATE COPOLYMER<\/p>\n","protected":false},"excerpt":{"rendered":"<p class=\"p1\">LIA C 6\u00ae SENSI CARE SPF 30 je posebna krema za za\u0161\u010dito pred soncem. U\u010dinkovito za\u0161\u010diti \u0161e tako ob\u010dutljivo ko\u017eo pred neugodnimi posledicami izpostavljanja son\u010dnim \u017earkom, kot so opekline in fotostaranje ko\u017ee. Primerna je tudi za otroke. Hitro se vpije in ne masti ko\u017ee.<\/p>\n","protected":false},"featured_media":1475,"comment_status":"open","ping_status":"closed","template":"","meta":{"site-sidebar-layout":"default","site-content-layout":"default","ast-site-content-layout":"default","site-content-style":"default","site-sidebar-style":"default","ast-global-header-display":"","ast-banner-title-visibility":"","ast-main-header-display":"","ast-hfb-above-header-display":"","ast-hfb-below-header-display":"","ast-hfb-mobile-header-display":"","site-post-title":"","ast-breadcrumbs-content":"","ast-featured-img":"","footer-sml-layout":"","theme-transparent-header-meta":"default","adv-header-id-meta":"","stick-header-meta":"","header-above-stick-meta":"","header-main-stick-meta":"","header-below-stick-meta":"","astra-migrate-meta-layouts":"default","ast-page-background-enabled":"default","ast-page-background-meta":{"desktop":{"background-color":"var(--ast-global-color-4)","background-image":"","background-repeat":"repeat","background-position":"center center","background-size":"auto","background-attachment":"scroll","background-type":"","background-media":"","overlay-type":"","overlay-color":"","overlay-opacity":"","overlay-gradient":""},"tablet":{"background-color":"","background-image":"","background-repeat":"repeat","background-position":"center center","background-size":"auto","background-attachment":"scroll","background-type":"","background-media":"","overlay-type":"","overlay-color":"","overlay-opacity":"","overlay-gradient":""},"mobile":{"background-color":"","background-image":"","background-repeat":"repeat","background-position":"center center","background-size":"auto","background-attachment":"scroll","background-type":"","background-media":"","overlay-type":"","overlay-color":"","overlay-opacity":"","overlay-gradient":""}},"ast-content-background-meta":{"desktop":{"background-color":"var(--ast-global-color-5)","background-image":"","background-repeat":"repeat","background-position":"center center","background-size":"auto","background-attachment":"scroll","background-type":"","background-media":"","overlay-type":"","overlay-color":"","overlay-opacity":"","overlay-gradient":""},"tablet":{"background-color":"var(--ast-global-color-5)","background-image":"","background-repeat":"repeat","background-position":"center center","background-size":"auto","background-attachment":"scroll","background-type":"","background-media":"","overlay-type":"","overlay-color":"","overlay-opacity":"","overlay-gradient":""},"mobile":{"background-color":"var(--ast-global-color-5)","background-image":"","background-repeat":"repeat","background-position":"center center","background-size":"auto","background-attachment":"scroll","background-type":"","background-media":"","overlay-type":"","overlay-color":"","overlay-opacity":"","overlay-gradient":""}}},"product_brand":[],"product_cat":[16],"product_tag":[],"class_list":{"0":"post-1474","1":"product","2":"type-product","3":"status-publish","4":"has-post-thumbnail","6":"product_cat-uncategorized","7":"desktop-align-left","8":"tablet-align-left","9":"mobile-align-left","11":"first","12":"instock","13":"taxable","14":"shipping-taxable","15":"purchasable","16":"product-type-simple"},"jetpack_sharing_enabled":true,"_links":{"self":[{"href":"https:\/\/www.ap-dermaestetik.com\/index.php?rest_route=\/wp\/v2\/product\/1474","targetHints":{"allow":["GET"]}}],"collection":[{"href":"https:\/\/www.ap-dermaestetik.com\/index.php?rest_route=\/wp\/v2\/product"}],"about":[{"href":"https:\/\/www.ap-dermaestetik.com\/index.php?rest_route=\/wp\/v2\/types\/product"}],"replies":[{"embeddable":true,"href":"https:\/\/www.ap-dermaestetik.com\/index.php?rest_route=%2Fwp%2Fv2%2Fcomments&post=1474"}],"wp:featuredmedia":[{"embeddable":true,"href":"https:\/\/www.ap-dermaestetik.com\/index.php?rest_route=\/wp\/v2\/media\/1475"}],"wp:attachment":[{"href":"https:\/\/www.ap-dermaestetik.com\/index.php?rest_route=%2Fwp%2Fv2%2Fmedia&parent=1474"}],"wp:term":[{"taxonomy":"product_brand","embeddable":true,"href":"https:\/\/www.ap-dermaestetik.com\/index.php?rest_route=%2Fwp%2Fv2%2Fproduct_brand&post=1474"},{"taxonomy":"product_cat","embeddable":true,"href":"https:\/\/www.ap-dermaestetik.com\/index.php?rest_route=%2Fwp%2Fv2%2Fproduct_cat&post=1474"},{"taxonomy":"product_tag","embeddable":true,"href":"https:\/\/www.ap-dermaestetik.com\/index.php?rest_route=%2Fwp%2Fv2%2Fproduct_tag&post=1474"}],"curies":[{"name":"wp","href":"https:\/\/api.w.org\/{rel}","templated":true}]}}