{"id":1417,"date":"2022-02-17T16:26:22","date_gmt":"2022-02-17T15:26:22","guid":{"rendered":"https:\/\/www.ap-dermaestetik.com\/?post_type=product&#038;p=1417"},"modified":"2023-11-23T22:22:43","modified_gmt":"2023-11-23T21:22:43","slug":"homeostasis-complex-spf25-uva","status":"publish","type":"product","link":"https:\/\/www.ap-dermaestetik.com\/?product=homeostasis-complex-spf25-uva","title":{"rendered":"Homeostasis Complex SPF25 UVA"},"content":{"rendered":"<p><strong>LASTNOSTI<br \/>\n<\/strong><\/p>\n<p class=\"p1\">Homeostasis Complex SPF25 UVA je zasnovan je na prebojnem znanstveno utemeljenem konceptu \u201espektralne in ko\u017ene homeostaze\u201c za najve\u010djo dnevno za\u0161\u010dito. Vzdr\u017euje ravnovesje med UV, VIS, HEV (modra svetloba) in IR sevanjem sonca in ko\u017eo. Enakomerno ubla\u017ei vsa obmo\u010dja sevanja; zmanj\u0161uje negativne in ohranja pozitivne u\u010dinke celotnega son\u010dnega spektra. Hipoalergena formula z za\u0161\u010dito ko\u017ee na 3 nivojih: 1. kombinacija organskih in fizikalnih nealergenih UV filtrov vklju\u010duje kar dva \u0161irokospektralna UV filtra ter popolnoma naravne patentirane komplekse mikosporinov in arabskega bomba\u017ea, ki dodatno \u0161\u010ditijo ko\u017eo pred UVA (UVAII, UVAI) sevanjem, vidnim delom svetlobe ter infrarde\u010dem spektru. 2. \u0161irokospektralne antioksidante &#8211; superoksid dismutazo, kombinacijo vit C in E, Q10, alfa-lipoji\u010dno kislino ter polifenole, ki nevtralizirajo \u0161kodljive u\u010dinke prostih radikalov ter ko\u017ei omogo\u010dajo antioksidativno homeostazo (ravnovesje). 3. \u00bbDNA repairing ezymes\u00ab \u2013 skupino encimov, ki prepoznajo in so sposobni popraviti \u017ee nastale po\u0161kodbe na DNA celic, povzro\u010dene s sevanjem sonca \u010dez dan.<\/p>\n<p><strong>UPORABA<br \/>\n<\/strong><\/p>\n<p class=\"p1\">Tanko plast izdelka nanesite na \u010disto ko\u017eo s kro\u017enimi gibi in po\u010dakajte, da se popolnoma vpije. Priporo\u010dljivo je, da obraz za nekaj minut izpostavite neposredni svetlobi, da aktivirate fotoliaze (encime, ki obnavljajo DNA) v formulaciji. Fotoliaza je fotoreaktivni encim, ki za aktivacijo delovanja potrebuje svetlobo (zadostuje nekaj minut svetlobe).<\/p>\n<p><strong>SESTAVINE<br \/>\n<\/strong><\/p>\n<p class=\"p1\">Aqua, Bis-Ethylhexyloxyphenol Methoxyphenyl Triazine, Cetearyl Alcohol\/Cetearyl Glucoside, Caprylic\/Capric Triglyceride, Cannabis Sativa Seed Oil, C12-15 Alkyl Benzoate, Dimethicone, Betaine, Tocopherol, Argania Spinosa Kernel Oil, Tocopheryl Acetate, Bisabolol, Zinc Oxide, Polyhydroxystearic Acid, Jojoba Esters, Stearic Acid, Titanium Dioxide, Glycerin, Gossypium Herbaceum (Cotton) Callus Culture, Citric Acid, Porphyra Umbilicalis Extract, Propanediol, Enteromorpha Compressa Extract, Silybum Marianum Fruit Extract, Ocimum Sanctum Leaf Extract, Hydrolyzed Rice Protein, Glycine Soja (Soybean) Protein, Superoxide Dismutase, Plankton Extract, Sodium Benzoate, Potassium Sorbate, Camellia Sinensis Leaf Extract (Organic), Hedera Helix (Ivy) Leaf Extract, Sorbitan Caprylate, Benzoic Acid, Thioctic Acid, Ubiquinone, 3-O-Ethyl Ascorbic Acid<\/p>\n","protected":false},"excerpt":{"rendered":"<p>Foto-za\u0161\u010dita &amp; Obnova DNA Hipoalergena formula \u2013 Dermatolo\u0161ko testirano Superoksid dizmutaza &amp; Encimi za obnovo DNA<\/p>\n","protected":false},"featured_media":3392,"comment_status":"open","ping_status":"closed","template":"","meta":{"site-sidebar-layout":"default","site-content-layout":"default","ast-site-content-layout":"default","site-content-style":"default","site-sidebar-style":"default","ast-global-header-display":"","ast-banner-title-visibility":"","ast-main-header-display":"","ast-hfb-above-header-display":"","ast-hfb-below-header-display":"","ast-hfb-mobile-header-display":"","site-post-title":"","ast-breadcrumbs-content":"","ast-featured-img":"","footer-sml-layout":"","theme-transparent-header-meta":"default","adv-header-id-meta":"","stick-header-meta":"","header-above-stick-meta":"","header-main-stick-meta":"","header-below-stick-meta":"","astra-migrate-meta-layouts":"default","ast-page-background-enabled":"default","ast-page-background-meta":{"desktop":{"background-color":"var(--ast-global-color-4)","background-image":"","background-repeat":"repeat","background-position":"center center","background-size":"auto","background-attachment":"scroll","background-type":"","background-media":"","overlay-type":"","overlay-color":"","overlay-opacity":"","overlay-gradient":""},"tablet":{"background-color":"","background-image":"","background-repeat":"repeat","background-position":"center center","background-size":"auto","background-attachment":"scroll","background-type":"","background-media":"","overlay-type":"","overlay-color":"","overlay-opacity":"","overlay-gradient":""},"mobile":{"background-color":"","background-image":"","background-repeat":"repeat","background-position":"center center","background-size":"auto","background-attachment":"scroll","background-type":"","background-media":"","overlay-type":"","overlay-color":"","overlay-opacity":"","overlay-gradient":""}},"ast-content-background-meta":{"desktop":{"background-color":"var(--ast-global-color-5)","background-image":"","background-repeat":"repeat","background-position":"center center","background-size":"auto","background-attachment":"scroll","background-type":"","background-media":"","overlay-type":"","overlay-color":"","overlay-opacity":"","overlay-gradient":""},"tablet":{"background-color":"var(--ast-global-color-5)","background-image":"","background-repeat":"repeat","background-position":"center center","background-size":"auto","background-attachment":"scroll","background-type":"","background-media":"","overlay-type":"","overlay-color":"","overlay-opacity":"","overlay-gradient":""},"mobile":{"background-color":"var(--ast-global-color-5)","background-image":"","background-repeat":"repeat","background-position":"center center","background-size":"auto","background-attachment":"scroll","background-type":"","background-media":"","overlay-type":"","overlay-color":"","overlay-opacity":"","overlay-gradient":""}}},"product_brand":[],"product_cat":[16],"product_tag":[],"class_list":{"0":"post-1417","1":"product","2":"type-product","3":"status-publish","4":"has-post-thumbnail","6":"product_cat-uncategorized","7":"desktop-align-left","8":"tablet-align-left","9":"mobile-align-left","11":"first","12":"instock","13":"featured","14":"taxable","15":"shipping-taxable","16":"purchasable","17":"product-type-simple"},"jetpack_sharing_enabled":true,"_links":{"self":[{"href":"https:\/\/www.ap-dermaestetik.com\/index.php?rest_route=\/wp\/v2\/product\/1417","targetHints":{"allow":["GET"]}}],"collection":[{"href":"https:\/\/www.ap-dermaestetik.com\/index.php?rest_route=\/wp\/v2\/product"}],"about":[{"href":"https:\/\/www.ap-dermaestetik.com\/index.php?rest_route=\/wp\/v2\/types\/product"}],"replies":[{"embeddable":true,"href":"https:\/\/www.ap-dermaestetik.com\/index.php?rest_route=%2Fwp%2Fv2%2Fcomments&post=1417"}],"wp:featuredmedia":[{"embeddable":true,"href":"https:\/\/www.ap-dermaestetik.com\/index.php?rest_route=\/wp\/v2\/media\/3392"}],"wp:attachment":[{"href":"https:\/\/www.ap-dermaestetik.com\/index.php?rest_route=%2Fwp%2Fv2%2Fmedia&parent=1417"}],"wp:term":[{"taxonomy":"product_brand","embeddable":true,"href":"https:\/\/www.ap-dermaestetik.com\/index.php?rest_route=%2Fwp%2Fv2%2Fproduct_brand&post=1417"},{"taxonomy":"product_cat","embeddable":true,"href":"https:\/\/www.ap-dermaestetik.com\/index.php?rest_route=%2Fwp%2Fv2%2Fproduct_cat&post=1417"},{"taxonomy":"product_tag","embeddable":true,"href":"https:\/\/www.ap-dermaestetik.com\/index.php?rest_route=%2Fwp%2Fv2%2Fproduct_tag&post=1417"}],"curies":[{"name":"wp","href":"https:\/\/api.w.org\/{rel}","templated":true}]}}