{"id":1294,"date":"2022-02-02T09:39:46","date_gmt":"2022-02-02T09:39:46","guid":{"rendered":"https:\/\/www.ap-dermaestetik.com\/?post_type=product&#038;p=1294"},"modified":"2022-08-30T09:02:01","modified_gmt":"2022-08-30T09:02:01","slug":"natural-silk-mask","status":"publish","type":"product","link":"https:\/\/www.ap-dermaestetik.com\/?product=natural-silk-mask","title":{"rendered":"NATURAL SILK MASK"},"content":{"rendered":"<p><strong>LASTNOSTI<br \/>\n<\/strong><\/p>\n<p class=\"p1\">Svilena maska je prepojena z me\u0161anico aktivnih sestavin, ki zmanj\u0161ujejo gube in pomirjajo ko\u017eo. Vsebuje signalni peptid in hialuronsko kislino za zmanj\u0161anje gub ter izvle\u010dek iz ovsa in tigrove trave (Centella asiatica) za pomiritev ko\u017ee.<br \/>\nS to posebno masko ko\u017ea dobi dodatno odmerek za\u0161\u010dite pred prostimi radikali in takoj\u0161en u\u010dinek liftinga!<\/p>\n<p><strong>UPORABA<br \/>\n<\/strong><\/p>\n<p class=\"p1\">Svileno masko vzemite iz ovitka, jo polo\u017eite na o\u010di\u0161\u010deno ko\u017eo in jo po potrebi prilagodite obliki obraza. Pustite delovati med 20 in 25 minut, nato odstranite.<br \/>\nPriporo\u010damo redno uporabo vsaj enkrat tedensko, v kombinaciji s primernim gelom HYA 4ali serumom in izbrano kremo LIA C 6\u00ae.<br \/>\nMasko lahko pred uporabo hranite v hladilniku, ni pa nujno.<br \/>\nMaska je za enkratno uporabo.<\/p>\n<p><strong>SESTAVINE<br \/>\n<\/strong><\/p>\n<p class=\"p1\">AQUA, XANTHAN GUM, BUTYLENE GLYCOL, GLYCERIN, 1,2-HEXANEDIOL, GLYCOSYL TREHALOSE\/HYDROGENATED STARCH HYDROLYSATE, DIPROPYLENE GLYCOL, HYDROXYACETOPHENONE, CAPRYLYL GLYCOL, DIPOTASSIUM GLYCYRRHIZINATE, SODIUM HYALURONATE, AVENA SATIVA KERNEL EXTRACT, CENTELLA ASIATICA EXTRACT, CARBOMER, PALMITOYL TRIPEPTIDE-1, PALMITOYL TETRAPEPTIDE-7<\/p>\n","protected":false},"excerpt":{"rendered":"<p class=\"p1\">Svilena maska je prepojena z me\u0161anico aktivnih sestavin, ki zmanj\u0161ujejo gube in pomirjajo ko\u017eo.<br \/>\nS to posebno masko ko\u017ea dobi dodatno odmerek za\u0161\u010dite pred prostimi radikali in takoj\u0161en u\u010dinek liftinga!<\/p>\n","protected":false},"featured_media":1295,"comment_status":"open","ping_status":"closed","template":"","meta":{"site-sidebar-layout":"default","site-content-layout":"default","ast-site-content-layout":"default","site-content-style":"default","site-sidebar-style":"default","ast-global-header-display":"","ast-banner-title-visibility":"","ast-main-header-display":"","ast-hfb-above-header-display":"","ast-hfb-below-header-display":"","ast-hfb-mobile-header-display":"","site-post-title":"","ast-breadcrumbs-content":"","ast-featured-img":"","footer-sml-layout":"","theme-transparent-header-meta":"default","adv-header-id-meta":"","stick-header-meta":"","header-above-stick-meta":"","header-main-stick-meta":"","header-below-stick-meta":"","astra-migrate-meta-layouts":"default","ast-page-background-enabled":"default","ast-page-background-meta":{"desktop":{"background-color":"var(--ast-global-color-4)","background-image":"","background-repeat":"repeat","background-position":"center center","background-size":"auto","background-attachment":"scroll","background-type":"","background-media":"","overlay-type":"","overlay-color":"","overlay-opacity":"","overlay-gradient":""},"tablet":{"background-color":"","background-image":"","background-repeat":"repeat","background-position":"center center","background-size":"auto","background-attachment":"scroll","background-type":"","background-media":"","overlay-type":"","overlay-color":"","overlay-opacity":"","overlay-gradient":""},"mobile":{"background-color":"","background-image":"","background-repeat":"repeat","background-position":"center center","background-size":"auto","background-attachment":"scroll","background-type":"","background-media":"","overlay-type":"","overlay-color":"","overlay-opacity":"","overlay-gradient":""}},"ast-content-background-meta":{"desktop":{"background-color":"var(--ast-global-color-5)","background-image":"","background-repeat":"repeat","background-position":"center center","background-size":"auto","background-attachment":"scroll","background-type":"","background-media":"","overlay-type":"","overlay-color":"","overlay-opacity":"","overlay-gradient":""},"tablet":{"background-color":"var(--ast-global-color-5)","background-image":"","background-repeat":"repeat","background-position":"center center","background-size":"auto","background-attachment":"scroll","background-type":"","background-media":"","overlay-type":"","overlay-color":"","overlay-opacity":"","overlay-gradient":""},"mobile":{"background-color":"var(--ast-global-color-5)","background-image":"","background-repeat":"repeat","background-position":"center center","background-size":"auto","background-attachment":"scroll","background-type":"","background-media":"","overlay-type":"","overlay-color":"","overlay-opacity":"","overlay-gradient":""}}},"product_brand":[],"product_cat":[67],"product_tag":[],"class_list":{"0":"post-1294","1":"product","2":"type-product","3":"status-publish","4":"has-post-thumbnail","6":"product_cat-maske","7":"desktop-align-left","8":"tablet-align-left","9":"mobile-align-left","11":"first","12":"instock","13":"taxable","14":"shipping-taxable","15":"purchasable","16":"product-type-simple"},"jetpack_sharing_enabled":true,"_links":{"self":[{"href":"https:\/\/www.ap-dermaestetik.com\/index.php?rest_route=\/wp\/v2\/product\/1294","targetHints":{"allow":["GET"]}}],"collection":[{"href":"https:\/\/www.ap-dermaestetik.com\/index.php?rest_route=\/wp\/v2\/product"}],"about":[{"href":"https:\/\/www.ap-dermaestetik.com\/index.php?rest_route=\/wp\/v2\/types\/product"}],"replies":[{"embeddable":true,"href":"https:\/\/www.ap-dermaestetik.com\/index.php?rest_route=%2Fwp%2Fv2%2Fcomments&post=1294"}],"wp:featuredmedia":[{"embeddable":true,"href":"https:\/\/www.ap-dermaestetik.com\/index.php?rest_route=\/wp\/v2\/media\/1295"}],"wp:attachment":[{"href":"https:\/\/www.ap-dermaestetik.com\/index.php?rest_route=%2Fwp%2Fv2%2Fmedia&parent=1294"}],"wp:term":[{"taxonomy":"product_brand","embeddable":true,"href":"https:\/\/www.ap-dermaestetik.com\/index.php?rest_route=%2Fwp%2Fv2%2Fproduct_brand&post=1294"},{"taxonomy":"product_cat","embeddable":true,"href":"https:\/\/www.ap-dermaestetik.com\/index.php?rest_route=%2Fwp%2Fv2%2Fproduct_cat&post=1294"},{"taxonomy":"product_tag","embeddable":true,"href":"https:\/\/www.ap-dermaestetik.com\/index.php?rest_route=%2Fwp%2Fv2%2Fproduct_tag&post=1294"}],"curies":[{"name":"wp","href":"https:\/\/api.w.org\/{rel}","templated":true}]}}