{"id":1292,"date":"2022-02-02T09:37:22","date_gmt":"2022-02-02T09:37:22","guid":{"rendered":"https:\/\/www.ap-dermaestetik.com\/?post_type=product&#038;p=1292"},"modified":"2022-10-24T14:03:36","modified_gmt":"2022-10-24T12:03:36","slug":"lifting-eye-mask","status":"publish","type":"product","link":"https:\/\/www.ap-dermaestetik.com\/?product=lifting-eye-mask","title":{"rendered":"LIFTING EYE MASK"},"content":{"rendered":"<p><strong>LASTNOSTI<br \/>\n<\/strong><\/p>\n<p class=\"p1\">O\u010desna maska s hialuronsko kislino in kompleksom alg in mineralov poskrbi za takoj\u0161en u\u010dinek liftinga na predelu okoli o\u010di. Revitalizira o\u010desno obmo\u010dje, zmanj\u0161uje videz gub ter nahrani in temeljito navla\u017ei ko\u017eo z dragocenimi naravnimi hranili. Dermatolo\u0161ko in oftalmolo\u0161ko testirano.<\/p>\n<p><strong>UPORABA<br \/>\n<\/strong><\/p>\n<p class=\"p1\">Mo\u010dno pritisnite aktivacijsko kapsulo. Stresajte, dokler o\u010desna maska ni dobro premo\u010dena. Odprite embala\u017eo. O\u010desno masko postavite na o\u010di\u0161\u010deno ko\u017eo. Pustite delovati med 15 in 20 minut in jo nato odstranite. Priporo\u010damo, da nato uporabite izdelke LIA 6\u00ae za dnevno nego, npr. kreme za okoli o\u010di LIA C 6\u00ae EYE CREAM.<\/p>\n<p><strong>SESTAVINE<br \/>\n<\/strong><\/p>\n<p class=\"p1\"><b>INCI MASKA:<\/b><\/p>\n<p class=\"p1\">ALGIN, CELLULOSE GUM, GLYCERIN, CALCIUM SULFATE, CAPRYLIC\/CAPRIC TRIGLYCERIDE, CITRIC ACID, SORBITOL<\/p>\n<p class=\"p1\"><b>INCI AKVATORIJ:<\/b><\/p>\n<p class=\"p1\">AQUA, BUTYLENE GLYCOL, GLYCERIN, 1,5-PENTANEDIOL, LEUCONOSTOC\/RADISH ROOT FERMENT FILTRATE, SODIUM HYALURONATE<\/p>\n","protected":false},"excerpt":{"rendered":"<p class=\"p1\">O\u010desna maska s hialuronsko kislino in kompleksom alg revitalizira o\u010desno obmo\u010dje, zmanj\u0161uje videz gub ter nahrani in temeljito navla\u017ei ko\u017eo z dragocenimi naravnimi hranili.<\/p>\n","protected":false},"featured_media":3550,"comment_status":"open","ping_status":"closed","template":"","meta":{"site-sidebar-layout":"default","site-content-layout":"default","ast-site-content-layout":"default","site-content-style":"default","site-sidebar-style":"default","ast-global-header-display":"","ast-banner-title-visibility":"","ast-main-header-display":"","ast-hfb-above-header-display":"","ast-hfb-below-header-display":"","ast-hfb-mobile-header-display":"","site-post-title":"","ast-breadcrumbs-content":"","ast-featured-img":"","footer-sml-layout":"","theme-transparent-header-meta":"default","adv-header-id-meta":"","stick-header-meta":"","header-above-stick-meta":"","header-main-stick-meta":"","header-below-stick-meta":"","astra-migrate-meta-layouts":"default","ast-page-background-enabled":"default","ast-page-background-meta":{"desktop":{"background-color":"var(--ast-global-color-4)","background-image":"","background-repeat":"repeat","background-position":"center center","background-size":"auto","background-attachment":"scroll","background-type":"","background-media":"","overlay-type":"","overlay-color":"","overlay-opacity":"","overlay-gradient":""},"tablet":{"background-color":"","background-image":"","background-repeat":"repeat","background-position":"center center","background-size":"auto","background-attachment":"scroll","background-type":"","background-media":"","overlay-type":"","overlay-color":"","overlay-opacity":"","overlay-gradient":""},"mobile":{"background-color":"","background-image":"","background-repeat":"repeat","background-position":"center center","background-size":"auto","background-attachment":"scroll","background-type":"","background-media":"","overlay-type":"","overlay-color":"","overlay-opacity":"","overlay-gradient":""}},"ast-content-background-meta":{"desktop":{"background-color":"var(--ast-global-color-5)","background-image":"","background-repeat":"repeat","background-position":"center center","background-size":"auto","background-attachment":"scroll","background-type":"","background-media":"","overlay-type":"","overlay-color":"","overlay-opacity":"","overlay-gradient":""},"tablet":{"background-color":"var(--ast-global-color-5)","background-image":"","background-repeat":"repeat","background-position":"center center","background-size":"auto","background-attachment":"scroll","background-type":"","background-media":"","overlay-type":"","overlay-color":"","overlay-opacity":"","overlay-gradient":""},"mobile":{"background-color":"var(--ast-global-color-5)","background-image":"","background-repeat":"repeat","background-position":"center center","background-size":"auto","background-attachment":"scroll","background-type":"","background-media":"","overlay-type":"","overlay-color":"","overlay-opacity":"","overlay-gradient":""}}},"product_brand":[],"product_cat":[67],"product_tag":[],"class_list":{"0":"post-1292","1":"product","2":"type-product","3":"status-publish","4":"has-post-thumbnail","6":"product_cat-maske","7":"desktop-align-left","8":"tablet-align-left","9":"mobile-align-left","11":"first","12":"instock","13":"taxable","14":"shipping-taxable","15":"purchasable","16":"product-type-simple"},"jetpack_sharing_enabled":true,"_links":{"self":[{"href":"https:\/\/www.ap-dermaestetik.com\/index.php?rest_route=\/wp\/v2\/product\/1292","targetHints":{"allow":["GET"]}}],"collection":[{"href":"https:\/\/www.ap-dermaestetik.com\/index.php?rest_route=\/wp\/v2\/product"}],"about":[{"href":"https:\/\/www.ap-dermaestetik.com\/index.php?rest_route=\/wp\/v2\/types\/product"}],"replies":[{"embeddable":true,"href":"https:\/\/www.ap-dermaestetik.com\/index.php?rest_route=%2Fwp%2Fv2%2Fcomments&post=1292"}],"wp:featuredmedia":[{"embeddable":true,"href":"https:\/\/www.ap-dermaestetik.com\/index.php?rest_route=\/wp\/v2\/media\/3550"}],"wp:attachment":[{"href":"https:\/\/www.ap-dermaestetik.com\/index.php?rest_route=%2Fwp%2Fv2%2Fmedia&parent=1292"}],"wp:term":[{"taxonomy":"product_brand","embeddable":true,"href":"https:\/\/www.ap-dermaestetik.com\/index.php?rest_route=%2Fwp%2Fv2%2Fproduct_brand&post=1292"},{"taxonomy":"product_cat","embeddable":true,"href":"https:\/\/www.ap-dermaestetik.com\/index.php?rest_route=%2Fwp%2Fv2%2Fproduct_cat&post=1292"},{"taxonomy":"product_tag","embeddable":true,"href":"https:\/\/www.ap-dermaestetik.com\/index.php?rest_route=%2Fwp%2Fv2%2Fproduct_tag&post=1292"}],"curies":[{"name":"wp","href":"https:\/\/api.w.org\/{rel}","templated":true}]}}