{"id":1282,"date":"2022-02-02T09:24:47","date_gmt":"2022-02-02T09:24:47","guid":{"rendered":"https:\/\/www.ap-dermaestetik.com\/?post_type=product&#038;p=1282"},"modified":"2022-09-27T11:43:59","modified_gmt":"2022-09-27T09:43:59","slug":"facial-tonic-sensitive-2","status":"publish","type":"product","link":"https:\/\/www.ap-dermaestetik.com\/?product=facial-tonic-sensitive-2","title":{"rendered":"FACIAL TONIC SENSITIVE"},"content":{"rendered":"<p><strong>LASTNOSTI<br \/>\n<\/strong><\/p>\n<p class=\"p1\">Tonik za obraz FACIAL TONIC SENSITIVE je osve\u017eilna vodica brez dodanih di\u0161av, ki ko\u017eo dodatno o\u010disti, osve\u017ei, pomiri in pripravi na absorpcijo aktivnih u\u010dinkovin (gelov HYA in krem LIA C 6\u00ae) ter s tem izbolj\u0161a u\u010dinkovitost izdelkov.<br \/>\nIzdelek vsebuje pantenol, ki ko\u017eo osve\u017ei, aloe vera in hamamelis pa ko\u017eo pomirjata.<br \/>\nKer je encimska aktivnost v ko\u017ei bolj\u0161a pri nizkem pH-ju, ima Dr.E.Voss FACIAL TONIC SENSITIVE pH 4,8.<\/p>\n<p><strong>UPORABA<br \/>\n<\/strong><\/p>\n<p class=\"p1\">FACIAL TONIC SENSITIVE nanesite na \u010dist in suh obraz po \u010di\u0161\u010denju ko\u017ee z enim od \u010distilnih izdelkov (MICRO FOAM CLEANSER, GENTLE CLEANSING LOTION SENSITIVE ali SENSI CARE FACIAL CLEANSER).<br \/>\nPrimeren je tudi za uporabo na vratu in dekolteju.<\/p>\n<p><strong>SESTAVINE<br \/>\n<\/strong><\/p>\n<p class=\"p1\">AQUA, ALOE BARBADENSIS LEAF JUICE, GLYCERIN, SORBITOL, PENTYLENE GLYCOL, PROPANEDIOL, CAPRYLYL\/CAPRYL GLUCOSIDE, PANTHENOL, 1,2-HEXANEDIOL, HAMAMELIS VIRGINIANA LEAF WATER, CAPRYLHYDROXAMIC ACID, ALCOHOL DENAT.<\/p>\n","protected":false},"excerpt":{"rendered":"<p class=\"p1\">Tonik za obraz FACIAL TONIC SENSITIVE je osve\u017eilna vodica brez dodanih di\u0161av, ki ko\u017eo dodatno o\u010disti, osve\u017ei, pomiri in pripravi na absorpcijo aktivnih u\u010dinkovin.<\/p>\n","protected":false},"featured_media":3187,"comment_status":"open","ping_status":"closed","template":"","meta":{"site-sidebar-layout":"default","site-content-layout":"default","ast-site-content-layout":"default","site-content-style":"default","site-sidebar-style":"default","ast-global-header-display":"","ast-banner-title-visibility":"","ast-main-header-display":"","ast-hfb-above-header-display":"","ast-hfb-below-header-display":"","ast-hfb-mobile-header-display":"","site-post-title":"","ast-breadcrumbs-content":"","ast-featured-img":"","footer-sml-layout":"","theme-transparent-header-meta":"default","adv-header-id-meta":"","stick-header-meta":"","header-above-stick-meta":"","header-main-stick-meta":"","header-below-stick-meta":"","astra-migrate-meta-layouts":"default","ast-page-background-enabled":"default","ast-page-background-meta":{"desktop":{"background-color":"var(--ast-global-color-4)","background-image":"","background-repeat":"repeat","background-position":"center center","background-size":"auto","background-attachment":"scroll","background-type":"","background-media":"","overlay-type":"","overlay-color":"","overlay-opacity":"","overlay-gradient":""},"tablet":{"background-color":"","background-image":"","background-repeat":"repeat","background-position":"center center","background-size":"auto","background-attachment":"scroll","background-type":"","background-media":"","overlay-type":"","overlay-color":"","overlay-opacity":"","overlay-gradient":""},"mobile":{"background-color":"","background-image":"","background-repeat":"repeat","background-position":"center center","background-size":"auto","background-attachment":"scroll","background-type":"","background-media":"","overlay-type":"","overlay-color":"","overlay-opacity":"","overlay-gradient":""}},"ast-content-background-meta":{"desktop":{"background-color":"var(--ast-global-color-5)","background-image":"","background-repeat":"repeat","background-position":"center center","background-size":"auto","background-attachment":"scroll","background-type":"","background-media":"","overlay-type":"","overlay-color":"","overlay-opacity":"","overlay-gradient":""},"tablet":{"background-color":"var(--ast-global-color-5)","background-image":"","background-repeat":"repeat","background-position":"center center","background-size":"auto","background-attachment":"scroll","background-type":"","background-media":"","overlay-type":"","overlay-color":"","overlay-opacity":"","overlay-gradient":""},"mobile":{"background-color":"var(--ast-global-color-5)","background-image":"","background-repeat":"repeat","background-position":"center center","background-size":"auto","background-attachment":"scroll","background-type":"","background-media":"","overlay-type":"","overlay-color":"","overlay-opacity":"","overlay-gradient":""}}},"product_brand":[],"product_cat":[64],"product_tag":[],"class_list":{"0":"post-1282","1":"product","2":"type-product","3":"status-publish","4":"has-post-thumbnail","6":"product_cat-toniki","7":"pa_pakiranje-50ml","8":"pa_pakiranje-200ml","9":"desktop-align-left","10":"tablet-align-left","11":"mobile-align-left","13":"first","14":"instock","15":"taxable","16":"shipping-taxable","17":"purchasable","18":"product-type-variable"},"jetpack_sharing_enabled":true,"_links":{"self":[{"href":"https:\/\/www.ap-dermaestetik.com\/index.php?rest_route=\/wp\/v2\/product\/1282","targetHints":{"allow":["GET"]}}],"collection":[{"href":"https:\/\/www.ap-dermaestetik.com\/index.php?rest_route=\/wp\/v2\/product"}],"about":[{"href":"https:\/\/www.ap-dermaestetik.com\/index.php?rest_route=\/wp\/v2\/types\/product"}],"replies":[{"embeddable":true,"href":"https:\/\/www.ap-dermaestetik.com\/index.php?rest_route=%2Fwp%2Fv2%2Fcomments&post=1282"}],"wp:featuredmedia":[{"embeddable":true,"href":"https:\/\/www.ap-dermaestetik.com\/index.php?rest_route=\/wp\/v2\/media\/3187"}],"wp:attachment":[{"href":"https:\/\/www.ap-dermaestetik.com\/index.php?rest_route=%2Fwp%2Fv2%2Fmedia&parent=1282"}],"wp:term":[{"taxonomy":"product_brand","embeddable":true,"href":"https:\/\/www.ap-dermaestetik.com\/index.php?rest_route=%2Fwp%2Fv2%2Fproduct_brand&post=1282"},{"taxonomy":"product_cat","embeddable":true,"href":"https:\/\/www.ap-dermaestetik.com\/index.php?rest_route=%2Fwp%2Fv2%2Fproduct_cat&post=1282"},{"taxonomy":"product_tag","embeddable":true,"href":"https:\/\/www.ap-dermaestetik.com\/index.php?rest_route=%2Fwp%2Fv2%2Fproduct_tag&post=1282"}],"curies":[{"name":"wp","href":"https:\/\/api.w.org\/{rel}","templated":true}]}}