{"id":1132,"date":"2022-01-26T11:06:17","date_gmt":"2022-01-26T11:06:17","guid":{"rendered":"https:\/\/www.ap-dermaestetik.com\/?post_type=product&#038;p=1132"},"modified":"2022-04-12T06:45:11","modified_gmt":"2022-04-12T06:45:11","slug":"lia-c-6-sensi-care-spf-30-100ml","status":"publish","type":"product","link":"https:\/\/www.ap-dermaestetik.com\/?product=lia-c-6-sensi-care-spf-30-100ml","title":{"rendered":"LIA C 6\u00ae BODYLOTION 200ml"},"content":{"rendered":"<p><strong>LASTNOSTI<br \/>\n<\/strong><\/p>\n<p class=\"p1\">LIA C 6\u00ae BODYLOTION je losjon za telo z lahko teksturo, namenjen negi suhih predelov ko\u017ee po celem telesu. Ko\u017eo neguje in \u0161\u010diti naravno lipidno bariero ko\u017ee.<\/p>\n<ul class=\"ul1\">\n<li class=\"li1\">Skoraj 100-odstotna za\u0161\u010dita pred staranjem ko\u017ee zaradi vpliva svetlobe (visoka UVA za\u0161\u010dita s pomo\u010djo tri slojnih UVA filtrov vpetih v LMS kremno osnovo ter HDBM \u2013 &#8220;pametnega&#8221; lovilca prostih radikalov).<\/li>\n<li class=\"li1\">UVB SPF 6 (85-odstotna) za\u0161\u010dita, ki zadostuje za normalno dnevno izpostavljanje dnevni svetlobi, a hkrati omogo\u010da pomembno nastajanje vitamina D v ko\u017ei.<\/li>\n<li class=\"li1\">Kremna osnova brez emulgatorjev \u0161\u010diti in obnavlja naravno lipidno bariero poro\u017eenele plasti ko\u017ee.<\/li>\n<li class=\"li1\">Zahvaljujo\u010d LMS kremni osnovi, ki ne vsebuje emulgatorjev, filtri ostanejo v poro\u017eeneli plasti povrhnjice in ne prodirajo globje v ko\u017eo.<\/li>\n<li class=\"li1\">Z uporabo vseh na\u0161ih krem za LIA za\u0161\u010dito, se bo ko\u017ea starala le \u0161e s polovi\u010dno hitrostjo.<\/li>\n<li class=\"li1\">Brez konzervansov (primerna tudi za tiste, ki so nanje ob\u010dutljivi).<\/li>\n<\/ul>\n<p class=\"p1\">LIA C 6\u00ae BODYLOTION losjon je primeren za vse tipe ko\u017ee.<\/p>\n<p><strong>UPORABA<br \/>\n<\/strong><\/p>\n<p class=\"p1\">Po tu\u0161iranju na suho ko\u017eo nama\u017eite telo z losjonom za telo LIA C 6\u00ae BODYLOTION.<\/p>\n<p><strong>SESTAVINE<br \/>\n<\/strong><\/p>\n<p class=\"p1\">AQUA, GLYCERIN, OCTOCRYLENE, C12-15 ALKYL BENZOATE, BUTYL METHOXYDIBENZOYLMETHANE, DIETHYLAMINO HYDROXYBENZOYL HEXYL BENZOATE, PENTYLENE GLYCOL, PROPANEDIOL, PROPYLHEPTYL CAPRYLATE, LIMNANTHES ALBA SEED OIL, BIS-ETHYLHEXYL HYDROXYDIMETHOXY BENZYLMALONATE, TOCOPHERYL ACETATE, 1,2-HEXANEDIOL, CAPRYLIC\/CAPRIC TRIGLYCERIDE, HYDROGENATED PHOSPHATIDYLCHOLINE, PARFUM, BUTYROSPERMUM PARKII BUTTER, ACRYLATES\/VINYL ISODECANOATE CROSSPOLYMER, HYDROXYETHYLCELLULOSE, SODIUM ACRYLATE\/SODIUM ACRYLOYLDIMETHYL TAURATE COPOLYMER, SQUALANE, CAPRYLHYDROXAMIC ACID, LINALOOL, LIMONENE, CITRONELLOL, CERAMIDE NP, GERANIOL<\/p>\n","protected":false},"excerpt":{"rendered":"<p class=\"p1\">LIA C 6\u00ae BODYLOTION je losjon za telo z lahko teksturo, namenjen negi suhih predelov ko\u017ee po celem telesu. Ko\u017eo neguje in \u0161\u010diti naravno lipidno bariero ko\u017ee.<\/p>\n","protected":false},"featured_media":1135,"comment_status":"open","ping_status":"closed","template":"","meta":{"site-sidebar-layout":"default","site-content-layout":"default","ast-site-content-layout":"default","site-content-style":"default","site-sidebar-style":"default","ast-global-header-display":"","ast-banner-title-visibility":"","ast-main-header-display":"","ast-hfb-above-header-display":"","ast-hfb-below-header-display":"","ast-hfb-mobile-header-display":"","site-post-title":"","ast-breadcrumbs-content":"","ast-featured-img":"","footer-sml-layout":"","theme-transparent-header-meta":"default","adv-header-id-meta":"","stick-header-meta":"","header-above-stick-meta":"","header-main-stick-meta":"","header-below-stick-meta":"","astra-migrate-meta-layouts":"default","ast-page-background-enabled":"default","ast-page-background-meta":{"desktop":{"background-color":"var(--ast-global-color-4)","background-image":"","background-repeat":"repeat","background-position":"center center","background-size":"auto","background-attachment":"scroll","background-type":"","background-media":"","overlay-type":"","overlay-color":"","overlay-opacity":"","overlay-gradient":""},"tablet":{"background-color":"","background-image":"","background-repeat":"repeat","background-position":"center center","background-size":"auto","background-attachment":"scroll","background-type":"","background-media":"","overlay-type":"","overlay-color":"","overlay-opacity":"","overlay-gradient":""},"mobile":{"background-color":"","background-image":"","background-repeat":"repeat","background-position":"center center","background-size":"auto","background-attachment":"scroll","background-type":"","background-media":"","overlay-type":"","overlay-color":"","overlay-opacity":"","overlay-gradient":""}},"ast-content-background-meta":{"desktop":{"background-color":"var(--ast-global-color-5)","background-image":"","background-repeat":"repeat","background-position":"center center","background-size":"auto","background-attachment":"scroll","background-type":"","background-media":"","overlay-type":"","overlay-color":"","overlay-opacity":"","overlay-gradient":""},"tablet":{"background-color":"var(--ast-global-color-5)","background-image":"","background-repeat":"repeat","background-position":"center center","background-size":"auto","background-attachment":"scroll","background-type":"","background-media":"","overlay-type":"","overlay-color":"","overlay-opacity":"","overlay-gradient":""},"mobile":{"background-color":"var(--ast-global-color-5)","background-image":"","background-repeat":"repeat","background-position":"center center","background-size":"auto","background-attachment":"scroll","background-type":"","background-media":"","overlay-type":"","overlay-color":"","overlay-opacity":"","overlay-gradient":""}}},"product_brand":[],"product_cat":[16],"product_tag":[],"class_list":{"0":"post-1132","1":"product","2":"type-product","3":"status-publish","4":"has-post-thumbnail","6":"product_cat-uncategorized","7":"desktop-align-left","8":"tablet-align-left","9":"mobile-align-left","11":"first","12":"instock","13":"taxable","14":"shipping-taxable","15":"purchasable","16":"product-type-simple"},"jetpack_sharing_enabled":true,"_links":{"self":[{"href":"https:\/\/www.ap-dermaestetik.com\/index.php?rest_route=\/wp\/v2\/product\/1132","targetHints":{"allow":["GET"]}}],"collection":[{"href":"https:\/\/www.ap-dermaestetik.com\/index.php?rest_route=\/wp\/v2\/product"}],"about":[{"href":"https:\/\/www.ap-dermaestetik.com\/index.php?rest_route=\/wp\/v2\/types\/product"}],"replies":[{"embeddable":true,"href":"https:\/\/www.ap-dermaestetik.com\/index.php?rest_route=%2Fwp%2Fv2%2Fcomments&post=1132"}],"wp:featuredmedia":[{"embeddable":true,"href":"https:\/\/www.ap-dermaestetik.com\/index.php?rest_route=\/wp\/v2\/media\/1135"}],"wp:attachment":[{"href":"https:\/\/www.ap-dermaestetik.com\/index.php?rest_route=%2Fwp%2Fv2%2Fmedia&parent=1132"}],"wp:term":[{"taxonomy":"product_brand","embeddable":true,"href":"https:\/\/www.ap-dermaestetik.com\/index.php?rest_route=%2Fwp%2Fv2%2Fproduct_brand&post=1132"},{"taxonomy":"product_cat","embeddable":true,"href":"https:\/\/www.ap-dermaestetik.com\/index.php?rest_route=%2Fwp%2Fv2%2Fproduct_cat&post=1132"},{"taxonomy":"product_tag","embeddable":true,"href":"https:\/\/www.ap-dermaestetik.com\/index.php?rest_route=%2Fwp%2Fv2%2Fproduct_tag&post=1132"}],"curies":[{"name":"wp","href":"https:\/\/api.w.org\/{rel}","templated":true}]}}