{"id":1120,"date":"2022-01-26T10:58:30","date_gmt":"2022-01-26T10:58:30","guid":{"rendered":"https:\/\/www.ap-dermaestetik.com\/?post_type=product&#038;p=1120"},"modified":"2022-04-12T06:42:10","modified_gmt":"2022-04-12T06:42:10","slug":"lia-c-6-eye-cream","status":"publish","type":"product","link":"https:\/\/www.ap-dermaestetik.com\/?product=lia-c-6-eye-cream","title":{"rendered":"LIA C 6\u00ae EYE CREAM"},"content":{"rendered":"<p><strong>LASTNOSTI<br \/>\n<\/strong><\/p>\n<p class=\"p1\">LIA C 6\u00ae EYE CREAM je dnevna krema za podro\u010dje okoli o\u010di brez di\u0161av. Vsebuje aktivne u\u010dinkovine (rastlinske ekstrakte in signalni peptid) proti gubam, poleg tega pa tudi posebni aktivni u\u010dinkovini proti podo\u010dnjakom, zabuhlosti in pove\u0161enim vekam.<\/p>\n<ul class=\"ul1\">\n<li class=\"li1\">Skoraj 100-odstotna za\u0161\u010dita pred staranjem ko\u017ee zaradi vpliva svetlobe (visoka UVA za\u0161\u010dita s pomo\u010djo tri slojnih UVA filtrov vpetih v LMS kremno osnovo ter HDBM \u2013 &#8220;pametnega&#8221; lovilca prostih radikalov).<\/li>\n<li class=\"li1\">UVB SPF 6 (85-odstotna) za\u0161\u010dita, ki zadostuje za normalno dnevno izpostavljanje dnevni svetlobi, a hkrati omogo\u010da pomembno nastajanje vitamina D v ko\u017ei.<\/li>\n<li class=\"li1\">Kremna osnova brez emulgatorjev \u0161\u010diti in obnavlja naravno lipidno bariero poro\u017eenele plasti ko\u017ee.<\/li>\n<li class=\"li1\">Zahvaljujo\u010d LMS kremni osnovi, ki ne vsebuje emulgatorjev, filtri ostanejo v poro\u017eeneli plasti povrhnjice in ne prodirajo globje v ko\u017eo.<\/li>\n<li class=\"li1\">Z uporabo vseh na\u0161ih krem za LIA za\u0161\u010dito, se bo ko\u017ea starala le \u0161e s polovi\u010dno hitrostjo.<\/li>\n<li class=\"li1\">Brez konzervansov (primerna tudi za tiste, ki so nanje ob\u010dutljivi).<\/li>\n<\/ul>\n<p><strong>UPORABA<br \/>\n<\/strong><\/p>\n<p class=\"p1\">LIA C 6\u00ae EYE CREAM nanesite na \u010dist in suh obraz. Za optimalno nego in ve\u010dji u\u010dinek nanesite pred nanosom kreme izbrani hialuronski gel HYA 4 (npr. HYA4 BRIGHT EYES ali enega od serumov (npr. Fresh Eyes Roller).<\/p>\n<p><strong>SESTAVINE<br \/>\n<\/strong><\/p>\n<p class=\"p1\">AQUA, GLYCERIN, OCTOCRYLENE, LIMNANTHES ALBA SEED OIL, PROPYLHEPTYL CAPRYLATE, C12-15 ALKYL BENZOATE, BUTYL METHOXYDIBENZOYLMETHANE, CAPRYLIC\/CAPRIC TRIGLYCERIDE, HYDROGENATED PHOSPHATIDYLCHOLINE, BUTYROSPERMUM PARKII BUTTER, PENTYLENE GLYCOL, DIETHYLAMINO HYDROXYBENZOYL HEXYL BENZOATE, PROPANEDIOL, BIS-ETHYLHEXYL HYDROXYDIMETHOXY BENZYLMALONATE, TOCOPHERYL ACETATE, BUTYLENE GLYCOL, ALBIZIA JULIBRISSIN BARK EXTRACT, 1,2-HEXANEDIOL, SQUALANE, ACRYLATES\/VINYL ISODECANOATE CROSSPOLYMER, SODIUM ACRYLATE\/SODIUM ACRYLOYLDIMETHYL TAURATE COPOLYMER, CAPRYLHYDROXAMIC ACID, CERAMIDE NP, ACETYL TETRAPEPTIDE-5, DARUTOSIDE<\/p>\n","protected":false},"excerpt":{"rendered":"<p class=\"p1\">LIA C 6\u00ae EYE CREAM je dnevna krema za podro\u010dje okoli o\u010di brez di\u0161av. Vsebuje aktivne u\u010dinkovine proti gubam, poleg tega pa tudi posebni aktivni u\u010dinkovini proti podo\u010dnjakom, zabuhlosti in pove\u0161enim vekam.<\/p>\n","protected":false},"featured_media":1125,"comment_status":"open","ping_status":"closed","template":"","meta":{"site-sidebar-layout":"default","site-content-layout":"default","ast-site-content-layout":"default","site-content-style":"default","site-sidebar-style":"default","ast-global-header-display":"","ast-banner-title-visibility":"","ast-main-header-display":"","ast-hfb-above-header-display":"","ast-hfb-below-header-display":"","ast-hfb-mobile-header-display":"","site-post-title":"","ast-breadcrumbs-content":"","ast-featured-img":"","footer-sml-layout":"","theme-transparent-header-meta":"default","adv-header-id-meta":"","stick-header-meta":"","header-above-stick-meta":"","header-main-stick-meta":"","header-below-stick-meta":"","astra-migrate-meta-layouts":"default","ast-page-background-enabled":"default","ast-page-background-meta":{"desktop":{"background-color":"var(--ast-global-color-4)","background-image":"","background-repeat":"repeat","background-position":"center center","background-size":"auto","background-attachment":"scroll","background-type":"","background-media":"","overlay-type":"","overlay-color":"","overlay-opacity":"","overlay-gradient":""},"tablet":{"background-color":"","background-image":"","background-repeat":"repeat","background-position":"center center","background-size":"auto","background-attachment":"scroll","background-type":"","background-media":"","overlay-type":"","overlay-color":"","overlay-opacity":"","overlay-gradient":""},"mobile":{"background-color":"","background-image":"","background-repeat":"repeat","background-position":"center center","background-size":"auto","background-attachment":"scroll","background-type":"","background-media":"","overlay-type":"","overlay-color":"","overlay-opacity":"","overlay-gradient":""}},"ast-content-background-meta":{"desktop":{"background-color":"var(--ast-global-color-5)","background-image":"","background-repeat":"repeat","background-position":"center center","background-size":"auto","background-attachment":"scroll","background-type":"","background-media":"","overlay-type":"","overlay-color":"","overlay-opacity":"","overlay-gradient":""},"tablet":{"background-color":"var(--ast-global-color-5)","background-image":"","background-repeat":"repeat","background-position":"center center","background-size":"auto","background-attachment":"scroll","background-type":"","background-media":"","overlay-type":"","overlay-color":"","overlay-opacity":"","overlay-gradient":""},"mobile":{"background-color":"var(--ast-global-color-5)","background-image":"","background-repeat":"repeat","background-position":"center center","background-size":"auto","background-attachment":"scroll","background-type":"","background-media":"","overlay-type":"","overlay-color":"","overlay-opacity":"","overlay-gradient":""}}},"product_brand":[],"product_cat":[16],"product_tag":[],"class_list":{"0":"post-1120","1":"product","2":"type-product","3":"status-publish","4":"has-post-thumbnail","6":"product_cat-uncategorized","7":"pa_pakiranje-15ml","8":"pa_pakiranje-30ml","9":"desktop-align-left","10":"tablet-align-left","11":"mobile-align-left","13":"first","14":"instock","15":"taxable","16":"shipping-taxable","17":"purchasable","18":"product-type-variable"},"jetpack_sharing_enabled":true,"_links":{"self":[{"href":"https:\/\/www.ap-dermaestetik.com\/index.php?rest_route=\/wp\/v2\/product\/1120","targetHints":{"allow":["GET"]}}],"collection":[{"href":"https:\/\/www.ap-dermaestetik.com\/index.php?rest_route=\/wp\/v2\/product"}],"about":[{"href":"https:\/\/www.ap-dermaestetik.com\/index.php?rest_route=\/wp\/v2\/types\/product"}],"replies":[{"embeddable":true,"href":"https:\/\/www.ap-dermaestetik.com\/index.php?rest_route=%2Fwp%2Fv2%2Fcomments&post=1120"}],"wp:featuredmedia":[{"embeddable":true,"href":"https:\/\/www.ap-dermaestetik.com\/index.php?rest_route=\/wp\/v2\/media\/1125"}],"wp:attachment":[{"href":"https:\/\/www.ap-dermaestetik.com\/index.php?rest_route=%2Fwp%2Fv2%2Fmedia&parent=1120"}],"wp:term":[{"taxonomy":"product_brand","embeddable":true,"href":"https:\/\/www.ap-dermaestetik.com\/index.php?rest_route=%2Fwp%2Fv2%2Fproduct_brand&post=1120"},{"taxonomy":"product_cat","embeddable":true,"href":"https:\/\/www.ap-dermaestetik.com\/index.php?rest_route=%2Fwp%2Fv2%2Fproduct_cat&post=1120"},{"taxonomy":"product_tag","embeddable":true,"href":"https:\/\/www.ap-dermaestetik.com\/index.php?rest_route=%2Fwp%2Fv2%2Fproduct_tag&post=1120"}],"curies":[{"name":"wp","href":"https:\/\/api.w.org\/{rel}","templated":true}]}}