{"id":1012,"date":"2022-01-25T11:27:02","date_gmt":"2022-01-25T11:27:02","guid":{"rendered":"https:\/\/www.ap-dermaestetik.com\/?post_type=product&#038;p=1012"},"modified":"2022-04-11T19:26:46","modified_gmt":"2022-04-11T19:26:46","slug":"1012","status":"publish","type":"product","link":"https:\/\/www.ap-dermaestetik.com\/?product=1012","title":{"rendered":"LIA C 6\u00ae  24 HOUR CREAM"},"content":{"rendered":"<p><strong>LASTNOSTI<br \/>\n<\/strong><\/p>\n<p class=\"p1\">LIA C 6\u00ae 24 HOUR CREAM je lahka, a u\u010dinkovita dnevna krema, ki poskrbi za vzpostavitev optimalne za\u0161\u010dite ko\u017ee, saj ko\u017eo temeljito za\u0161\u010diti pred zunanjimi vplivi, jo skrbno neguje in poskrbi, da ohranja mladosten videz.<br \/>\nLIA C 6\u00ae 24 HOUR CREAM je primerna za mlado, mastno, me\u0161ano in normalno ko\u017eo.<\/p>\n<ul class=\"ul1\">\n<li class=\"li1\">Skoraj 100-odstotna za\u0161\u010dita pred staranjem ko\u017ee zaradi vpliva svetlobe (visoka UVA za\u0161\u010dita s pomo\u010djo treh razli\u010dnih UVA filtrov vpetih v LMS kremno osnovo ter HDBM \u2013 &#8220;pametnega&#8221; lovilca prostih radikalov).<\/li>\n<li class=\"li1\">UVB SPF 6 (85-odstotna) za\u0161\u010dita, ki zadostuje za normalno dnevno izpostavljanje dnevni svetlobi, a hkrati omogo\u010da pomembno nastajanje vitamina D v ko\u017ei.<\/li>\n<li class=\"li1\">Kremna osnova brez emulgatorjev \u0161\u010diti in obnavlja naravno lipidno bariero poro\u017eenele plasti ko\u017ee.<\/li>\n<li class=\"li1\">Zahvaljujo\u010d LMS kremni osnovi, ki ne vsebuje emulgatorjev, filtri ostanejo v poro\u017eeneli plasti povrhnjice in ne prodirajo globje v ko\u017eo.<\/li>\n<li class=\"li1\">Z uporabo vseh na\u0161ih krem za LIA za\u0161\u010dito, se bo ko\u017ea starala le \u0161e s polovi\u010dno hitrostjo.<\/li>\n<li class=\"li1\">Brez konzervansov (primerna tudi za tiste, ki so nanje ob\u010dutljivi).<\/li>\n<\/ul>\n<p><strong>UPORABA<br \/>\n<\/strong><\/p>\n<p class=\"p1\">LIA C 6\u00ae 24 HOUR CREAM nanesite na \u010dist in suh obraz (tudi na vrat in dekolte). Za optimalno nego in ve\u010dji u\u010dinek nanesite pred nanosom kreme izbrani hialuronski gel HYA 4 ali enega od serumov.<br \/>\nKrema je primerna za normalno, zlasti pa mastno in me\u0161ano ko\u017eo.<\/p>\n<p class=\"p1\">O optimalni izbiri primerne kreme za va\u0161 tip ko\u017ee se posvetujte s \u0161olanim strokovnjakom.<\/p>\n<p><strong>SESTAVINE<br \/>\n<\/strong><\/p>\n<p class=\"p1\">AQUA, GLYCERIN, OCTOCRYLENE, C12-15 ALKYL BENZOATE, BUTYL METHOXYDIBENZOYLMETHANE, DIETHYLAMINO HYDROXYBENZOYL HEXYL BENZOATE, PENTYLENE GLYCOL, PROPANEDIOL, PROPYLHEPTYL CAPRYLATE, LIMNANTHES ALBA SEED OIL, BIS-ETHYLHEXYL HYDROXYDIMETHOXY BENZYLMALONATE, TOCOPHERYL ACETATE, 1,2-HEXANEDIOL, CAPRYLIC\/CAPRIC TRIGLYCERIDE, HYDROGENATED PHOSPHATIDYLCHOLINE, PARFUM, BUTYROSPERMUM PARKII BUTTER, ACRYLATES\/VINYL ISODECANOATE CROSSPOLYMER, HYDROXYETHYLCELLULOSE, SODIUM ACRYLATE\/SODIUM ACRYLOYLDIMETHYL TAURATE COPOLYMER, SQUALANE, CAPRYLHYDROXAMIC ACID, LINALOOL, LIMONENE, CITRONELLOL, CERAMIDE NP, GERANIOL<\/p>\n","protected":false},"excerpt":{"rendered":"<p class=\"p1\">Kremi LIA C 6\u00ae 24 HOUR CREAM je lahka a u\u010dinkovita dnevna krema, ki poskrbi za vzpostavitev optimalne za\u0161\u010dite ko\u017ee, saj ko\u017eo temeljito za\u0161\u010diti pred zunanjimi vplivi, jo skrbno neguje in poskrbi, da ohranja mladosten videz.<\/p>\n<p class=\"p1\">Ta krema vsebuje tudi LIA za\u0161\u010dito (skoraj 100% UVA za\u0161\u010dita, 84% UVB za\u0161\u010dita ter HDBM \u2013 pametni lovilec prostih radikalov).<\/p>\n<p class=\"p1\">LIA C 6\u00ae 24 HOUR CREAM je primerna za mlado, mastno, me\u0161ano ko\u017eo in normalno ko\u017eo.<\/p>\n","protected":false},"featured_media":1013,"comment_status":"closed","ping_status":"closed","template":"","meta":{"site-sidebar-layout":"default","site-content-layout":"default","ast-site-content-layout":"default","site-content-style":"default","site-sidebar-style":"default","ast-global-header-display":"","ast-banner-title-visibility":"","ast-main-header-display":"","ast-hfb-above-header-display":"","ast-hfb-below-header-display":"","ast-hfb-mobile-header-display":"","site-post-title":"","ast-breadcrumbs-content":"","ast-featured-img":"","footer-sml-layout":"","theme-transparent-header-meta":"default","adv-header-id-meta":"","stick-header-meta":"","header-above-stick-meta":"","header-main-stick-meta":"","header-below-stick-meta":"","astra-migrate-meta-layouts":"default","ast-page-background-enabled":"default","ast-page-background-meta":{"desktop":{"background-color":"var(--ast-global-color-4)","background-image":"","background-repeat":"repeat","background-position":"center center","background-size":"auto","background-attachment":"scroll","background-type":"","background-media":"","overlay-type":"","overlay-color":"","overlay-opacity":"","overlay-gradient":""},"tablet":{"background-color":"","background-image":"","background-repeat":"repeat","background-position":"center center","background-size":"auto","background-attachment":"scroll","background-type":"","background-media":"","overlay-type":"","overlay-color":"","overlay-opacity":"","overlay-gradient":""},"mobile":{"background-color":"","background-image":"","background-repeat":"repeat","background-position":"center center","background-size":"auto","background-attachment":"scroll","background-type":"","background-media":"","overlay-type":"","overlay-color":"","overlay-opacity":"","overlay-gradient":""}},"ast-content-background-meta":{"desktop":{"background-color":"var(--ast-global-color-5)","background-image":"","background-repeat":"repeat","background-position":"center center","background-size":"auto","background-attachment":"scroll","background-type":"","background-media":"","overlay-type":"","overlay-color":"","overlay-opacity":"","overlay-gradient":""},"tablet":{"background-color":"var(--ast-global-color-5)","background-image":"","background-repeat":"repeat","background-position":"center center","background-size":"auto","background-attachment":"scroll","background-type":"","background-media":"","overlay-type":"","overlay-color":"","overlay-opacity":"","overlay-gradient":""},"mobile":{"background-color":"var(--ast-global-color-5)","background-image":"","background-repeat":"repeat","background-position":"center center","background-size":"auto","background-attachment":"scroll","background-type":"","background-media":"","overlay-type":"","overlay-color":"","overlay-opacity":"","overlay-gradient":""}}},"product_brand":[],"product_cat":[16],"product_tag":[],"class_list":{"0":"post-1012","1":"product","2":"type-product","3":"status-publish","4":"has-post-thumbnail","6":"product_cat-uncategorized","7":"pa_pakiranje-15ml","8":"pa_pakiranje-30ml","9":"pa_pakiranje-50ml","10":"desktop-align-left","11":"tablet-align-left","12":"mobile-align-left","14":"first","15":"instock","16":"featured","17":"taxable","18":"shipping-taxable","19":"purchasable","20":"product-type-variable","21":"has-default-attributes"},"jetpack_sharing_enabled":true,"_links":{"self":[{"href":"https:\/\/www.ap-dermaestetik.com\/index.php?rest_route=\/wp\/v2\/product\/1012","targetHints":{"allow":["GET"]}}],"collection":[{"href":"https:\/\/www.ap-dermaestetik.com\/index.php?rest_route=\/wp\/v2\/product"}],"about":[{"href":"https:\/\/www.ap-dermaestetik.com\/index.php?rest_route=\/wp\/v2\/types\/product"}],"replies":[{"embeddable":true,"href":"https:\/\/www.ap-dermaestetik.com\/index.php?rest_route=%2Fwp%2Fv2%2Fcomments&post=1012"}],"wp:featuredmedia":[{"embeddable":true,"href":"https:\/\/www.ap-dermaestetik.com\/index.php?rest_route=\/wp\/v2\/media\/1013"}],"wp:attachment":[{"href":"https:\/\/www.ap-dermaestetik.com\/index.php?rest_route=%2Fwp%2Fv2%2Fmedia&parent=1012"}],"wp:term":[{"taxonomy":"product_brand","embeddable":true,"href":"https:\/\/www.ap-dermaestetik.com\/index.php?rest_route=%2Fwp%2Fv2%2Fproduct_brand&post=1012"},{"taxonomy":"product_cat","embeddable":true,"href":"https:\/\/www.ap-dermaestetik.com\/index.php?rest_route=%2Fwp%2Fv2%2Fproduct_cat&post=1012"},{"taxonomy":"product_tag","embeddable":true,"href":"https:\/\/www.ap-dermaestetik.com\/index.php?rest_route=%2Fwp%2Fv2%2Fproduct_tag&post=1012"}],"curies":[{"name":"wp","href":"https:\/\/api.w.org\/{rel}","templated":true}]}}