{"id":1010,"date":"2022-01-25T11:21:19","date_gmt":"2022-01-25T11:21:19","guid":{"rendered":"https:\/\/www.ap-dermaestetik.com\/?post_type=product&#038;p=1010"},"modified":"2022-04-11T19:21:21","modified_gmt":"2022-04-11T19:21:21","slug":"lia-c-6-day-cream-young-15ml","status":"publish","type":"product","link":"https:\/\/www.ap-dermaestetik.com\/?product=lia-c-6-day-cream-young-15ml","title":{"rendered":"LIA C 6\u00ae  DAY CREAM YOUNG"},"content":{"rendered":"<p><strong>LASTNOSTI<br \/>\n<\/strong><\/p>\n<p class=\"p1\">LIA C 6\u00ae DAY CREAM YOUNG je lahka dnevna krema, ki ko\u017eo temeljito za\u0161\u010diti pred zunanjimi vplivi, jo skrbno neguje in poskrbi, da ohranja mladosten videz.<\/p>\n<ul class=\"ul1\">\n<li class=\"li1\">Skoraj 100-odstotna za\u0161\u010dita pred staranjem ko\u017ee zaradi vpliva svetlobe (visoka UVA za\u0161\u010dita s pomo\u010djo treh razli\u010dnih UVA filtrov vpetih v LMS kremno osnovo ter HDBM \u2013 &#8220;pametnega&#8221; lovilca prostih radikalov).<\/li>\n<li class=\"li1\">UVB SPF 6 (85-odstotna) za\u0161\u010dita, ki zadostuje za normalno dnevno izpostavljanje dnevni svetlobi, a hkrati omogo\u010da pomembno nastajanje vitamina D v ko\u017ei.<\/li>\n<li class=\"li1\">Kremna osnova brez emulgatorjev \u0161\u010diti in obnavlja naravno lipidno bariero poro\u017eenele plasti ko\u017ee.<\/li>\n<li class=\"li1\">Zahvaljujo\u010d LMS kremni osnovi, ki ne vsebuje emulgatorjev, filtri ostanejo v poro\u017eeneli plasti povrhnjice in ne prodirajo globje v ko\u017eo.<\/li>\n<li class=\"li1\">Z uporabo vseh na\u0161ih krem za LIA za\u0161\u010dito, se bo ko\u017ea starala le \u0161e s polovi\u010dno hitrostjo.<\/li>\n<li class=\"li1\">Brez konzervansov (primerna tudi za tiste, ki so nanje ob\u010dutljivi).<\/li>\n<\/ul>\n<p><strong>UPORABA<br \/>\n<\/strong><\/p>\n<p class=\"p1\">Na \u010dist in suh obraz nanesite LIA C 6\u00ae DAY CREAM YOUNG. Za optimalno nego in ve\u010dji u\u010dinek nanesite pred nanosom kreme izbrani hialuronski gel HYA 4 (npr. HYA 4 AKNEX) ali enega od serumov (npr. CLEAR FACE ROLLER).<br \/>\nKrema LIA C 6\u00ae DAY CREAM YOUNG je primerna za mlado, mastno, me\u0161ano ko\u017eo in normalno ko\u017eo. O optimalni izbiri primerne kreme za va\u0161 tip ko\u017ee se posvetujte s \u0161olanim strokovnjakom.<\/p>\n<p><strong>SESTAVINE<br \/>\n<\/strong><\/p>\n<p class=\"p1\">AQUA, GLYCERIN, OCTOCRYLENE, C12-15 ALKYL BENZOATE, PROPYLHEPTYL CAPRYLATE, LIMNANTHES ALBA SEED OIL, BUTYL METHOXYDIBENZOYLMETHANE, DIETHYLAMINO HYDROXYBENZOYL HEXYL BENZOATE, PENTYLENE GLYCOL, PROPANEDIOL, BIS-ETHYLHEXYL HYDROXYDIMETHOXY BENZYLMALONATE, TOCOPHERYL ACETATE, 1,2-HEXANEDIOL, CAPRYLIC\/CAPRIC TRIGLYCERIDE, HYDROGENATED PHOSPHATIDYLCHOLINE, PARFUM, BUTYROSPERMUM PARKII BUTTER, HYDROXYETHYLCELLULOSE, ACRYLATES\/VINYL ISODECANOATE CROSSPOLYMER, SODIUM ACRYLATE\/SODIUM ACRYLOYLDIMETHYL TAURATE COPOLYMER, SQUALANE, CAPRYLHYDROXAMIC ACID, XANTHAN GUM, LINALOOL, LIMONENE, CITRONELLOL, CERAMIDE NP, GERANIOL<\/p>\n","protected":false},"excerpt":{"rendered":"<p class=\"p1\">Krema LIA C 6\u00ae DAY CREAM YOUNG je lahka dnevna krema, ki ko\u017eo temeljito za\u0161\u010diti pred zunanjimi vplivi, jo skrbno neguje in poskrbi, da ohranja mladosten videz.<\/p>\n<p class=\"p1\">Ta krema za mlado ko\u017eo vsebuje skoraj 100-odstotno za\u0161\u010dito pred staranjem ko\u017ee zaradi vpliva svetlobe (UVA za\u0161\u010dita, 84% UVB za\u0161\u010dita ter HDBM \u2013 pametni lovilec prostih radikalov).<\/p>\n","protected":false},"featured_media":1011,"comment_status":"closed","ping_status":"closed","template":"","meta":{"site-sidebar-layout":"default","site-content-layout":"default","ast-site-content-layout":"default","site-content-style":"default","site-sidebar-style":"default","ast-global-header-display":"","ast-banner-title-visibility":"","ast-main-header-display":"","ast-hfb-above-header-display":"","ast-hfb-below-header-display":"","ast-hfb-mobile-header-display":"","site-post-title":"","ast-breadcrumbs-content":"","ast-featured-img":"","footer-sml-layout":"","theme-transparent-header-meta":"default","adv-header-id-meta":"","stick-header-meta":"","header-above-stick-meta":"","header-main-stick-meta":"","header-below-stick-meta":"","astra-migrate-meta-layouts":"default","ast-page-background-enabled":"default","ast-page-background-meta":{"desktop":{"background-color":"var(--ast-global-color-4)","background-image":"","background-repeat":"repeat","background-position":"center center","background-size":"auto","background-attachment":"scroll","background-type":"","background-media":"","overlay-type":"","overlay-color":"","overlay-opacity":"","overlay-gradient":""},"tablet":{"background-color":"","background-image":"","background-repeat":"repeat","background-position":"center center","background-size":"auto","background-attachment":"scroll","background-type":"","background-media":"","overlay-type":"","overlay-color":"","overlay-opacity":"","overlay-gradient":""},"mobile":{"background-color":"","background-image":"","background-repeat":"repeat","background-position":"center center","background-size":"auto","background-attachment":"scroll","background-type":"","background-media":"","overlay-type":"","overlay-color":"","overlay-opacity":"","overlay-gradient":""}},"ast-content-background-meta":{"desktop":{"background-color":"var(--ast-global-color-5)","background-image":"","background-repeat":"repeat","background-position":"center center","background-size":"auto","background-attachment":"scroll","background-type":"","background-media":"","overlay-type":"","overlay-color":"","overlay-opacity":"","overlay-gradient":""},"tablet":{"background-color":"var(--ast-global-color-5)","background-image":"","background-repeat":"repeat","background-position":"center center","background-size":"auto","background-attachment":"scroll","background-type":"","background-media":"","overlay-type":"","overlay-color":"","overlay-opacity":"","overlay-gradient":""},"mobile":{"background-color":"var(--ast-global-color-5)","background-image":"","background-repeat":"repeat","background-position":"center center","background-size":"auto","background-attachment":"scroll","background-type":"","background-media":"","overlay-type":"","overlay-color":"","overlay-opacity":"","overlay-gradient":""}}},"product_brand":[],"product_cat":[16],"product_tag":[],"class_list":{"0":"post-1010","1":"product","2":"type-product","3":"status-publish","4":"has-post-thumbnail","6":"product_cat-uncategorized","7":"desktop-align-left","8":"tablet-align-left","9":"mobile-align-left","11":"first","12":"instock","13":"taxable","14":"shipping-taxable","15":"purchasable","16":"product-type-simple"},"jetpack_sharing_enabled":true,"_links":{"self":[{"href":"https:\/\/www.ap-dermaestetik.com\/index.php?rest_route=\/wp\/v2\/product\/1010","targetHints":{"allow":["GET"]}}],"collection":[{"href":"https:\/\/www.ap-dermaestetik.com\/index.php?rest_route=\/wp\/v2\/product"}],"about":[{"href":"https:\/\/www.ap-dermaestetik.com\/index.php?rest_route=\/wp\/v2\/types\/product"}],"replies":[{"embeddable":true,"href":"https:\/\/www.ap-dermaestetik.com\/index.php?rest_route=%2Fwp%2Fv2%2Fcomments&post=1010"}],"wp:featuredmedia":[{"embeddable":true,"href":"https:\/\/www.ap-dermaestetik.com\/index.php?rest_route=\/wp\/v2\/media\/1011"}],"wp:attachment":[{"href":"https:\/\/www.ap-dermaestetik.com\/index.php?rest_route=%2Fwp%2Fv2%2Fmedia&parent=1010"}],"wp:term":[{"taxonomy":"product_brand","embeddable":true,"href":"https:\/\/www.ap-dermaestetik.com\/index.php?rest_route=%2Fwp%2Fv2%2Fproduct_brand&post=1010"},{"taxonomy":"product_cat","embeddable":true,"href":"https:\/\/www.ap-dermaestetik.com\/index.php?rest_route=%2Fwp%2Fv2%2Fproduct_cat&post=1010"},{"taxonomy":"product_tag","embeddable":true,"href":"https:\/\/www.ap-dermaestetik.com\/index.php?rest_route=%2Fwp%2Fv2%2Fproduct_tag&post=1010"}],"curies":[{"name":"wp","href":"https:\/\/api.w.org\/{rel}","templated":true}]}}