{"id":3565,"date":"2022-11-14T13:50:24","date_gmt":"2022-11-14T12:50:24","guid":{"rendered":"https:\/\/www.ap-dermaestetik.com\/?page_id=3565"},"modified":"2022-11-15T12:19:42","modified_gmt":"2022-11-15T11:19:42","slug":"nega-telesa","status":"publish","type":"page","link":"https:\/\/www.ap-dermaestetik.com\/?page_id=3565","title":{"rendered":"Nega telesa"},"content":{"rendered":"<style>.elementor-3565 .elementor-element.elementor-element-68eb704b:not(.elementor-motion-effects-element-type-background), .elementor-3565 .elementor-element.elementor-element-68eb704b > .elementor-motion-effects-container > .elementor-motion-effects-layer{background-image:url(\"https:\/\/www.ap-dermaestetik.com\/wp-content\/uploads\/2022\/01\/young-woman-wearing-pantyhose-scaled.jpg\");background-position:center right;background-size:cover;}.elementor-3565 .elementor-element.elementor-element-68eb704b > .elementor-background-overlay{background-color:var( --e-global-color-3016ee9 );opacity:0.2;transition:background 0.3s, border-radius 0.3s, opacity 0.3s;}.elementor-3565 .elementor-element.elementor-element-68eb704b > .elementor-container{max-width:1200px;}.elementor-3565 .elementor-element.elementor-element-68eb704b{transition:background 0.3s, border 0.3s, border-radius 0.3s, box-shadow 0.3s;padding:14% 0% 14% 0%;}.elementor-3565 .elementor-element.elementor-element-5eba31d5 > .elementor-widget-container{margin:0px 0px 0px 0px;}.elementor-3565 .elementor-element.elementor-element-5eba31d5{text-align:center;}.elementor-3565 .elementor-element.elementor-element-5eba31d5 .elementor-heading-title{font-family:var( --e-global-typography-primary-font-family ), Sans-serif;font-weight:var( --e-global-typography-primary-font-weight );color:#FFFFFF;}.elementor-3565 .elementor-element.elementor-element-411fcaab{--spacer-size:50px;}.elementor-3565 .elementor-element.elementor-element-53a8067d{text-align:center;}.elementor-3565 .elementor-element.elementor-element-53a8067d .elementor-heading-title{font-family:\"Helvetica\", Sans-serif;font-size:30px;font-weight:600;line-height:2em;letter-spacing:5.9px;}.elementor-3565 .elementor-element.elementor-element-25b57268{--spacer-size:50px;}.elementor-3565 .elementor-element.elementor-element-3875bd49 .elementor-cta .elementor-cta__bg, .elementor-3565 .elementor-element.elementor-element-3875bd49 .elementor-cta .elementor-cta__bg-overlay{transition-duration:1500ms;}.elementor-3565 .elementor-element.elementor-element-3875bd49 .elementor-cta__content{text-align:center;}.elementor-3565 .elementor-element.elementor-element-3875bd49 .elementor-cta__title{font-family:\"Helvetica\", Sans-serif;font-size:15px;font-weight:600;line-height:2.2em;color:#000000;}.elementor-3565 .elementor-element.elementor-element-3875bd49 .elementor-cta__description{font-size:14px;line-height:1.7em;color:#000000;}.elementor-3565 .elementor-element.elementor-element-3875bd49 .elementor-cta__button{color:#FFFFFF;background-color:var( --e-global-color-27db47a );border-color:#02010100;}.elementor-3565 .elementor-element.elementor-element-3875bd49 .elementor-cta__button:hover{background-color:var( --e-global-color-a900724 );}.elementor-3565 .elementor-element.elementor-element-1b1618c0 .elementor-cta .elementor-cta__bg, .elementor-3565 .elementor-element.elementor-element-1b1618c0 .elementor-cta .elementor-cta__bg-overlay{transition-duration:1500ms;}.elementor-3565 .elementor-element.elementor-element-1b1618c0 .elementor-cta__content{text-align:center;}.elementor-3565 .elementor-element.elementor-element-1b1618c0 .elementor-cta__title{font-family:\"Helvetica\", Sans-serif;font-size:15px;font-weight:600;line-height:2.2em;color:#000000;}.elementor-3565 .elementor-element.elementor-element-1b1618c0 .elementor-cta__description{font-size:14px;line-height:1.7em;color:#000000;}.elementor-3565 .elementor-element.elementor-element-1b1618c0 .elementor-cta__button{color:#FFFFFF;background-color:var( --e-global-color-27db47a );border-color:#02010100;}.elementor-3565 .elementor-element.elementor-element-1b1618c0 .elementor-cta__button:hover{background-color:var( --e-global-color-a900724 );}.elementor-3565 .elementor-element.elementor-element-143b1eaa .elementor-cta .elementor-cta__bg, .elementor-3565 .elementor-element.elementor-element-143b1eaa .elementor-cta .elementor-cta__bg-overlay{transition-duration:1500ms;}.elementor-3565 .elementor-element.elementor-element-143b1eaa .elementor-cta__content{text-align:center;}.elementor-3565 .elementor-element.elementor-element-143b1eaa .elementor-cta__title{font-family:\"Helvetica\", Sans-serif;font-size:15px;font-weight:600;line-height:2.2em;color:#000000;}.elementor-3565 .elementor-element.elementor-element-143b1eaa .elementor-cta__description{font-size:14px;line-height:1.7em;color:#000000;}.elementor-3565 .elementor-element.elementor-element-143b1eaa .elementor-cta__button{color:#FFFFFF;background-color:var( --e-global-color-27db47a );border-color:#02010100;}.elementor-3565 .elementor-element.elementor-element-143b1eaa .elementor-cta__button:hover{background-color:var( --e-global-color-a900724 );}.elementor-3565 .elementor-element.elementor-element-36358e5b{--spacer-size:99px;}.elementor-3565 .elementor-element.elementor-element-37e3cd71{--spacer-size:193px;}@media(max-width:1024px){.elementor-3565 .elementor-element.elementor-element-68eb704b:not(.elementor-motion-effects-element-type-background), .elementor-3565 .elementor-element.elementor-element-68eb704b > .elementor-motion-effects-container > .elementor-motion-effects-layer{background-position:center center;}.elementor-3565 .elementor-element.elementor-element-68eb704b{padding:140px 0px 70px 0px;}}@media(max-width:767px){.elementor-3565 .elementor-element.elementor-element-68eb704b:not(.elementor-motion-effects-element-type-background), .elementor-3565 .elementor-element.elementor-element-68eb704b > .elementor-motion-effects-container > .elementor-motion-effects-layer{background-position:center center;}.elementor-3565 .elementor-element.elementor-element-68eb704b{padding:120px 0px 70px 0px;}.elementor-3565 .elementor-element.elementor-element-411fcaab{--spacer-size:10px;}.elementor-3565 .elementor-element.elementor-element-53a8067d .elementor-heading-title{font-size:23px;}.elementor-3565 .elementor-element.elementor-element-3875bd49 .elementor-cta__description{font-size:15px;}.elementor-3565 .elementor-element.elementor-element-1b1618c0 .elementor-cta__description{font-size:15px;}.elementor-3565 .elementor-element.elementor-element-143b1eaa .elementor-cta__description{font-size:15px;}.elementor-3565 .elementor-element.elementor-element-36358e5b{--spacer-size:10px;}}<\/style>\t\t<div data-elementor-type=\"wp-page\" data-elementor-id=\"3565\" class=\"elementor elementor-3565\" data-elementor-post-type=\"page\">\n\t\t\t\t\t\t<section class=\"has_eae_slider elementor-section elementor-top-section elementor-element elementor-element-68eb704b elementor-section-boxed elementor-section-height-default elementor-section-height-default\" data-eae-slider=\"52882\" data-id=\"68eb704b\" data-element_type=\"section\" data-settings=\"{&quot;background_background&quot;:&quot;classic&quot;}\">\n\t\t\t\t\t\t\t<div class=\"elementor-background-overlay\"><\/div>\n\t\t\t\t\t\t\t<div class=\"elementor-container elementor-column-gap-default\">\n\t\t\t\t\t<div class=\"has_eae_slider elementor-column elementor-col-100 elementor-top-column elementor-element elementor-element-44b17ea1\" data-eae-slider=\"178\" data-id=\"44b17ea1\" data-element_type=\"column\">\n\t\t\t<div class=\"elementor-widget-wrap elementor-element-populated\">\n\t\t\t\t\t\t<div class=\"elementor-element elementor-element-5eba31d5 elementor-invisible elementor-widget elementor-widget-heading\" data-id=\"5eba31d5\" data-element_type=\"widget\" data-settings=\"{&quot;_animation&quot;:&quot;fadeIn&quot;}\" data-widget_type=\"heading.default\">\n\t\t\t\t<div class=\"elementor-widget-container\">\n\t\t\t\t\t<h2 class=\"elementor-heading-title elementor-size-default\">Nega telesa<\/h2>\t\t\t\t<\/div>\n\t\t\t\t<\/div>\n\t\t\t\t\t<\/div>\n\t\t<\/div>\n\t\t\t\t\t<\/div>\n\t\t<\/section>\n\t\t\t\t<section class=\"has_eae_slider elementor-section elementor-top-section elementor-element elementor-element-52a927fc elementor-section-boxed elementor-section-height-default elementor-section-height-default\" data-eae-slider=\"39073\" data-id=\"52a927fc\" data-element_type=\"section\">\n\t\t\t\t\t\t<div class=\"elementor-container elementor-column-gap-default\">\n\t\t\t\t\t<div class=\"has_eae_slider elementor-column elementor-col-100 elementor-top-column elementor-element elementor-element-6e4a8c37\" data-eae-slider=\"29851\" data-id=\"6e4a8c37\" data-element_type=\"column\">\n\t\t\t<div class=\"elementor-widget-wrap elementor-element-populated\">\n\t\t\t\t\t\t<div class=\"elementor-element elementor-element-411fcaab elementor-widget elementor-widget-spacer\" data-id=\"411fcaab\" data-element_type=\"widget\" data-widget_type=\"spacer.default\">\n\t\t\t\t<div class=\"elementor-widget-container\">\n\t\t\t\t\t\t\t<div class=\"elementor-spacer\">\n\t\t\t<div class=\"elementor-spacer-inner\"><\/div>\n\t\t<\/div>\n\t\t\t\t\t\t<\/div>\n\t\t\t\t<\/div>\n\t\t\t\t<div class=\"elementor-element elementor-element-53a8067d elementor-widget elementor-widget-heading\" data-id=\"53a8067d\" data-element_type=\"widget\" data-widget_type=\"heading.default\">\n\t\t\t\t<div class=\"elementor-widget-container\">\n\t\t\t\t\t<h2 class=\"elementor-heading-title elementor-size-default\">NA\u0160E STORITVE<\/h2>\t\t\t\t<\/div>\n\t\t\t\t<\/div>\n\t\t\t\t\t<\/div>\n\t\t<\/div>\n\t\t\t\t\t<\/div>\n\t\t<\/section>\n\t\t\t\t<section class=\"has_eae_slider elementor-section elementor-top-section elementor-element elementor-element-2316733d elementor-section-boxed elementor-section-height-default elementor-section-height-default\" data-eae-slider=\"39071\" data-id=\"2316733d\" data-element_type=\"section\">\n\t\t\t\t\t\t<div class=\"elementor-container elementor-column-gap-default\">\n\t\t\t\t\t<div class=\"has_eae_slider elementor-column elementor-col-100 elementor-top-column elementor-element elementor-element-734c6033\" data-eae-slider=\"10631\" data-id=\"734c6033\" data-element_type=\"column\">\n\t\t\t<div class=\"elementor-widget-wrap elementor-element-populated\">\n\t\t\t\t\t\t<div class=\"elementor-element elementor-element-25b57268 elementor-widget elementor-widget-spacer\" data-id=\"25b57268\" data-element_type=\"widget\" data-widget_type=\"spacer.default\">\n\t\t\t\t<div class=\"elementor-widget-container\">\n\t\t\t\t\t\t\t<div class=\"elementor-spacer\">\n\t\t\t<div class=\"elementor-spacer-inner\"><\/div>\n\t\t<\/div>\n\t\t\t\t\t\t<\/div>\n\t\t\t\t<\/div>\n\t\t\t\t\t<\/div>\n\t\t<\/div>\n\t\t\t\t\t<\/div>\n\t\t<\/section>\n\t\t\t\t<section class=\"has_eae_slider elementor-section elementor-top-section elementor-element elementor-element-28318785 elementor-section-full_width elementor-section-height-default elementor-section-height-default\" data-eae-slider=\"58286\" data-id=\"28318785\" data-element_type=\"section\">\n\t\t\t\t\t\t<div class=\"elementor-container elementor-column-gap-default\">\n\t\t\t\t\t<div class=\"has_eae_slider elementor-column elementor-col-20 elementor-top-column elementor-element elementor-element-5e5e2b18\" data-eae-slider=\"65944\" data-id=\"5e5e2b18\" data-element_type=\"column\">\n\t\t\t<div class=\"elementor-widget-wrap\">\n\t\t\t\t\t\t\t<\/div>\n\t\t<\/div>\n\t\t\t\t<div class=\"has_eae_slider elementor-column elementor-col-20 elementor-top-column elementor-element elementor-element-6e427b3e\" data-eae-slider=\"78394\" data-id=\"6e427b3e\" data-element_type=\"column\">\n\t\t\t<div class=\"elementor-widget-wrap elementor-element-populated\">\n\t\t\t\t\t\t<div class=\"elementor-element elementor-element-3875bd49 elementor-cta--skin-classic elementor-animated-content elementor-bg-transform elementor-bg-transform-zoom-in elementor-widget elementor-widget-call-to-action\" data-id=\"3875bd49\" data-element_type=\"widget\" data-widget_type=\"call-to-action.default\">\n\t\t\t\t<div class=\"elementor-widget-container\">\n\t\t\t\t\t\t\t<div class=\"elementor-cta\">\n\t\t\t\t\t<div class=\"elementor-cta__bg-wrapper\">\n\t\t\t\t<div class=\"elementor-cta__bg elementor-bg\" style=\"background-image: url(https:\/\/www.ap-dermaestetik.com\/wp-content\/uploads\/2022\/11\/beautiful-women-feet-isolated-white-close-up-1024x683.jpg);\" role=\"img\" aria-label=\"Beautiful women feet isolated on white close-up\"><\/div>\n\t\t\t\t<div class=\"elementor-cta__bg-overlay\"><\/div>\n\t\t\t<\/div>\n\t\t\t\t\t\t\t<div class=\"elementor-cta__content\">\n\t\t\t\t\n\t\t\t\t\t\t\t\t\t<h2 class=\"elementor-cta__title elementor-cta__content-item elementor-content-item\">\n\t\t\t\t\t\tPEDIKURA\t\t\t\t\t<\/h2>\n\t\t\t\t\n\t\t\t\t\t\t\t\t\t<div class=\"elementor-cta__description elementor-cta__content-item elementor-content-item\">\n\t\t\t\t\t\tPodroben pregled stopal in nohtov,\ndiabeti\u010dno stopalo, kurja o\u010desa, bolezni nohtov, atletska stopala, vra\u0161\u010deni nohti, zadebelitev nohtne plo\u0161\u010de, odstop nohtne plo\u0161\u010de, deformacija,...\t\t\t\t\t<\/div>\n\t\t\t\t\n\t\t\t\t\t\t\t\t\t<div class=\"elementor-cta__button-wrapper elementor-cta__content-item elementor-content-item \">\n\t\t\t\t\t<a class=\"elementor-cta__button elementor-button elementor-size-sm\" href=\"https:\/\/www.ap-dermaestetik.com\/?page_id=3581\">\n\t\t\t\t\t\tPreberi ve\u010d\t\t\t\t\t<\/a>\n\t\t\t\t\t<\/div>\n\t\t\t\t\t\t\t<\/div>\n\t\t\t\t\t\t<\/div>\n\t\t\t\t\t\t<\/div>\n\t\t\t\t<\/div>\n\t\t\t\t\t<\/div>\n\t\t<\/div>\n\t\t\t\t<div class=\"has_eae_slider elementor-column elementor-col-20 elementor-top-column elementor-element elementor-element-39135624\" data-eae-slider=\"78652\" data-id=\"39135624\" data-element_type=\"column\">\n\t\t\t<div class=\"elementor-widget-wrap elementor-element-populated\">\n\t\t\t\t\t\t<div class=\"elementor-element elementor-element-1b1618c0 elementor-cta--skin-classic elementor-animated-content elementor-bg-transform elementor-bg-transform-zoom-in elementor-widget elementor-widget-call-to-action\" data-id=\"1b1618c0\" data-element_type=\"widget\" data-widget_type=\"call-to-action.default\">\n\t\t\t\t<div class=\"elementor-widget-container\">\n\t\t\t\t\t\t\t<div class=\"elementor-cta\">\n\t\t\t\t\t<div class=\"elementor-cta__bg-wrapper\">\n\t\t\t\t<div class=\"elementor-cta__bg elementor-bg\" style=\"background-image: url(https:\/\/www.ap-dermaestetik.com\/wp-content\/uploads\/2022\/11\/young-woman-holding-her-arms-up-showing-clean-underarms-1024x683.jpg);\" role=\"img\" aria-label=\"Armpit epilation, lacer hair removal. Young woman holding her arms up and showing clean underarms, depilation  smooth clear skin .Beauty portrait.\"><\/div>\n\t\t\t\t<div class=\"elementor-cta__bg-overlay\"><\/div>\n\t\t\t<\/div>\n\t\t\t\t\t\t\t<div class=\"elementor-cta__content\">\n\t\t\t\t\n\t\t\t\t\t\t\t\t\t<h2 class=\"elementor-cta__title elementor-cta__content-item elementor-content-item\">\n\t\t\t\t\t\tLASERSKA TERAPIJA\t\t\t\t\t<\/h2>\n\t\t\t\t\n\t\t\t\t\t\t\t\t\t<div class=\"elementor-cta__description elementor-cta__content-item elementor-content-item\">\n\t\t\t\t\t\tOdstranjevanje dlak, pomlajevanje ko\u017ee,\nizbolj\u0161anje aknaste ko\u017ee, odstranjevanje hiperpigmentacij, odstranjevanje glivic\n\t\t\t\t\t<\/div>\n\t\t\t\t\n\t\t\t\t\t\t\t\t\t<div class=\"elementor-cta__button-wrapper elementor-cta__content-item elementor-content-item \">\n\t\t\t\t\t<a class=\"elementor-cta__button elementor-button elementor-size-sm\" href=\"https:\/\/www.ap-dermaestetik.com\/?page_id=3592\">\n\t\t\t\t\t\tPreberi ve\u010d\t\t\t\t\t<\/a>\n\t\t\t\t\t<\/div>\n\t\t\t\t\t\t\t<\/div>\n\t\t\t\t\t\t<\/div>\n\t\t\t\t\t\t<\/div>\n\t\t\t\t<\/div>\n\t\t\t\t\t<\/div>\n\t\t<\/div>\n\t\t\t\t<div class=\"has_eae_slider elementor-column elementor-col-20 elementor-top-column elementor-element elementor-element-501f77e3\" data-eae-slider=\"16926\" data-id=\"501f77e3\" data-element_type=\"column\">\n\t\t\t<div class=\"elementor-widget-wrap elementor-element-populated\">\n\t\t\t\t\t\t<div class=\"elementor-element elementor-element-143b1eaa elementor-cta--skin-classic elementor-animated-content elementor-bg-transform elementor-bg-transform-zoom-in elementor-widget elementor-widget-call-to-action\" data-id=\"143b1eaa\" data-element_type=\"widget\" data-widget_type=\"call-to-action.default\">\n\t\t\t\t<div class=\"elementor-widget-container\">\n\t\t\t\t\t\t\t<div class=\"elementor-cta\">\n\t\t\t\t\t<div class=\"elementor-cta__bg-wrapper\">\n\t\t\t\t<div class=\"elementor-cta__bg elementor-bg\" style=\"background-image: url(https:\/\/www.ap-dermaestetik.com\/wp-content\/uploads\/2022\/11\/young-beautiful-woman-using-body-cream-1024x576.jpg);\" role=\"img\" aria-label=\"young-beautiful-woman-using-body-cream\"><\/div>\n\t\t\t\t<div class=\"elementor-cta__bg-overlay\"><\/div>\n\t\t\t<\/div>\n\t\t\t\t\t\t\t<div class=\"elementor-cta__content\">\n\t\t\t\t\n\t\t\t\t\t\t\t\t\t<h2 class=\"elementor-cta__title elementor-cta__content-item elementor-content-item\">\n\t\t\t\t\t\tDEPILACIJA\t\t\t\t\t<\/h2>\n\t\t\t\t\n\t\t\t\t\t\t\t\t\t<div class=\"elementor-cta__description elementor-cta__content-item elementor-content-item\">\n\t\t\t\t\t\tCir\u00e9pil by Perron Rigot je vodilna blagovna znamka luksuznih voskov, ki jih uporabljajo \u0161tevilni lepotni\nstrokovnjaki v kozmeti\u010dnih salonih po vsem svetu.\t\t\t\t\t<\/div>\n\t\t\t\t\n\t\t\t\t\t\t\t\t\t<div class=\"elementor-cta__button-wrapper elementor-cta__content-item elementor-content-item \">\n\t\t\t\t\t<a class=\"elementor-cta__button elementor-button elementor-size-sm\" href=\"https:\/\/www.ap-dermaestetik.com\/?page_id=3609\">\n\t\t\t\t\t\tPreberi ve\u010d \t\t\t\t\t<\/a>\n\t\t\t\t\t<\/div>\n\t\t\t\t\t\t\t<\/div>\n\t\t\t\t\t\t<\/div>\n\t\t\t\t\t\t<\/div>\n\t\t\t\t<\/div>\n\t\t\t\t\t<\/div>\n\t\t<\/div>\n\t\t\t\t<div class=\"has_eae_slider elementor-column elementor-col-20 elementor-top-column elementor-element elementor-element-3fe059f6\" data-eae-slider=\"959\" data-id=\"3fe059f6\" data-element_type=\"column\">\n\t\t\t<div class=\"elementor-widget-wrap\">\n\t\t\t\t\t\t\t<\/div>\n\t\t<\/div>\n\t\t\t\t\t<\/div>\n\t\t<\/section>\n\t\t\t\t<section class=\"has_eae_slider elementor-section elementor-top-section elementor-element elementor-element-754b64d7 elementor-section-boxed elementor-section-height-default elementor-section-height-default\" data-eae-slider=\"40509\" data-id=\"754b64d7\" data-element_type=\"section\">\n\t\t\t\t\t\t<div class=\"elementor-container elementor-column-gap-default\">\n\t\t\t\t\t<div class=\"has_eae_slider elementor-column elementor-col-100 elementor-top-column elementor-element elementor-element-71facb3a\" data-eae-slider=\"76158\" data-id=\"71facb3a\" data-element_type=\"column\">\n\t\t\t<div class=\"elementor-widget-wrap elementor-element-populated\">\n\t\t\t\t\t\t<div class=\"elementor-element elementor-element-36358e5b elementor-widget elementor-widget-spacer\" data-id=\"36358e5b\" data-element_type=\"widget\" data-widget_type=\"spacer.default\">\n\t\t\t\t<div class=\"elementor-widget-container\">\n\t\t\t\t\t\t\t<div class=\"elementor-spacer\">\n\t\t\t<div class=\"elementor-spacer-inner\"><\/div>\n\t\t<\/div>\n\t\t\t\t\t\t<\/div>\n\t\t\t\t<\/div>\n\t\t\t\t\t<\/div>\n\t\t<\/div>\n\t\t\t\t\t<\/div>\n\t\t<\/section>\n\t\t\t\t<section class=\"has_eae_slider elementor-section elementor-top-section elementor-element elementor-element-2fbdfdba elementor-section-boxed elementor-section-height-default elementor-section-height-default\" data-eae-slider=\"1839\" data-id=\"2fbdfdba\" data-element_type=\"section\">\n\t\t\t\t\t\t<div class=\"elementor-container elementor-column-gap-default\">\n\t\t\t\t\t<div class=\"has_eae_slider elementor-column elementor-col-100 elementor-top-column elementor-element elementor-element-2936c666\" data-eae-slider=\"36883\" data-id=\"2936c666\" data-element_type=\"column\">\n\t\t\t<div class=\"elementor-widget-wrap elementor-element-populated\">\n\t\t\t\t\t\t<div class=\"elementor-element elementor-element-37e3cd71 elementor-widget elementor-widget-spacer\" data-id=\"37e3cd71\" data-element_type=\"widget\" data-widget_type=\"spacer.default\">\n\t\t\t\t<div class=\"elementor-widget-container\">\n\t\t\t\t\t\t\t<div class=\"elementor-spacer\">\n\t\t\t<div class=\"elementor-spacer-inner\"><\/div>\n\t\t<\/div>\n\t\t\t\t\t\t<\/div>\n\t\t\t\t<\/div>\n\t\t\t\t\t<\/div>\n\t\t<\/div>\n\t\t\t\t\t<\/div>\n\t\t<\/section>\n\t\t\t\t<section class=\"has_eae_slider elementor-section elementor-top-section elementor-element elementor-element-1636f085 elementor-section-boxed elementor-section-height-default elementor-section-height-default\" data-eae-slider=\"62761\" data-id=\"1636f085\" data-element_type=\"section\">\n\t\t\t\t\t\t<div class=\"elementor-container elementor-column-gap-default\">\n\t\t\t\t\t<div class=\"has_eae_slider elementor-column elementor-col-50 elementor-top-column elementor-element elementor-element-139524c1\" data-eae-slider=\"20493\" data-id=\"139524c1\" data-element_type=\"column\">\n\t\t\t<div class=\"elementor-widget-wrap\">\n\t\t\t\t\t\t\t<\/div>\n\t\t<\/div>\n\t\t\t\t<div class=\"has_eae_slider elementor-column elementor-col-50 elementor-top-column elementor-element elementor-element-33c979f0\" data-eae-slider=\"44876\" data-id=\"33c979f0\" data-element_type=\"column\">\n\t\t\t<div class=\"elementor-widget-wrap\">\n\t\t\t\t\t\t\t<\/div>\n\t\t<\/div>\n\t\t\t\t\t<\/div>\n\t\t<\/section>\n\t\t\t\t<\/div>\n\t\t","protected":false},"excerpt":{"rendered":"<p>Nega telesa NA\u0160E STORITVE PEDIKURA Podroben pregled stopal in nohtov, diabeti\u010dno stopalo, kurja o\u010desa, bolezni nohtov, atletska stopala, vra\u0161\u010deni nohti, zadebelitev nohtne plo\u0161\u010de, odstop nohtne plo\u0161\u010de, deformacija,&#8230; Preberi ve\u010d LASERSKA TERAPIJA Odstranjevanje dlak, pomlajevanje ko\u017ee, izbolj\u0161anje aknaste ko\u017ee, odstranjevanje hiperpigmentacij, odstranjevanje glivic Preberi ve\u010d DEPILACIJA Cir\u00e9pil by Perron Rigot je vodilna blagovna znamka luksuznih voskov, [&hellip;]<\/p>\n","protected":false},"author":1,"featured_media":0,"parent":0,"menu_order":0,"comment_status":"closed","ping_status":"closed","template":"","meta":{"site-sidebar-layout":"no-sidebar","site-content-layout":"page-builder","ast-site-content-layout":"default","site-content-style":"default","site-sidebar-style":"default","ast-global-header-display":"","ast-banner-title-visibility":"","ast-main-header-display":"","ast-hfb-above-header-display":"","ast-hfb-below-header-display":"","ast-hfb-mobile-header-display":"","site-post-title":"disabled","ast-breadcrumbs-content":"","ast-featured-img":"disabled","footer-sml-layout":"","theme-transparent-header-meta":"","adv-header-id-meta":"","stick-header-meta":"","header-above-stick-meta":"","header-main-stick-meta":"","header-below-stick-meta":"","astra-migrate-meta-layouts":"default","ast-page-background-enabled":"default","ast-page-background-meta":{"desktop":{"background-color":"var(--ast-global-color-4)","background-image":"","background-repeat":"repeat","background-position":"center center","background-size":"auto","background-attachment":"scroll","background-type":"","background-media":"","overlay-type":"","overlay-color":"","overlay-opacity":"","overlay-gradient":""},"tablet":{"background-color":"","background-image":"","background-repeat":"repeat","background-position":"center center","background-size":"auto","background-attachment":"scroll","background-type":"","background-media":"","overlay-type":"","overlay-color":"","overlay-opacity":"","overlay-gradient":""},"mobile":{"background-color":"","background-image":"","background-repeat":"repeat","background-position":"center center","background-size":"auto","background-attachment":"scroll","background-type":"","background-media":"","overlay-type":"","overlay-color":"","overlay-opacity":"","overlay-gradient":""}},"ast-content-background-meta":{"desktop":{"background-color":"var(--ast-global-color-5)","background-image":"","background-repeat":"repeat","background-position":"center center","background-size":"auto","background-attachment":"scroll","background-type":"","background-media":"","overlay-type":"","overlay-color":"","overlay-opacity":"","overlay-gradient":""},"tablet":{"background-color":"var(--ast-global-color-5)","background-image":"","background-repeat":"repeat","background-position":"center center","background-size":"auto","background-attachment":"scroll","background-type":"","background-media":"","overlay-type":"","overlay-color":"","overlay-opacity":"","overlay-gradient":""},"mobile":{"background-color":"var(--ast-global-color-5)","background-image":"","background-repeat":"repeat","background-position":"center center","background-size":"auto","background-attachment":"scroll","background-type":"","background-media":"","overlay-type":"","overlay-color":"","overlay-opacity":"","overlay-gradient":""}},"footnotes":""},"class_list":["post-3565","page","type-page","status-publish","hentry"],"jetpack_sharing_enabled":true,"_links":{"self":[{"href":"https:\/\/www.ap-dermaestetik.com\/index.php?rest_route=\/wp\/v2\/pages\/3565","targetHints":{"allow":["GET"]}}],"collection":[{"href":"https:\/\/www.ap-dermaestetik.com\/index.php?rest_route=\/wp\/v2\/pages"}],"about":[{"href":"https:\/\/www.ap-dermaestetik.com\/index.php?rest_route=\/wp\/v2\/types\/page"}],"author":[{"embeddable":true,"href":"https:\/\/www.ap-dermaestetik.com\/index.php?rest_route=\/wp\/v2\/users\/1"}],"replies":[{"embeddable":true,"href":"https:\/\/www.ap-dermaestetik.com\/index.php?rest_route=%2Fwp%2Fv2%2Fcomments&post=3565"}],"version-history":[{"count":22,"href":"https:\/\/www.ap-dermaestetik.com\/index.php?rest_route=\/wp\/v2\/pages\/3565\/revisions"}],"predecessor-version":[{"id":3640,"href":"https:\/\/www.ap-dermaestetik.com\/index.php?rest_route=\/wp\/v2\/pages\/3565\/revisions\/3640"}],"wp:attachment":[{"href":"https:\/\/www.ap-dermaestetik.com\/index.php?rest_route=%2Fwp%2Fv2%2Fmedia&parent=3565"}],"curies":[{"name":"wp","href":"https:\/\/api.w.org\/{rel}","templated":true}]}}